{"id":3466,"date":"2020-12-09T12:50:42","date_gmt":"2020-12-09T11:50:42","guid":{"rendered":"http:\/\/cercalavoro.net\/?page_id=3466"},"modified":"2022-10-17T23:40:54","modified_gmt":"2022-10-17T21:40:54","slug":"esb-certificazione-lingua-inglese","status":"publish","type":"page","link":"https:\/\/cercalavoro.net\/?page_id=3466","title":{"rendered":"Corsi Inglese Esb"},"content":{"rendered":"<div class=\"wpb-content-wrapper\"><p>[vc_row][vc_column][vc_btn title=&#8221;CLICCA QUI! SU QUESTO PULSANTE (PER INFORMAZIONI ED ISCRIZIONI )&#8221; style=&#8221;3d&#8221; shape=&#8221;round&#8221; color=&#8221;pink&#8221; link=&#8221;url:https%3A%2F%2Fcercalavoro.net%2F%3Fpage_id%3D3790|title:Contatti&#8221;][vc_column_text]<\/p>\n<h1><strong>SICUR WORK ENGINEERING e&#8217; centro autorizzato ESB c<\/strong>ome sede di Esami per le certificazioni linguistiche riconosciute a livello Internazionale e validi per i concorsi pubblici quali Inps.<\/h1>\n<h3>\nEnte Certificatore Internazionale delle competenze linguistiche per la lingua inglese<br \/>\nEnglish Speaking Board promuove la certificazione delle competenze in lingua inglese a tutti i livelli e per tutte le et\u00e0.<br \/>\nLavora sia con studenti madrelingua che con studenti per i quali l&#8217;inglese non \u00e8 una prima lingua.<br \/>\nLa missione di ESB International \u00e8 quella di promuovere una comunicazione in lingua inglese chiara ed efficace a tutti i livelli, fornendo valutazioni di alta qualit\u00e0 in tutto il mondo, riconoscendo e favorendo il potenziale di tutti.<br \/>\nESB lavora in partnership con molti enti di formazione in UK, Europa e Asia.Tutti gli esami ESB sono svolti nei centri d&#8217;esame autorizzati. Gli esaminatori professionali sanno offrire in fase di esame sostegno in un ambiente familiare e accogliente.<br \/>\nIl metodo ESB si avvale di un un team di esaminatori altamente qualificati, nei centri d&#8217;esame in tutto il territorio del Regno Unito e all&#8217;estero. La giusta interazione con il candidato \u00e8 un aspetto fondamentale dell&#8217;esame cos\u00ec ogni valutazione \u00e8 eseguita con un piccolo gruppo di studenti coetanei cos\u00ec che la partecipazioni di tutti \u00e8 assicurata.<\/h3>\n<h3>Ogni candidato ha la possibilit\u00e0 di dimostrare le proprie capacit\u00e0 di ascolto e parlato, e allo stesso modo le proprie capacit\u00e0 come interlocutore.<\/h3>\n<h3>Le certificazioni ESB mettono in risalto le abilit\u00e0 di speaking, listening, reading e writing enfatizzando il lato pratico della lingua. Ogni valutazione include una presentazione e la capacit\u00e0 di interagire e dialogare con altri. La valutazione \u00e8 strutturata per offrire il maggior sostegno possibile allo studente; per questo motivo invitiamo il tutor, insegnante del corso, e chiunque abbia aiutato lo studente nella preparazione dell&#8217;esame, ad essere presente per poter assistere all&#8217;esame e far sentire lo studente in un ambiente familiare ed amichevole.<\/h3>\n<h3>Alla fine dell&#8217;esame, dopo pochi giorni, ogni studente ricever\u00e0 un report dettagliato dopo che i risultati saranno stati confermati. I candidati che superano l&#8217;esame riceveranno un certificato entro circa 6 settimane dove sar\u00e0 riportato il nome della certificazione, il livello raggiunto e il punteggio con il quale si \u00e8 superato l&#8217;esame, nonch\u00e9 un punteggio specifico per ciascuna delle abilit\u00e0 linguistiche esaminate.<\/h3>\n<h3>SWE PUO&#8217; RILASCIARE LE SEGUENTI CERTIFICAZIONI: A1 A2 B1 B2 C1 C2<\/h3>\n<p>[\/vc_column_text][\/vc_column][\/vc_row][vc_row][vc_column]<div class=\"woocommerce columns-4 \"><ul class=\"products columns-4\">\n<li class=\"product type-product post-2576 status-publish first instock product_cat-lingue-certificazioni taxable shipping-taxable product-type-simple\">\n\t<a href=\"https:\/\/cercalavoro.net\/?product=livello-c2-inglese\" class=\"woocommerce-LoopProduct-link woocommerce-loop-product__link\"><img fetchpriority=\"high\" decoding=\"async\" width=\"300\" height=\"300\" src=\"https:\/\/cercalavoro.net\/wp-content\/uploads\/woocommerce-placeholder.png\" class=\"woocommerce-placeholder wp-post-image\" alt=\"Segnaposto\" srcset=\"https:\/\/cercalavoro.net\/wp-content\/uploads\/woocommerce-placeholder.png 1200w, https:\/\/cercalavoro.net\/wp-content\/uploads\/woocommerce-placeholder-150x150.png 150w, https:\/\/cercalavoro.net\/wp-content\/uploads\/woocommerce-placeholder-300x300.png 300w, https:\/\/cercalavoro.net\/wp-content\/uploads\/woocommerce-placeholder-768x768.png 768w, https:\/\/cercalavoro.net\/wp-content\/uploads\/woocommerce-placeholder-1024x1024.png 1024w\" sizes=\"(max-width: 300px) 100vw, 300px\" \/><h2 class=\"woocommerce-loop-product__title\">Livello  C2 Inglese<\/h2>\t\t<div class=\"author\">by adminraju<\/div>\n\t\n<\/a><a rel=\"nofollow\" href=\"https:\/\/cercalavoro.net\/?product=livello-c2-inglese\" data-quantity=\"1\" data-product_id=\"2576\" data-product_sku=\"\" class=\"button product_type_simple icon_right bordered\">Leggi tutto <i class=\"fa fa-chevron-right\"><\/i><\/a><\/li>\n<li class=\"product type-product post-2580 status-publish instock product_cat-lingue-certificazioni taxable shipping-taxable purchasable product-type-simple\">\n\t<a href=\"https:\/\/cercalavoro.net\/?product=livello-a1-inglese\" class=\"woocommerce-LoopProduct-link woocommerce-loop-product__link\"><img fetchpriority=\"high\" decoding=\"async\" width=\"300\" height=\"300\" src=\"https:\/\/cercalavoro.net\/wp-content\/uploads\/woocommerce-placeholder.png\" class=\"woocommerce-placeholder wp-post-image\" alt=\"Segnaposto\" srcset=\"https:\/\/cercalavoro.net\/wp-content\/uploads\/woocommerce-placeholder.png 1200w, https:\/\/cercalavoro.net\/wp-content\/uploads\/woocommerce-placeholder-150x150.png 150w, https:\/\/cercalavoro.net\/wp-content\/uploads\/woocommerce-placeholder-300x300.png 300w, https:\/\/cercalavoro.net\/wp-content\/uploads\/woocommerce-placeholder-768x768.png 768w, https:\/\/cercalavoro.net\/wp-content\/uploads\/woocommerce-placeholder-1024x1024.png 1024w\" sizes=\"(max-width: 300px) 100vw, 300px\" \/><h2 class=\"woocommerce-loop-product__title\">LIVELLO A1 INGLESE<\/h2>\t\t<div class=\"author\">by adminraju<\/div>\n\t\n\t<span class=\"price\"><span class=\"woocommerce-Price-amount amount\"><bdi><span class=\"woocommerce-Price-currencySymbol\">&euro;<\/span>1,000.00<\/bdi><\/span><\/span>\n<\/a><a rel=\"nofollow\" href=\"\/index.php?rest_route=%2Fwp%2Fv2%2Fpages%2F3466&#038;add-to-cart=2580\" data-quantity=\"1\" data-product_id=\"2580\" data-product_sku=\"\" class=\"button product_type_simple add_to_cart_button ajax_add_to_cart icon_right bordered\">Aggiungi al carrello <i class=\"fa fa-chevron-right\"><\/i><\/a><\/li>\n<li class=\"product type-product post-2581 status-publish instock product_cat-lingue-certificazioni taxable shipping-taxable product-type-simple\">\n\t<a href=\"https:\/\/cercalavoro.net\/?product=livello-a2-inglese\" class=\"woocommerce-LoopProduct-link woocommerce-loop-product__link\"><img fetchpriority=\"high\" decoding=\"async\" width=\"300\" height=\"300\" src=\"https:\/\/cercalavoro.net\/wp-content\/uploads\/woocommerce-placeholder.png\" class=\"woocommerce-placeholder wp-post-image\" alt=\"Segnaposto\" srcset=\"https:\/\/cercalavoro.net\/wp-content\/uploads\/woocommerce-placeholder.png 1200w, https:\/\/cercalavoro.net\/wp-content\/uploads\/woocommerce-placeholder-150x150.png 150w, https:\/\/cercalavoro.net\/wp-content\/uploads\/woocommerce-placeholder-300x300.png 300w, https:\/\/cercalavoro.net\/wp-content\/uploads\/woocommerce-placeholder-768x768.png 768w, https:\/\/cercalavoro.net\/wp-content\/uploads\/woocommerce-placeholder-1024x1024.png 1024w\" sizes=\"(max-width: 300px) 100vw, 300px\" \/><h2 class=\"woocommerce-loop-product__title\">LIVELLO A2 INGLESE<\/h2>\t\t<div class=\"author\">by adminraju<\/div>\n\t\n<\/a><a rel=\"nofollow\" href=\"https:\/\/cercalavoro.net\/?product=livello-a2-inglese\" data-quantity=\"1\" data-product_id=\"2581\" data-product_sku=\"\" class=\"button product_type_simple icon_right bordered\">Leggi tutto <i class=\"fa fa-chevron-right\"><\/i><\/a><\/li>\n<li class=\"product type-product post-2578 status-publish last instock product_cat-lingue-certificazioni taxable shipping-taxable product-type-simple\">\n\t<a href=\"https:\/\/cercalavoro.net\/?product=livello-b1-inglese\" class=\"woocommerce-LoopProduct-link woocommerce-loop-product__link\"><img fetchpriority=\"high\" decoding=\"async\" width=\"300\" height=\"300\" src=\"https:\/\/cercalavoro.net\/wp-content\/uploads\/woocommerce-placeholder.png\" class=\"woocommerce-placeholder wp-post-image\" alt=\"Segnaposto\" srcset=\"https:\/\/cercalavoro.net\/wp-content\/uploads\/woocommerce-placeholder.png 1200w, https:\/\/cercalavoro.net\/wp-content\/uploads\/woocommerce-placeholder-150x150.png 150w, https:\/\/cercalavoro.net\/wp-content\/uploads\/woocommerce-placeholder-300x300.png 300w, https:\/\/cercalavoro.net\/wp-content\/uploads\/woocommerce-placeholder-768x768.png 768w, https:\/\/cercalavoro.net\/wp-content\/uploads\/woocommerce-placeholder-1024x1024.png 1024w\" sizes=\"(max-width: 300px) 100vw, 300px\" \/><h2 class=\"woocommerce-loop-product__title\">LIVELLO B1 INGLESE<\/h2>\t\t<div class=\"author\">by adminraju<\/div>\n\t\n<\/a><a rel=\"nofollow\" href=\"https:\/\/cercalavoro.net\/?product=livello-b1-inglese\" data-quantity=\"1\" data-product_id=\"2578\" data-product_sku=\"\" class=\"button product_type_simple icon_right bordered\">Leggi tutto <i class=\"fa fa-chevron-right\"><\/i><\/a><\/li>\n<li class=\"product type-product post-2579 status-publish first instock product_cat-lingue-certificazioni taxable shipping-taxable product-type-simple\">\n\t<a href=\"https:\/\/cercalavoro.net\/?product=livello-b2-inglese\" class=\"woocommerce-LoopProduct-link woocommerce-loop-product__link\"><img fetchpriority=\"high\" decoding=\"async\" width=\"300\" height=\"300\" src=\"https:\/\/cercalavoro.net\/wp-content\/uploads\/woocommerce-placeholder.png\" class=\"woocommerce-placeholder wp-post-image\" alt=\"Segnaposto\" srcset=\"https:\/\/cercalavoro.net\/wp-content\/uploads\/woocommerce-placeholder.png 1200w, https:\/\/cercalavoro.net\/wp-content\/uploads\/woocommerce-placeholder-150x150.png 150w, https:\/\/cercalavoro.net\/wp-content\/uploads\/woocommerce-placeholder-300x300.png 300w, https:\/\/cercalavoro.net\/wp-content\/uploads\/woocommerce-placeholder-768x768.png 768w, https:\/\/cercalavoro.net\/wp-content\/uploads\/woocommerce-placeholder-1024x1024.png 1024w\" sizes=\"(max-width: 300px) 100vw, 300px\" \/><h2 class=\"woocommerce-loop-product__title\">LIVELLO B2 INGLESE<\/h2>\t\t<div class=\"author\">by adminraju<\/div>\n\t\n<\/a><a rel=\"nofollow\" href=\"https:\/\/cercalavoro.net\/?product=livello-b2-inglese\" data-quantity=\"1\" data-product_id=\"2579\" data-product_sku=\"\" class=\"button product_type_simple icon_right bordered\">Leggi tutto <i class=\"fa fa-chevron-right\"><\/i><\/a><\/li>\n<li class=\"product type-product post-2577 status-publish instock product_cat-lingue-certificazioni taxable shipping-taxable product-type-simple\">\n\t<a href=\"https:\/\/cercalavoro.net\/?product=livello-c1-inglese\" class=\"woocommerce-LoopProduct-link woocommerce-loop-product__link\"><img fetchpriority=\"high\" decoding=\"async\" width=\"300\" height=\"300\" src=\"https:\/\/cercalavoro.net\/wp-content\/uploads\/woocommerce-placeholder.png\" class=\"woocommerce-placeholder wp-post-image\" alt=\"Segnaposto\" srcset=\"https:\/\/cercalavoro.net\/wp-content\/uploads\/woocommerce-placeholder.png 1200w, https:\/\/cercalavoro.net\/wp-content\/uploads\/woocommerce-placeholder-150x150.png 150w, https:\/\/cercalavoro.net\/wp-content\/uploads\/woocommerce-placeholder-300x300.png 300w, https:\/\/cercalavoro.net\/wp-content\/uploads\/woocommerce-placeholder-768x768.png 768w, https:\/\/cercalavoro.net\/wp-content\/uploads\/woocommerce-placeholder-1024x1024.png 1024w\" sizes=\"(max-width: 300px) 100vw, 300px\" \/><h2 class=\"woocommerce-loop-product__title\">LIVELLO C1 INGLESE<\/h2>\t\t<div class=\"author\">by adminraju<\/div>\n\t\n<\/a><a rel=\"nofollow\" href=\"https:\/\/cercalavoro.net\/?product=livello-c1-inglese\" data-quantity=\"1\" data-product_id=\"2577\" data-product_sku=\"\" class=\"button product_type_simple icon_right bordered\">Leggi tutto <i class=\"fa fa-chevron-right\"><\/i><\/a><\/li>\n<\/ul>\n<\/div>[\/vc_column][\/vc_row][vc_row][vc_column][vc_btn title=&#8221;CLICCA QUI PER CONTATTI&#8221; style=&#8221;3d&#8221; color=&#8221;primary&#8221; link=&#8221;url:https%3A%2F%2Fcercalavoro.net%2F%3Fpage_id%3D3790|title:Contatti&#8221;][\/vc_column][\/vc_row]<\/p>\n<\/div>","protected":false},"excerpt":{"rendered":"<p>[vc_row][vc_column][vc_btn title=&#8221;CLICCA QUI! SU QUESTO PULSANTE (PER INFORMAZIONI ED ISCRIZIONI )&#8221; style=&#8221;3d&#8221; shape=&#8221;round&#8221; color=&#8221;pink&#8221; link=&#8221;url:https%3A%2F%2Fcercalavoro.net%2F%3Fpage_id%3D3790|title:Contatti&#8221;][vc_column_text] SICUR WORK ENGINEERING e&#8217; centro autorizzato ESB come sede di Esami per le certificazioni linguistiche riconosciute a livello Internazionale e validi per i concorsi pubblici quali Inps. Ente Certificatore Internazionale delle competenze linguistiche per la lingua inglese English Speaking Board<\/p>\n","protected":false},"author":1,"featured_media":3119,"parent":0,"menu_order":0,"comment_status":"closed","ping_status":"closed","template":"","meta":{"footnotes":""},"class_list":["post-3466","page","type-page","status-publish","has-post-thumbnail","hentry"],"yoast_head":"<!-- This site is optimized with the Yoast SEO plugin v27.4 - https:\/\/yoast.com\/product\/yoast-seo-wordpress\/ -->\n<title>Corsi Inglese Esb - Lavoro, Sicurezza, Consulenze e Formazione Sicur Work Engineering<\/title>\n<meta name=\"robots\" content=\"index, follow, max-snippet:-1, max-image-preview:large, max-video-preview:-1\" \/>\n<link rel=\"canonical\" href=\"https:\/\/cercalavoro.net\/?page_id=3466\" \/>\n<meta property=\"og:locale\" content=\"it_IT\" \/>\n<meta property=\"og:type\" content=\"article\" \/>\n<meta property=\"og:title\" content=\"Corsi Inglese Esb - Lavoro, Sicurezza, Consulenze e Formazione Sicur Work Engineering\" \/>\n<meta property=\"og:description\" content=\"[vc_row][vc_column][vc_btn title=&#8221;CLICCA QUI! SU QUESTO PULSANTE (PER INFORMAZIONI ED ISCRIZIONI )&#8221; style=&#8221;3d&#8221; shape=&#8221;round&#8221; color=&#8221;pink&#8221; link=&#8221;url:https%3A%2F%2Fcercalavoro.net%2F%3Fpage_id%3D3790|title:Contatti&#8221;][vc_column_text] SICUR WORK ENGINEERING e&#8217; centro autorizzato ESB come sede di Esami per le certificazioni linguistiche riconosciute a livello Internazionale e validi per i concorsi pubblici quali Inps. Ente Certificatore Internazionale delle competenze linguistiche per la lingua inglese English Speaking Board\" \/>\n<meta property=\"og:url\" content=\"https:\/\/cercalavoro.net\/?page_id=3466\" \/>\n<meta property=\"og:site_name\" content=\"Lavoro, Sicurezza, Consulenze e Formazione Sicur Work Engineering\" \/>\n<meta property=\"article:modified_time\" content=\"2022-10-17T21:40:54+00:00\" \/>\n<meta property=\"og:image\" content=\"https:\/\/cercalavoro.net\/wp-content\/uploads\/2020\/10\/661cc7a29c8344b121b5d3a27d2c6b87-150x150-3.jpg\" \/>\n\t<meta property=\"og:image:width\" content=\"150\" \/>\n\t<meta property=\"og:image:height\" content=\"150\" \/>\n\t<meta property=\"og:image:type\" content=\"image\/jpeg\" \/>\n<meta name=\"twitter:card\" content=\"summary_large_image\" \/>\n<meta name=\"twitter:label1\" content=\"Tempo di lettura stimato\" \/>\n\t<meta name=\"twitter:data1\" content=\"2 minuti\" \/>\n<script type=\"application\/ld+json\" class=\"yoast-schema-graph\">{\"@context\":\"https:\\\/\\\/schema.org\",\"@graph\":[{\"@type\":\"WebPage\",\"@id\":\"https:\\\/\\\/cercalavoro.net\\\/?page_id=3466\",\"url\":\"https:\\\/\\\/cercalavoro.net\\\/?page_id=3466\",\"name\":\"Corsi Inglese Esb - Lavoro, Sicurezza, Consulenze e Formazione Sicur Work Engineering\",\"isPartOf\":{\"@id\":\"https:\\\/\\\/cercalavoro.net\\\/#website\"},\"primaryImageOfPage\":{\"@id\":\"https:\\\/\\\/cercalavoro.net\\\/?page_id=3466#primaryimage\"},\"image\":{\"@id\":\"https:\\\/\\\/cercalavoro.net\\\/?page_id=3466#primaryimage\"},\"thumbnailUrl\":\"https:\\\/\\\/cercalavoro.net\\\/wp-content\\\/uploads\\\/2020\\\/10\\\/661cc7a29c8344b121b5d3a27d2c6b87-150x150-3.jpg\",\"datePublished\":\"2020-12-09T11:50:42+00:00\",\"dateModified\":\"2022-10-17T21:40:54+00:00\",\"breadcrumb\":{\"@id\":\"https:\\\/\\\/cercalavoro.net\\\/?page_id=3466#breadcrumb\"},\"inLanguage\":\"it-IT\",\"potentialAction\":[{\"@type\":\"ReadAction\",\"target\":[\"https:\\\/\\\/cercalavoro.net\\\/?page_id=3466\"]}]},{\"@type\":\"ImageObject\",\"inLanguage\":\"it-IT\",\"@id\":\"https:\\\/\\\/cercalavoro.net\\\/?page_id=3466#primaryimage\",\"url\":\"https:\\\/\\\/cercalavoro.net\\\/wp-content\\\/uploads\\\/2020\\\/10\\\/661cc7a29c8344b121b5d3a27d2c6b87-150x150-3.jpg\",\"contentUrl\":\"https:\\\/\\\/cercalavoro.net\\\/wp-content\\\/uploads\\\/2020\\\/10\\\/661cc7a29c8344b121b5d3a27d2c6b87-150x150-3.jpg\",\"width\":150,\"height\":150},{\"@type\":\"BreadcrumbList\",\"@id\":\"https:\\\/\\\/cercalavoro.net\\\/?page_id=3466#breadcrumb\",\"itemListElement\":[{\"@type\":\"ListItem\",\"position\":1,\"name\":\"Home\",\"item\":\"https:\\\/\\\/cercalavoro.net\\\/\"},{\"@type\":\"ListItem\",\"position\":2,\"name\":\"Corsi Inglese Esb\"}]},{\"@type\":\"WebSite\",\"@id\":\"https:\\\/\\\/cercalavoro.net\\\/#website\",\"url\":\"https:\\\/\\\/cercalavoro.net\\\/\",\"name\":\"Lavoro, Sicurezza, Consulenze e Formazione Sicur Work Engineering\",\"description\":\"Sicurezza e Formazione. Garantire il successo in un mondo in continua evoluzione.\",\"potentialAction\":[{\"@type\":\"SearchAction\",\"target\":{\"@type\":\"EntryPoint\",\"urlTemplate\":\"https:\\\/\\\/cercalavoro.net\\\/?s={search_term_string}\"},\"query-input\":{\"@type\":\"PropertyValueSpecification\",\"valueRequired\":true,\"valueName\":\"search_term_string\"}}],\"inLanguage\":\"it-IT\"}]}<\/script>\n<!-- \/ Yoast SEO plugin. -->","yoast_head_json":{"title":"Corsi Inglese Esb - Lavoro, Sicurezza, Consulenze e Formazione Sicur Work Engineering","robots":{"index":"index","follow":"follow","max-snippet":"max-snippet:-1","max-image-preview":"max-image-preview:large","max-video-preview":"max-video-preview:-1"},"canonical":"https:\/\/cercalavoro.net\/?page_id=3466","og_locale":"it_IT","og_type":"article","og_title":"Corsi Inglese Esb - Lavoro, Sicurezza, Consulenze e Formazione Sicur Work Engineering","og_description":"[vc_row][vc_column][vc_btn title=&#8221;CLICCA QUI! SU QUESTO PULSANTE (PER INFORMAZIONI ED ISCRIZIONI )&#8221; style=&#8221;3d&#8221; shape=&#8221;round&#8221; color=&#8221;pink&#8221; link=&#8221;url:https%3A%2F%2Fcercalavoro.net%2F%3Fpage_id%3D3790|title:Contatti&#8221;][vc_column_text] SICUR WORK ENGINEERING e&#8217; centro autorizzato ESB come sede di Esami per le certificazioni linguistiche riconosciute a livello Internazionale e validi per i concorsi pubblici quali Inps. Ente Certificatore Internazionale delle competenze linguistiche per la lingua inglese English Speaking Board","og_url":"https:\/\/cercalavoro.net\/?page_id=3466","og_site_name":"Lavoro, Sicurezza, Consulenze e Formazione Sicur Work Engineering","article_modified_time":"2022-10-17T21:40:54+00:00","og_image":[{"width":150,"height":150,"url":"https:\/\/cercalavoro.net\/wp-content\/uploads\/2020\/10\/661cc7a29c8344b121b5d3a27d2c6b87-150x150-3.jpg","type":"image\/jpeg"}],"twitter_card":"summary_large_image","twitter_misc":{"Tempo di lettura stimato":"2 minuti"},"schema":{"@context":"https:\/\/schema.org","@graph":[{"@type":"WebPage","@id":"https:\/\/cercalavoro.net\/?page_id=3466","url":"https:\/\/cercalavoro.net\/?page_id=3466","name":"Corsi Inglese Esb - Lavoro, Sicurezza, Consulenze e Formazione Sicur Work Engineering","isPartOf":{"@id":"https:\/\/cercalavoro.net\/#website"},"primaryImageOfPage":{"@id":"https:\/\/cercalavoro.net\/?page_id=3466#primaryimage"},"image":{"@id":"https:\/\/cercalavoro.net\/?page_id=3466#primaryimage"},"thumbnailUrl":"https:\/\/cercalavoro.net\/wp-content\/uploads\/2020\/10\/661cc7a29c8344b121b5d3a27d2c6b87-150x150-3.jpg","datePublished":"2020-12-09T11:50:42+00:00","dateModified":"2022-10-17T21:40:54+00:00","breadcrumb":{"@id":"https:\/\/cercalavoro.net\/?page_id=3466#breadcrumb"},"inLanguage":"it-IT","potentialAction":[{"@type":"ReadAction","target":["https:\/\/cercalavoro.net\/?page_id=3466"]}]},{"@type":"ImageObject","inLanguage":"it-IT","@id":"https:\/\/cercalavoro.net\/?page_id=3466#primaryimage","url":"https:\/\/cercalavoro.net\/wp-content\/uploads\/2020\/10\/661cc7a29c8344b121b5d3a27d2c6b87-150x150-3.jpg","contentUrl":"https:\/\/cercalavoro.net\/wp-content\/uploads\/2020\/10\/661cc7a29c8344b121b5d3a27d2c6b87-150x150-3.jpg","width":150,"height":150},{"@type":"BreadcrumbList","@id":"https:\/\/cercalavoro.net\/?page_id=3466#breadcrumb","itemListElement":[{"@type":"ListItem","position":1,"name":"Home","item":"https:\/\/cercalavoro.net\/"},{"@type":"ListItem","position":2,"name":"Corsi Inglese Esb"}]},{"@type":"WebSite","@id":"https:\/\/cercalavoro.net\/#website","url":"https:\/\/cercalavoro.net\/","name":"Lavoro, Sicurezza, Consulenze e Formazione Sicur Work Engineering","description":"Sicurezza e Formazione. Garantire il successo in un mondo in continua evoluzione.","potentialAction":[{"@type":"SearchAction","target":{"@type":"EntryPoint","urlTemplate":"https:\/\/cercalavoro.net\/?s={search_term_string}"},"query-input":{"@type":"PropertyValueSpecification","valueRequired":true,"valueName":"search_term_string"}}],"inLanguage":"it-IT"}]}},"jetpack_sharing_enabled":true,"_links":{"self":[{"href":"https:\/\/cercalavoro.net\/index.php?rest_route=\/wp\/v2\/pages\/3466","targetHints":{"allow":["GET"]}}],"collection":[{"href":"https:\/\/cercalavoro.net\/index.php?rest_route=\/wp\/v2\/pages"}],"about":[{"href":"https:\/\/cercalavoro.net\/index.php?rest_route=\/wp\/v2\/types\/page"}],"author":[{"embeddable":true,"href":"https:\/\/cercalavoro.net\/index.php?rest_route=\/wp\/v2\/users\/1"}],"replies":[{"embeddable":true,"href":"https:\/\/cercalavoro.net\/index.php?rest_route=%2Fwp%2Fv2%2Fcomments&post=3466"}],"version-history":[{"count":8,"href":"https:\/\/cercalavoro.net\/index.php?rest_route=\/wp\/v2\/pages\/3466\/revisions"}],"predecessor-version":[{"id":4094,"href":"https:\/\/cercalavoro.net\/index.php?rest_route=\/wp\/v2\/pages\/3466\/revisions\/4094"}],"wp:featuredmedia":[{"embeddable":true,"href":"https:\/\/cercalavoro.net\/index.php?rest_route=\/wp\/v2\/media\/3119"}],"wp:attachment":[{"href":"https:\/\/cercalavoro.net\/index.php?rest_route=%2Fwp%2Fv2%2Fmedia&parent=3466"}],"curies":[{"name":"wp","href":"https:\/\/api.w.org\/{rel}","templated":true}]}}