{"id":2478,"date":"2017-12-13T15:46:22","date_gmt":"2017-12-13T14:46:22","guid":{"rendered":"http:\/\/sweformaeuropa.it\/?post_type=product&#038;p=2478"},"modified":"2021-02-25T17:42:59","modified_gmt":"2021-02-25T16:42:59","slug":"capo-commessa-in-servizi-di-pulizia","status":"publish","type":"product","link":"https:\/\/cercalavoro.net\/?product=capo-commessa-in-servizi-di-pulizia","title":{"rendered":"capo commessa in servizi di pulizia"},"content":{"rendered":"<table style=\"width: 268px;\">\n<tbody>\n<tr>\n<td style=\"width: 260px;\"><strong>\u00a0<\/strong><\/p>\n<p><strong>Titolo corso 9<\/strong><\/td>\n<\/tr>\n<tr>\n<td style=\"width: 260px;\"><strong>Corso per capocantiere \/ capo commessa in servizi di pulizia<\/strong><\/td>\n<\/tr>\n<tr>\n<td style=\"width: 260px;\"><strong>Qualifica Professionale\u00a0 molto\u00a0 richiesta ai fini occupazionali e per aprire attivita\u2019 imprenditoriali.<\/strong><\/td>\n<\/tr>\n<tr>\n<td style=\"width: 260px;\"><strong>Soggetto attuatore : <\/strong>\u00a0 Sicur Work Engineering (SWE)<\/td>\n<\/tr>\n<tr>\n<td style=\"width: 260px;\"><strong>Sedi del corso:<\/strong> S.Eraclio zona Industriale ( Foligno PG) Via agostino Campi snc, Terni Via Mincio ,\u00a0 Spoleto , Perugia<\/td>\n<\/tr>\n<tr>\n<td style=\"width: 260px;\"><strong>Durata ore : <\/strong>176:00 ore<\/td>\n<\/tr>\n<tr>\n<td style=\"width: 260px;\"><strong>Tipologia dei destinatari e eventuali requisiti di accesso :<\/strong><\/p>\n<p>I destinatari sono: Occupati, disocuppati, inoccupati, lavoratori in CIG.<\/td>\n<\/tr>\n<tr>\n<td style=\"width: 260px;\"><strong>Modalit\u00e0 di accertamento del possesso individuale \u00a0dei requisiti di ammissione: <\/strong><\/p>\n<p>Non sono previsti requisiti di ammissione per il percorso formativo. CV e sottoscrizione del modulo di iscrizione. Autocertificazione ai sensi dell\u2019 art. 46 D.P.R.445\/2000<\/p>\n<p><strong>\u00a0<\/strong><\/td>\n<\/tr>\n<tr>\n<td style=\"width: 260px;\"><strong>Periodi e orario di svolgimento del corso :<\/strong><\/p>\n<p>Il corso sar\u00e0 attivato al raggiungimento di un numero minimo di 5 iscrizioni. Si prevedono pi\u00f9 edizioni da svolgersi durante l&#8217;anno, sul sito www.arisformazione.it sar\u00e0 disponibile una scheda di manifestazione d&#8217;interesse attraverso la quale ricevere informazioni dettagliate rispetto ai calendari dei corsi. I corsi si svolgeranno secondo una cadenza che sar\u00e0 definita tenendo conto, per quanto possibile, delle caratteristiche dei fruitori.<\/td>\n<\/tr>\n<tr>\n<td style=\"width: 260px;\"><strong>Tipo di attestazioni rilasciate :<\/strong><\/p>\n<p>Attestato di qualifica di cui \u00e8 richiesto il rilascio alla Regione<\/p>\n<p><a href=\"http:\/\/sweformaeuropa.it\/?page_id=1972\">PER INFO ED ISCRIZIONE CLICCA QUI<\/a><\/td>\n<\/tr>\n<\/tbody>\n<\/table>\n","protected":false},"excerpt":{"rendered":"<p><strong>capo commessa in servizi di pulizia<\/strong><\/p>\n","protected":false},"featured_media":235,"comment_status":"closed","ping_status":"closed","template":"","meta":[],"product_brand":[],"product_cat":[40,53],"product_tag":[],"class_list":{"0":"post-2478","1":"product","2":"type-product","3":"status-publish","4":"has-post-thumbnail","6":"product_cat-corsi-gratuiti","7":"product_cat-corsi-regione-umbria","9":"first","10":"instock","11":"sale","12":"taxable","13":"shipping-taxable","14":"purchasable","15":"product-type-simple"},"yoast_head":"<!-- This site is optimized with the Yoast SEO plugin v27.4 - https:\/\/yoast.com\/product\/yoast-seo-wordpress\/ -->\n<title>capo commessa in servizi di pulizia - Lavoro, Sicurezza, Consulenze e Formazione Sicur Work Engineering<\/title>\n<meta name=\"robots\" content=\"index, follow, max-snippet:-1, max-image-preview:large, max-video-preview:-1\" \/>\n<link rel=\"canonical\" href=\"https:\/\/cercalavoro.net\/?product=capo-commessa-in-servizi-di-pulizia\" \/>\n<meta property=\"og:locale\" content=\"it_IT\" \/>\n<meta property=\"og:type\" content=\"article\" \/>\n<meta property=\"og:title\" content=\"capo commessa in servizi di pulizia - Lavoro, Sicurezza, Consulenze e Formazione Sicur Work Engineering\" \/>\n<meta property=\"og:description\" content=\"capo commessa in servizi di pulizia\" \/>\n<meta property=\"og:url\" content=\"https:\/\/cercalavoro.net\/?product=capo-commessa-in-servizi-di-pulizia\" \/>\n<meta property=\"og:site_name\" content=\"Lavoro, Sicurezza, Consulenze e Formazione Sicur Work Engineering\" \/>\n<meta property=\"article:modified_time\" content=\"2021-02-25T16:42:59+00:00\" \/>\n<meta property=\"og:image\" content=\"https:\/\/cercalavoro.net\/wp-content\/uploads\/2018\/12\/ts_img13.jpeg\" \/>\n\t<meta property=\"og:image:width\" content=\"1200\" \/>\n\t<meta property=\"og:image:height\" content=\"900\" \/>\n\t<meta property=\"og:image:type\" content=\"image\/jpeg\" \/>\n<meta name=\"twitter:card\" content=\"summary_large_image\" \/>\n<meta name=\"twitter:label1\" content=\"Tempo di lettura stimato\" \/>\n\t<meta name=\"twitter:data1\" content=\"1 minuto\" \/>\n<script type=\"application\/ld+json\" class=\"yoast-schema-graph\">{\"@context\":\"https:\\\/\\\/schema.org\",\"@graph\":[{\"@type\":\"WebPage\",\"@id\":\"https:\\\/\\\/cercalavoro.net\\\/?product=capo-commessa-in-servizi-di-pulizia\",\"url\":\"https:\\\/\\\/cercalavoro.net\\\/?product=capo-commessa-in-servizi-di-pulizia\",\"name\":\"capo commessa in servizi di pulizia - Lavoro, Sicurezza, Consulenze e Formazione Sicur Work Engineering\",\"isPartOf\":{\"@id\":\"https:\\\/\\\/cercalavoro.net\\\/#website\"},\"primaryImageOfPage\":{\"@id\":\"https:\\\/\\\/cercalavoro.net\\\/?product=capo-commessa-in-servizi-di-pulizia#primaryimage\"},\"image\":{\"@id\":\"https:\\\/\\\/cercalavoro.net\\\/?product=capo-commessa-in-servizi-di-pulizia#primaryimage\"},\"thumbnailUrl\":\"https:\\\/\\\/cercalavoro.net\\\/wp-content\\\/uploads\\\/2018\\\/12\\\/ts_img13.jpeg\",\"datePublished\":\"2017-12-13T14:46:22+00:00\",\"dateModified\":\"2021-02-25T16:42:59+00:00\",\"breadcrumb\":{\"@id\":\"https:\\\/\\\/cercalavoro.net\\\/?product=capo-commessa-in-servizi-di-pulizia#breadcrumb\"},\"inLanguage\":\"it-IT\",\"potentialAction\":[{\"@type\":\"ReadAction\",\"target\":[\"https:\\\/\\\/cercalavoro.net\\\/?product=capo-commessa-in-servizi-di-pulizia\"]}]},{\"@type\":\"ImageObject\",\"inLanguage\":\"it-IT\",\"@id\":\"https:\\\/\\\/cercalavoro.net\\\/?product=capo-commessa-in-servizi-di-pulizia#primaryimage\",\"url\":\"https:\\\/\\\/cercalavoro.net\\\/wp-content\\\/uploads\\\/2018\\\/12\\\/ts_img13.jpeg\",\"contentUrl\":\"https:\\\/\\\/cercalavoro.net\\\/wp-content\\\/uploads\\\/2018\\\/12\\\/ts_img13.jpeg\",\"width\":1200,\"height\":900,\"caption\":\"\"},{\"@type\":\"BreadcrumbList\",\"@id\":\"https:\\\/\\\/cercalavoro.net\\\/?product=capo-commessa-in-servizi-di-pulizia#breadcrumb\",\"itemListElement\":[{\"@type\":\"ListItem\",\"position\":1,\"name\":\"Home\",\"item\":\"https:\\\/\\\/cercalavoro.net\\\/\"},{\"@type\":\"ListItem\",\"position\":2,\"name\":\"Shop\",\"item\":\"https:\\\/\\\/cercalavoro.net\\\/?page_id=283\"},{\"@type\":\"ListItem\",\"position\":3,\"name\":\"capo commessa in servizi di pulizia\"}]},{\"@type\":\"WebSite\",\"@id\":\"https:\\\/\\\/cercalavoro.net\\\/#website\",\"url\":\"https:\\\/\\\/cercalavoro.net\\\/\",\"name\":\"Lavoro, Sicurezza, Consulenze e Formazione Sicur Work Engineering\",\"description\":\"Sicurezza e Formazione. Garantire il successo in un mondo in continua evoluzione.\",\"potentialAction\":[{\"@type\":\"SearchAction\",\"target\":{\"@type\":\"EntryPoint\",\"urlTemplate\":\"https:\\\/\\\/cercalavoro.net\\\/?s={search_term_string}\"},\"query-input\":{\"@type\":\"PropertyValueSpecification\",\"valueRequired\":true,\"valueName\":\"search_term_string\"}}],\"inLanguage\":\"it-IT\"}]}<\/script>\n<!-- \/ Yoast SEO plugin. -->","yoast_head_json":{"title":"capo commessa in servizi di pulizia - Lavoro, Sicurezza, Consulenze e Formazione Sicur Work Engineering","robots":{"index":"index","follow":"follow","max-snippet":"max-snippet:-1","max-image-preview":"max-image-preview:large","max-video-preview":"max-video-preview:-1"},"canonical":"https:\/\/cercalavoro.net\/?product=capo-commessa-in-servizi-di-pulizia","og_locale":"it_IT","og_type":"article","og_title":"capo commessa in servizi di pulizia - Lavoro, Sicurezza, Consulenze e Formazione Sicur Work Engineering","og_description":"capo commessa in servizi di pulizia","og_url":"https:\/\/cercalavoro.net\/?product=capo-commessa-in-servizi-di-pulizia","og_site_name":"Lavoro, Sicurezza, Consulenze e Formazione Sicur Work Engineering","article_modified_time":"2021-02-25T16:42:59+00:00","og_image":[{"width":1200,"height":900,"url":"https:\/\/cercalavoro.net\/wp-content\/uploads\/2018\/12\/ts_img13.jpeg","type":"image\/jpeg"}],"twitter_card":"summary_large_image","twitter_misc":{"Tempo di lettura stimato":"1 minuto"},"schema":{"@context":"https:\/\/schema.org","@graph":[{"@type":"WebPage","@id":"https:\/\/cercalavoro.net\/?product=capo-commessa-in-servizi-di-pulizia","url":"https:\/\/cercalavoro.net\/?product=capo-commessa-in-servizi-di-pulizia","name":"capo commessa in servizi di pulizia - Lavoro, Sicurezza, Consulenze e Formazione Sicur Work Engineering","isPartOf":{"@id":"https:\/\/cercalavoro.net\/#website"},"primaryImageOfPage":{"@id":"https:\/\/cercalavoro.net\/?product=capo-commessa-in-servizi-di-pulizia#primaryimage"},"image":{"@id":"https:\/\/cercalavoro.net\/?product=capo-commessa-in-servizi-di-pulizia#primaryimage"},"thumbnailUrl":"https:\/\/cercalavoro.net\/wp-content\/uploads\/2018\/12\/ts_img13.jpeg","datePublished":"2017-12-13T14:46:22+00:00","dateModified":"2021-02-25T16:42:59+00:00","breadcrumb":{"@id":"https:\/\/cercalavoro.net\/?product=capo-commessa-in-servizi-di-pulizia#breadcrumb"},"inLanguage":"it-IT","potentialAction":[{"@type":"ReadAction","target":["https:\/\/cercalavoro.net\/?product=capo-commessa-in-servizi-di-pulizia"]}]},{"@type":"ImageObject","inLanguage":"it-IT","@id":"https:\/\/cercalavoro.net\/?product=capo-commessa-in-servizi-di-pulizia#primaryimage","url":"https:\/\/cercalavoro.net\/wp-content\/uploads\/2018\/12\/ts_img13.jpeg","contentUrl":"https:\/\/cercalavoro.net\/wp-content\/uploads\/2018\/12\/ts_img13.jpeg","width":1200,"height":900,"caption":""},{"@type":"BreadcrumbList","@id":"https:\/\/cercalavoro.net\/?product=capo-commessa-in-servizi-di-pulizia#breadcrumb","itemListElement":[{"@type":"ListItem","position":1,"name":"Home","item":"https:\/\/cercalavoro.net\/"},{"@type":"ListItem","position":2,"name":"Shop","item":"https:\/\/cercalavoro.net\/?page_id=283"},{"@type":"ListItem","position":3,"name":"capo commessa in servizi di pulizia"}]},{"@type":"WebSite","@id":"https:\/\/cercalavoro.net\/#website","url":"https:\/\/cercalavoro.net\/","name":"Lavoro, Sicurezza, Consulenze e Formazione Sicur Work Engineering","description":"Sicurezza e Formazione. Garantire il successo in un mondo in continua evoluzione.","potentialAction":[{"@type":"SearchAction","target":{"@type":"EntryPoint","urlTemplate":"https:\/\/cercalavoro.net\/?s={search_term_string}"},"query-input":{"@type":"PropertyValueSpecification","valueRequired":true,"valueName":"search_term_string"}}],"inLanguage":"it-IT"}]}},"jetpack_sharing_enabled":true,"_links":{"self":[{"href":"https:\/\/cercalavoro.net\/index.php?rest_route=\/wp\/v2\/product\/2478","targetHints":{"allow":["GET"]}}],"collection":[{"href":"https:\/\/cercalavoro.net\/index.php?rest_route=\/wp\/v2\/product"}],"about":[{"href":"https:\/\/cercalavoro.net\/index.php?rest_route=\/wp\/v2\/types\/product"}],"replies":[{"embeddable":true,"href":"https:\/\/cercalavoro.net\/index.php?rest_route=%2Fwp%2Fv2%2Fcomments&post=2478"}],"wp:featuredmedia":[{"embeddable":true,"href":"https:\/\/cercalavoro.net\/index.php?rest_route=\/wp\/v2\/media\/235"}],"wp:attachment":[{"href":"https:\/\/cercalavoro.net\/index.php?rest_route=%2Fwp%2Fv2%2Fmedia&parent=2478"}],"wp:term":[{"taxonomy":"product_brand","embeddable":true,"href":"https:\/\/cercalavoro.net\/index.php?rest_route=%2Fwp%2Fv2%2Fproduct_brand&post=2478"},{"taxonomy":"product_cat","embeddable":true,"href":"https:\/\/cercalavoro.net\/index.php?rest_route=%2Fwp%2Fv2%2Fproduct_cat&post=2478"},{"taxonomy":"product_tag","embeddable":true,"href":"https:\/\/cercalavoro.net\/index.php?rest_route=%2Fwp%2Fv2%2Fproduct_tag&post=2478"}],"curies":[{"name":"wp","href":"https:\/\/api.w.org\/{rel}","templated":true}]}}