{"id":2481,"date":"2017-12-13T15:52:52","date_gmt":"2017-12-13T14:52:52","guid":{"rendered":"http:\/\/sweformaeuropa.it\/?post_type=product&#038;p=2481"},"modified":"2021-02-25T17:29:49","modified_gmt":"2021-02-25T16:29:49","slug":"estetista-corso-di-formazione-teorica","status":"publish","type":"product","link":"https:\/\/cercalavoro.net\/?product=estetista-corso-di-formazione-teorica","title":{"rendered":"ESTETISTA &#8211; corso di formazione teorica"},"content":{"rendered":"<table style=\"width: 270px;\">\n<tbody>\n<tr>\n<td style=\"width: 262px;\"><strong>\u00a0<\/strong><\/p>\n<p><strong>Titolo corso 10<\/strong><\/td>\n<\/tr>\n<tr>\n<td style=\"width: 262px;\"><strong>ESTETISTA &#8211; corso di formazione teorica<\/strong><\/td>\n<\/tr>\n<tr>\n<td style=\"width: 262px;\"><strong>Qualifica Professionale\u00a0 molto\u00a0 richiesta ai fini occupazionali e per aprire attivita\u2019 imprenditoriali.<\/strong> Estetista abilitato all&#8217;esercizio dell&#8217;attivit\u00e0 autonoma (art.3 comma 1, lettere b) e c) della L. n. \/1990<\/td>\n<\/tr>\n<tr>\n<td style=\"width: 262px;\"><strong>Soggetto attuatore : <\/strong>\u00a0 Sicur Work Engineering (SWE)<\/td>\n<\/tr>\n<tr>\n<td style=\"width: 262px;\"><strong>Sedi del corso:<\/strong> S.Eraclio zona Industriale ( Foligno PG) Via agostino Campi snc, Terni Via Mincio ,\u00a0 Spoleto , Perugia<\/td>\n<\/tr>\n<tr>\n<td style=\"width: 262px;\"><strong>Durata ore : <\/strong>300:00 ore<\/td>\n<\/tr>\n<tr>\n<td style=\"width: 262px;\"><strong>Tipologia dei destinatari e eventuali requisiti di accesso :<\/strong><\/p>\n<p>Il corso \u00e8 rivolto, secondo quanto previsto dall\u2019art. 3 comma 1, lettera b) e c) della L. n. 1 del 4\/1\/90 \u201cDisciplina dell\u2019attivit\u00e0 di estetista\u201d, a coloro che provengano un periodo di inserimento della durata di almeno un anno in qualit\u00e0 di dipendente, a tempo pieno, presso uno studio medico specializzato oppure un\u2019impresa di estetista, successiva allo svolgimento di un rapporto di apprendistato presso una impresa di estetista, della durata prevista dalla contrattazione collettiva di categoria, oppure, comprovante un periodo, non inferiore a tre anni, di attivit\u00e0 lavorativa qualificata, a tempo pieno, in qualit\u00e0 di dipendente o collaboratore familiare, presso una impresa di estetista (il periodo di attivit\u00e0, svolto nel corso del quinquennio antecedente all&#8217;iscrizione al percorso in oggetto).<\/td>\n<\/tr>\n<tr>\n<td style=\"width: 262px;\"><strong>Modalit\u00e0 di accertamento del possesso individuale \u00a0dei requisiti di ammissione: <\/strong><\/p>\n<p>Documentazione comprovante un periodo di inserimento della durata di almeno un anno in qualit\u00e0 di dipendente, a tempo pieno, presso uno studio medico specializzato oppure un\u2019impresa di estetista, successiva allo svolgimento di un rapporto di apprendistato presso una impresa di estetista, della durata prevista dalla contrattazione collettiva di categoria, oppure, comprovante un periodo, non inferiore a tre anni, di attivit\u00e0 lavorativa qualificata, a tempo pieno, in qualit\u00e0 di dipendente o collaboratore familiare, presso una impresa di estetista (il periodo di attivit\u00e0, svolto nel corso del quinquennio antecedente all&#8217;iscrizione al percorso in oggetto).<\/p>\n<p>L&#8217;ente formativo richiede idonea documentazione comprovante il possesso dei requisiti richiesti.<\/p>\n<p>CV e sottoscrizione del modulo di iscrizione. Autocertificazione ai sensi dell\u2019 art. 46 D.P.R.445\/2000<\/p>\n<p>Il possesso dei requisiti verr\u00e0 accertato attraverso l&#8217;esame dell&#8217;apposita domanda di iscrizione corredata dalla copia di un documento di riconoscimento in corso di validit\u00e0.<\/td>\n<\/tr>\n<tr>\n<td style=\"width: 262px;\"><strong>\u00a0<\/strong><\/p>\n<p><strong>Periodi e orario di svolgimento del corso :<\/strong><\/p>\n<p>Da definire con gli utenti e concordare con gli allievi iscritti.<\/td>\n<\/tr>\n<tr>\n<td style=\"width: 262px;\"><strong>Tipo di attestazioni rilasciate :<\/strong><\/p>\n<p>Estetista abilitato all&#8217;esercizio dell&#8217;attivit\u00e0 autonoma (art.3 comma 1, lettere b) e c) della L. n. \/1990<\/p>\n<p>Attestato di qualifica di cui \u00e8 richiesto il rilascio alla Regione.<\/p>\n<p><a href=\"http:\/\/sweformaeuropa.it\/?page_id=1972\">PER INFO ED ISCRIZIONE CLICCA QUI<\/a><\/td>\n<\/tr>\n<\/tbody>\n<\/table>\n","protected":false},"excerpt":{"rendered":"<p>\u00a0 Titolo corso 10 ESTETISTA &#8211; corso di formazione teorica Qualifica Professionale\u00a0 molto\u00a0 richiesta ai fini occupazionali e per aprire attivita\u2019 imprenditoriali. Estetista abilitato all&#8217;esercizio dell&#8217;attivit\u00e0 autonoma (art.3 comma 1, lettere b) e c) della L. n. \/1990 Soggetto attuatore : \u00a0 Sicur Work Engineering (SWE) Sedi del corso: S.Eraclio zona Industriale ( Foligno PG)<\/p>\n","protected":false},"featured_media":3158,"comment_status":"closed","ping_status":"closed","template":"","meta":[],"product_brand":[],"product_cat":[40,53],"product_tag":[],"class_list":{"0":"post-2481","1":"product","2":"type-product","3":"status-publish","4":"has-post-thumbnail","6":"product_cat-corsi-gratuiti","7":"product_cat-corsi-regione-umbria","9":"first","10":"instock","11":"sale","12":"taxable","13":"shipping-taxable","14":"purchasable","15":"product-type-simple"},"yoast_head":"<!-- This site is optimized with the Yoast SEO plugin v27.4 - https:\/\/yoast.com\/product\/yoast-seo-wordpress\/ -->\n<title>ESTETISTA - corso di formazione teorica - Lavoro, Sicurezza, Consulenze e Formazione Sicur Work Engineering<\/title>\n<meta name=\"robots\" content=\"index, follow, max-snippet:-1, max-image-preview:large, max-video-preview:-1\" \/>\n<link rel=\"canonical\" href=\"https:\/\/cercalavoro.net\/?product=estetista-corso-di-formazione-teorica\" \/>\n<meta property=\"og:locale\" content=\"it_IT\" \/>\n<meta property=\"og:type\" content=\"article\" \/>\n<meta property=\"og:title\" content=\"ESTETISTA - corso di formazione teorica - Lavoro, Sicurezza, Consulenze e Formazione Sicur Work Engineering\" \/>\n<meta property=\"og:description\" content=\"\u00a0 Titolo corso 10 ESTETISTA &#8211; corso di formazione teorica Qualifica Professionale\u00a0 molto\u00a0 richiesta ai fini occupazionali e per aprire attivita\u2019 imprenditoriali. Estetista abilitato all&#8217;esercizio dell&#8217;attivit\u00e0 autonoma (art.3 comma 1, lettere b) e c) della L. n. \/1990 Soggetto attuatore : \u00a0 Sicur Work Engineering (SWE) Sedi del corso: S.Eraclio zona Industriale ( Foligno PG)\" \/>\n<meta property=\"og:url\" content=\"https:\/\/cercalavoro.net\/?product=estetista-corso-di-formazione-teorica\" \/>\n<meta property=\"og:site_name\" content=\"Lavoro, Sicurezza, Consulenze e Formazione Sicur Work Engineering\" \/>\n<meta property=\"article:modified_time\" content=\"2021-02-25T16:29:49+00:00\" \/>\n<meta property=\"og:image\" content=\"https:\/\/cercalavoro.net\/wp-content\/uploads\/2020\/10\/ESTETISTA-150x150-3.jpg\" \/>\n\t<meta property=\"og:image:width\" content=\"150\" \/>\n\t<meta property=\"og:image:height\" content=\"150\" \/>\n\t<meta property=\"og:image:type\" content=\"image\/jpeg\" \/>\n<meta name=\"twitter:card\" content=\"summary_large_image\" \/>\n<meta name=\"twitter:label1\" content=\"Tempo di lettura stimato\" \/>\n\t<meta name=\"twitter:data1\" content=\"2 minuti\" \/>\n<script type=\"application\/ld+json\" class=\"yoast-schema-graph\">{\"@context\":\"https:\\\/\\\/schema.org\",\"@graph\":[{\"@type\":\"WebPage\",\"@id\":\"https:\\\/\\\/cercalavoro.net\\\/?product=estetista-corso-di-formazione-teorica\",\"url\":\"https:\\\/\\\/cercalavoro.net\\\/?product=estetista-corso-di-formazione-teorica\",\"name\":\"ESTETISTA - corso di formazione teorica - Lavoro, Sicurezza, Consulenze e Formazione Sicur Work Engineering\",\"isPartOf\":{\"@id\":\"https:\\\/\\\/cercalavoro.net\\\/#website\"},\"primaryImageOfPage\":{\"@id\":\"https:\\\/\\\/cercalavoro.net\\\/?product=estetista-corso-di-formazione-teorica#primaryimage\"},\"image\":{\"@id\":\"https:\\\/\\\/cercalavoro.net\\\/?product=estetista-corso-di-formazione-teorica#primaryimage\"},\"thumbnailUrl\":\"https:\\\/\\\/cercalavoro.net\\\/wp-content\\\/uploads\\\/2020\\\/10\\\/ESTETISTA-150x150-3.jpg\",\"datePublished\":\"2017-12-13T14:52:52+00:00\",\"dateModified\":\"2021-02-25T16:29:49+00:00\",\"breadcrumb\":{\"@id\":\"https:\\\/\\\/cercalavoro.net\\\/?product=estetista-corso-di-formazione-teorica#breadcrumb\"},\"inLanguage\":\"it-IT\",\"potentialAction\":[{\"@type\":\"ReadAction\",\"target\":[\"https:\\\/\\\/cercalavoro.net\\\/?product=estetista-corso-di-formazione-teorica\"]}]},{\"@type\":\"ImageObject\",\"inLanguage\":\"it-IT\",\"@id\":\"https:\\\/\\\/cercalavoro.net\\\/?product=estetista-corso-di-formazione-teorica#primaryimage\",\"url\":\"https:\\\/\\\/cercalavoro.net\\\/wp-content\\\/uploads\\\/2020\\\/10\\\/ESTETISTA-150x150-3.jpg\",\"contentUrl\":\"https:\\\/\\\/cercalavoro.net\\\/wp-content\\\/uploads\\\/2020\\\/10\\\/ESTETISTA-150x150-3.jpg\",\"width\":150,\"height\":150},{\"@type\":\"BreadcrumbList\",\"@id\":\"https:\\\/\\\/cercalavoro.net\\\/?product=estetista-corso-di-formazione-teorica#breadcrumb\",\"itemListElement\":[{\"@type\":\"ListItem\",\"position\":1,\"name\":\"Home\",\"item\":\"https:\\\/\\\/cercalavoro.net\\\/\"},{\"@type\":\"ListItem\",\"position\":2,\"name\":\"Shop\",\"item\":\"https:\\\/\\\/cercalavoro.net\\\/?page_id=283\"},{\"@type\":\"ListItem\",\"position\":3,\"name\":\"ESTETISTA &#8211; corso di formazione teorica\"}]},{\"@type\":\"WebSite\",\"@id\":\"https:\\\/\\\/cercalavoro.net\\\/#website\",\"url\":\"https:\\\/\\\/cercalavoro.net\\\/\",\"name\":\"Lavoro, Sicurezza, Consulenze e Formazione Sicur Work Engineering\",\"description\":\"Sicurezza e Formazione. Garantire il successo in un mondo in continua evoluzione.\",\"potentialAction\":[{\"@type\":\"SearchAction\",\"target\":{\"@type\":\"EntryPoint\",\"urlTemplate\":\"https:\\\/\\\/cercalavoro.net\\\/?s={search_term_string}\"},\"query-input\":{\"@type\":\"PropertyValueSpecification\",\"valueRequired\":true,\"valueName\":\"search_term_string\"}}],\"inLanguage\":\"it-IT\"}]}<\/script>\n<!-- \/ Yoast SEO plugin. -->","yoast_head_json":{"title":"ESTETISTA - corso di formazione teorica - Lavoro, Sicurezza, Consulenze e Formazione Sicur Work Engineering","robots":{"index":"index","follow":"follow","max-snippet":"max-snippet:-1","max-image-preview":"max-image-preview:large","max-video-preview":"max-video-preview:-1"},"canonical":"https:\/\/cercalavoro.net\/?product=estetista-corso-di-formazione-teorica","og_locale":"it_IT","og_type":"article","og_title":"ESTETISTA - corso di formazione teorica - Lavoro, Sicurezza, Consulenze e Formazione Sicur Work Engineering","og_description":"\u00a0 Titolo corso 10 ESTETISTA &#8211; corso di formazione teorica Qualifica Professionale\u00a0 molto\u00a0 richiesta ai fini occupazionali e per aprire attivita\u2019 imprenditoriali. Estetista abilitato all&#8217;esercizio dell&#8217;attivit\u00e0 autonoma (art.3 comma 1, lettere b) e c) della L. n. \/1990 Soggetto attuatore : \u00a0 Sicur Work Engineering (SWE) Sedi del corso: S.Eraclio zona Industriale ( Foligno PG)","og_url":"https:\/\/cercalavoro.net\/?product=estetista-corso-di-formazione-teorica","og_site_name":"Lavoro, Sicurezza, Consulenze e Formazione Sicur Work Engineering","article_modified_time":"2021-02-25T16:29:49+00:00","og_image":[{"width":150,"height":150,"url":"https:\/\/cercalavoro.net\/wp-content\/uploads\/2020\/10\/ESTETISTA-150x150-3.jpg","type":"image\/jpeg"}],"twitter_card":"summary_large_image","twitter_misc":{"Tempo di lettura stimato":"2 minuti"},"schema":{"@context":"https:\/\/schema.org","@graph":[{"@type":"WebPage","@id":"https:\/\/cercalavoro.net\/?product=estetista-corso-di-formazione-teorica","url":"https:\/\/cercalavoro.net\/?product=estetista-corso-di-formazione-teorica","name":"ESTETISTA - corso di formazione teorica - Lavoro, Sicurezza, Consulenze e Formazione Sicur Work Engineering","isPartOf":{"@id":"https:\/\/cercalavoro.net\/#website"},"primaryImageOfPage":{"@id":"https:\/\/cercalavoro.net\/?product=estetista-corso-di-formazione-teorica#primaryimage"},"image":{"@id":"https:\/\/cercalavoro.net\/?product=estetista-corso-di-formazione-teorica#primaryimage"},"thumbnailUrl":"https:\/\/cercalavoro.net\/wp-content\/uploads\/2020\/10\/ESTETISTA-150x150-3.jpg","datePublished":"2017-12-13T14:52:52+00:00","dateModified":"2021-02-25T16:29:49+00:00","breadcrumb":{"@id":"https:\/\/cercalavoro.net\/?product=estetista-corso-di-formazione-teorica#breadcrumb"},"inLanguage":"it-IT","potentialAction":[{"@type":"ReadAction","target":["https:\/\/cercalavoro.net\/?product=estetista-corso-di-formazione-teorica"]}]},{"@type":"ImageObject","inLanguage":"it-IT","@id":"https:\/\/cercalavoro.net\/?product=estetista-corso-di-formazione-teorica#primaryimage","url":"https:\/\/cercalavoro.net\/wp-content\/uploads\/2020\/10\/ESTETISTA-150x150-3.jpg","contentUrl":"https:\/\/cercalavoro.net\/wp-content\/uploads\/2020\/10\/ESTETISTA-150x150-3.jpg","width":150,"height":150},{"@type":"BreadcrumbList","@id":"https:\/\/cercalavoro.net\/?product=estetista-corso-di-formazione-teorica#breadcrumb","itemListElement":[{"@type":"ListItem","position":1,"name":"Home","item":"https:\/\/cercalavoro.net\/"},{"@type":"ListItem","position":2,"name":"Shop","item":"https:\/\/cercalavoro.net\/?page_id=283"},{"@type":"ListItem","position":3,"name":"ESTETISTA &#8211; corso di formazione teorica"}]},{"@type":"WebSite","@id":"https:\/\/cercalavoro.net\/#website","url":"https:\/\/cercalavoro.net\/","name":"Lavoro, Sicurezza, Consulenze e Formazione Sicur Work Engineering","description":"Sicurezza e Formazione. Garantire il successo in un mondo in continua evoluzione.","potentialAction":[{"@type":"SearchAction","target":{"@type":"EntryPoint","urlTemplate":"https:\/\/cercalavoro.net\/?s={search_term_string}"},"query-input":{"@type":"PropertyValueSpecification","valueRequired":true,"valueName":"search_term_string"}}],"inLanguage":"it-IT"}]}},"jetpack_sharing_enabled":true,"_links":{"self":[{"href":"https:\/\/cercalavoro.net\/index.php?rest_route=\/wp\/v2\/product\/2481","targetHints":{"allow":["GET"]}}],"collection":[{"href":"https:\/\/cercalavoro.net\/index.php?rest_route=\/wp\/v2\/product"}],"about":[{"href":"https:\/\/cercalavoro.net\/index.php?rest_route=\/wp\/v2\/types\/product"}],"replies":[{"embeddable":true,"href":"https:\/\/cercalavoro.net\/index.php?rest_route=%2Fwp%2Fv2%2Fcomments&post=2481"}],"wp:featuredmedia":[{"embeddable":true,"href":"https:\/\/cercalavoro.net\/index.php?rest_route=\/wp\/v2\/media\/3158"}],"wp:attachment":[{"href":"https:\/\/cercalavoro.net\/index.php?rest_route=%2Fwp%2Fv2%2Fmedia&parent=2481"}],"wp:term":[{"taxonomy":"product_brand","embeddable":true,"href":"https:\/\/cercalavoro.net\/index.php?rest_route=%2Fwp%2Fv2%2Fproduct_brand&post=2481"},{"taxonomy":"product_cat","embeddable":true,"href":"https:\/\/cercalavoro.net\/index.php?rest_route=%2Fwp%2Fv2%2Fproduct_cat&post=2481"},{"taxonomy":"product_tag","embeddable":true,"href":"https:\/\/cercalavoro.net\/index.php?rest_route=%2Fwp%2Fv2%2Fproduct_tag&post=2481"}],"curies":[{"name":"wp","href":"https:\/\/api.w.org\/{rel}","templated":true}]}}