{"id":2561,"date":"2017-12-28T10:42:02","date_gmt":"2017-12-28T09:42:02","guid":{"rendered":"http:\/\/sweformaeuropa.it\/?post_type=product&#038;p=2561"},"modified":"2021-03-05T16:33:57","modified_gmt":"2021-03-05T15:33:57","slug":"7","status":"publish","type":"product","link":"https:\/\/cercalavoro.net\/?product=7","title":{"rendered":"EIPASS LAB"},"content":{"rendered":"<div align=\"center\">\n<p><img decoding=\"async\" class=\"aligncenter size-full wp-image-349618 lazyload\" src=\"data:image\/gif;base64,R0lGODlhAQABAIAAAAAAAP\/\/\/yH5BAEAAAAALAAAAAABAAEAAAIBRAA7\" data-src=\"https:\/\/it.eipass.com\/wp-content\/uploads\/2015\/09\/xlab.gif.pagespeed.ic.YgfIDUDqdE.webp\" alt=\"immagine personale ata\" width=\"150\" height=\"150\" data-pagespeed-url-hash=\"2310183750\" \/><noscript><img decoding=\"async\" class=\"aligncenter size-full wp-image-349618 lazyload\" src=\"https:\/\/it.eipass.com\/wp-content\/uploads\/2015\/09\/xlab.gif.pagespeed.ic.YgfIDUDqdE.webp\" alt=\"immagine personale ata\" width=\"150\" height=\"150\" data-pagespeed-url-hash=\"2310183750\" \/><\/noscript><\/p>\n<h4 class=\"uppercase\"><span class=\"thin-font\">EIPASS<\/span><br \/>\nLAB<\/h4>\n<div class=\"social-icons share-row\"><\/div>\n<\/div>\n<div class=\"tx-div full clearfix\"><\/div>\n<h3>Programma in aggiornamento<\/h3>\n<p>Il Centro Studi EIPASS sta gi\u00e0 elaborando un nuovo programma che garantisca il principio di aggiornamento, nella consapevolezza che le ICT sono un settore in costante rinnovamento ed \u00e8 quindi indispensabile assicurare agli utenti elevati standard qualitativi.<\/p>\n<p>La certificazione EIPASS Lab attesta il possesso delle competenze informatiche necessarie per:<\/p>\n<ul class=\"fa-ul\">\n<li><i class=\"fa-li fa fa-angle-right\"><\/i><strong>configurare<\/strong>\u00a0le stazioni di lavoro,<\/li>\n<li><i class=\"fa-li fa fa-angle-right\"><\/i><strong>installare e disinstallare<\/strong>\u00a0i software applicativi,<\/li>\n<li><i class=\"fa-li fa fa-angle-right\"><\/i><strong>gestire le reti<\/strong>\u00a0di scuole, enti ed aziende dal punto di vista del loro uso quotidiano,<\/li>\n<li><i class=\"fa-li fa fa-angle-right\"><\/i><strong>fornire supporto<\/strong>\u00a0a impiegati e\/o docenti della scuola o della rete di scuole per l\u2019uso degli strumenti tecnologici,<\/li>\n<li><i class=\"fa-li fa fa-angle-right\"><\/i>avere una\u00a0<strong>visione dello sviluppo<\/strong>\u00a0delle tecnologie sufficiente per fornire consulenza ai funzionari e\/o ai dirigenti scolastici per le scelte dell\u2019ente o della scuola in questo ambito.<\/li>\n<\/ul>\n<p>Considerata l\u2019esponenziale crescita del numero di persone e, soprattutto, di enti ed aziende che quotidianamente si affacciano al networking, \u00e8 in costante aumento la richiesta di esperti qualificati per la progettazione, la realizzazione, l\u2019implementazione e la manutenzione di reti LAN, tramite cui si organizza e si rende pi\u00f9 efficiente la comunicazione digitale interna ed esterna.<br \/>\nDisporre di un efficace sistema di comunicazione vuol dire ottimizzare il lavoro e aggiungere, quindi, valore all\u2019ente o all\u2019azienda stessa: tramite la rete LAN si \u201ccollegano\u201d gli utenti a risorse e servizi centralizzati per<\/p>\n<ul class=\"fa-ul\">\n<li><i class=\"fa-li fa fa-angle-right\"><\/i>contenere i costi,<\/li>\n<li><i class=\"fa-li fa fa-angle-right\"><\/i>agevolare lo scambio di dati.<\/li>\n<\/ul>\n<p>Una rete informatica \u00e8 un insieme di computer e altri dispositivi, collegati fra loro. Il sistema permette a questi dispositivi di condividere informazioni e risorse e di comunicare fra loro. La rete LAN (Local Area Networking) \u00e8 quella di dimensioni pi\u00f9 piccole perch\u00e9 finalizzata al collegamento di computer e dispositivi tutti appartenenti ad un\u2019unica entit\u00e0, come ad esempio, un\u2019azienda o una scuola.<\/p>\n<p>Scuole, Enti pubblici, Universit\u00e0 e Aziende sono, quindi, regolarmente dotate di rete LAN; spesso manca, per\u00f2, un esperto che possa manutenerla, intervenendo tempestivamente in caso di problemi tecnici che interrompano l\u2019erogazione dei servizi (o della didattica, per esempio, a scuola), obbligando l\u2019ente a richiedere l\u2019intervento di onerose professionalit\u00e0 esterne.<\/p>\n<p>EIPASS Lab \u00e8 il programma di certificazione che consente di acquisire ed attestare il possesso delle competenze e delle abilit\u00e0 necessarie per gestire efficacemente una rete LAN.<\/p>\n<hr \/>\n<h3>Destinatari<\/h3>\n<p>EIPASS Lab \u00e8 la certificazione informatica pi\u00f9 adatta a<\/p>\n<ul class=\"fa-ul\">\n<li><i class=\"fa-li fa fa-angle-right\"><\/i>coloro che intendono acquisire le nozioni e le competenze necessarie per operare come libero professionista o proporre la propria candidatura in aziende che operano nel settore,<\/li>\n<li><i class=\"fa-li fa fa-angle-right\"><\/i>al personale ATA degli Istituti Scolastici che, cos\u00ec, si qualifica come garante del perfetto funzionamento della rete utilizzata normalmente per le attivit\u00e0 didattiche ed amministrative.<\/li>\n<\/ul>\n","protected":false},"excerpt":{"rendered":"<p>EIPASS LAB Programma in aggiornamento Il Centro Studi EIPASS sta gi\u00e0 elaborando un nuovo programma che garantisca il principio di aggiornamento, nella consapevolezza che le ICT sono un settore in costante rinnovamento ed \u00e8 quindi indispensabile assicurare agli utenti elevati standard qualitativi. La certificazione EIPASS Lab attesta il possesso delle competenze informatiche necessarie per: configurare\u00a0le<\/p>\n","protected":false},"featured_media":3128,"comment_status":"closed","ping_status":"closed","template":"","meta":[],"product_brand":[],"product_cat":[41],"product_tag":[],"class_list":{"0":"post-2561","1":"product","2":"type-product","3":"status-publish","4":"has-post-thumbnail","6":"product_cat-certificazioni-eipass","8":"first","9":"instock","10":"sale","11":"taxable","12":"shipping-taxable","13":"purchasable","14":"product-type-simple"},"yoast_head":"<!-- This site is optimized with the Yoast SEO plugin v27.4 - https:\/\/yoast.com\/product\/yoast-seo-wordpress\/ -->\n<title>EIPASS LAB - Lavoro, Sicurezza, Consulenze e Formazione Sicur Work Engineering<\/title>\n<meta name=\"robots\" content=\"index, follow, max-snippet:-1, max-image-preview:large, max-video-preview:-1\" \/>\n<link rel=\"canonical\" href=\"https:\/\/cercalavoro.net\/?product=7\" \/>\n<meta property=\"og:locale\" content=\"it_IT\" \/>\n<meta property=\"og:type\" content=\"article\" \/>\n<meta property=\"og:title\" content=\"EIPASS LAB - Lavoro, Sicurezza, Consulenze e Formazione Sicur Work Engineering\" \/>\n<meta property=\"og:description\" content=\"EIPASS LAB Programma in aggiornamento Il Centro Studi EIPASS sta gi\u00e0 elaborando un nuovo programma che garantisca il principio di aggiornamento, nella consapevolezza che le ICT sono un settore in costante rinnovamento ed \u00e8 quindi indispensabile assicurare agli utenti elevati standard qualitativi. La certificazione EIPASS Lab attesta il possesso delle competenze informatiche necessarie per: configurare\u00a0le\" \/>\n<meta property=\"og:url\" content=\"https:\/\/cercalavoro.net\/?product=7\" \/>\n<meta property=\"og:site_name\" content=\"Lavoro, Sicurezza, Consulenze e Formazione Sicur Work Engineering\" \/>\n<meta property=\"article:modified_time\" content=\"2021-03-05T15:33:57+00:00\" \/>\n<meta property=\"og:image\" content=\"https:\/\/cercalavoro.net\/wp-content\/uploads\/2020\/10\/20180103_174609-2.jpg\" \/>\n\t<meta property=\"og:image:width\" content=\"150\" \/>\n\t<meta property=\"og:image:height\" content=\"150\" \/>\n\t<meta property=\"og:image:type\" content=\"image\/jpeg\" \/>\n<meta name=\"twitter:card\" content=\"summary_large_image\" \/>\n<meta name=\"twitter:label1\" content=\"Tempo di lettura stimato\" \/>\n\t<meta name=\"twitter:data1\" content=\"2 minuti\" \/>\n<script type=\"application\/ld+json\" class=\"yoast-schema-graph\">{\"@context\":\"https:\\\/\\\/schema.org\",\"@graph\":[{\"@type\":\"WebPage\",\"@id\":\"https:\\\/\\\/cercalavoro.net\\\/?product=7\",\"url\":\"https:\\\/\\\/cercalavoro.net\\\/?product=7\",\"name\":\"EIPASS LAB - Lavoro, Sicurezza, Consulenze e Formazione Sicur Work Engineering\",\"isPartOf\":{\"@id\":\"https:\\\/\\\/cercalavoro.net\\\/#website\"},\"primaryImageOfPage\":{\"@id\":\"https:\\\/\\\/cercalavoro.net\\\/?product=7#primaryimage\"},\"image\":{\"@id\":\"https:\\\/\\\/cercalavoro.net\\\/?product=7#primaryimage\"},\"thumbnailUrl\":\"https:\\\/\\\/cercalavoro.net\\\/wp-content\\\/uploads\\\/2020\\\/10\\\/20180103_174609-2.jpg\",\"datePublished\":\"2017-12-28T09:42:02+00:00\",\"dateModified\":\"2021-03-05T15:33:57+00:00\",\"breadcrumb\":{\"@id\":\"https:\\\/\\\/cercalavoro.net\\\/?product=7#breadcrumb\"},\"inLanguage\":\"it-IT\",\"potentialAction\":[{\"@type\":\"ReadAction\",\"target\":[\"https:\\\/\\\/cercalavoro.net\\\/?product=7\"]}]},{\"@type\":\"ImageObject\",\"inLanguage\":\"it-IT\",\"@id\":\"https:\\\/\\\/cercalavoro.net\\\/?product=7#primaryimage\",\"url\":\"https:\\\/\\\/cercalavoro.net\\\/wp-content\\\/uploads\\\/2020\\\/10\\\/20180103_174609-2.jpg\",\"contentUrl\":\"https:\\\/\\\/cercalavoro.net\\\/wp-content\\\/uploads\\\/2020\\\/10\\\/20180103_174609-2.jpg\",\"width\":150,\"height\":150},{\"@type\":\"BreadcrumbList\",\"@id\":\"https:\\\/\\\/cercalavoro.net\\\/?product=7#breadcrumb\",\"itemListElement\":[{\"@type\":\"ListItem\",\"position\":1,\"name\":\"Home\",\"item\":\"https:\\\/\\\/cercalavoro.net\\\/\"},{\"@type\":\"ListItem\",\"position\":2,\"name\":\"Shop\",\"item\":\"https:\\\/\\\/cercalavoro.net\\\/?page_id=283\"},{\"@type\":\"ListItem\",\"position\":3,\"name\":\"EIPASS LAB\"}]},{\"@type\":\"WebSite\",\"@id\":\"https:\\\/\\\/cercalavoro.net\\\/#website\",\"url\":\"https:\\\/\\\/cercalavoro.net\\\/\",\"name\":\"Lavoro, Sicurezza, Consulenze e Formazione Sicur Work Engineering\",\"description\":\"Sicurezza e Formazione. Garantire il successo in un mondo in continua evoluzione.\",\"potentialAction\":[{\"@type\":\"SearchAction\",\"target\":{\"@type\":\"EntryPoint\",\"urlTemplate\":\"https:\\\/\\\/cercalavoro.net\\\/?s={search_term_string}\"},\"query-input\":{\"@type\":\"PropertyValueSpecification\",\"valueRequired\":true,\"valueName\":\"search_term_string\"}}],\"inLanguage\":\"it-IT\"}]}<\/script>\n<!-- \/ Yoast SEO plugin. -->","yoast_head_json":{"title":"EIPASS LAB - Lavoro, Sicurezza, Consulenze e Formazione Sicur Work Engineering","robots":{"index":"index","follow":"follow","max-snippet":"max-snippet:-1","max-image-preview":"max-image-preview:large","max-video-preview":"max-video-preview:-1"},"canonical":"https:\/\/cercalavoro.net\/?product=7","og_locale":"it_IT","og_type":"article","og_title":"EIPASS LAB - Lavoro, Sicurezza, Consulenze e Formazione Sicur Work Engineering","og_description":"EIPASS LAB Programma in aggiornamento Il Centro Studi EIPASS sta gi\u00e0 elaborando un nuovo programma che garantisca il principio di aggiornamento, nella consapevolezza che le ICT sono un settore in costante rinnovamento ed \u00e8 quindi indispensabile assicurare agli utenti elevati standard qualitativi. La certificazione EIPASS Lab attesta il possesso delle competenze informatiche necessarie per: configurare\u00a0le","og_url":"https:\/\/cercalavoro.net\/?product=7","og_site_name":"Lavoro, Sicurezza, Consulenze e Formazione Sicur Work Engineering","article_modified_time":"2021-03-05T15:33:57+00:00","og_image":[{"width":150,"height":150,"url":"https:\/\/cercalavoro.net\/wp-content\/uploads\/2020\/10\/20180103_174609-2.jpg","type":"image\/jpeg"}],"twitter_card":"summary_large_image","twitter_misc":{"Tempo di lettura stimato":"2 minuti"},"schema":{"@context":"https:\/\/schema.org","@graph":[{"@type":"WebPage","@id":"https:\/\/cercalavoro.net\/?product=7","url":"https:\/\/cercalavoro.net\/?product=7","name":"EIPASS LAB - Lavoro, Sicurezza, Consulenze e Formazione Sicur Work Engineering","isPartOf":{"@id":"https:\/\/cercalavoro.net\/#website"},"primaryImageOfPage":{"@id":"https:\/\/cercalavoro.net\/?product=7#primaryimage"},"image":{"@id":"https:\/\/cercalavoro.net\/?product=7#primaryimage"},"thumbnailUrl":"https:\/\/cercalavoro.net\/wp-content\/uploads\/2020\/10\/20180103_174609-2.jpg","datePublished":"2017-12-28T09:42:02+00:00","dateModified":"2021-03-05T15:33:57+00:00","breadcrumb":{"@id":"https:\/\/cercalavoro.net\/?product=7#breadcrumb"},"inLanguage":"it-IT","potentialAction":[{"@type":"ReadAction","target":["https:\/\/cercalavoro.net\/?product=7"]}]},{"@type":"ImageObject","inLanguage":"it-IT","@id":"https:\/\/cercalavoro.net\/?product=7#primaryimage","url":"https:\/\/cercalavoro.net\/wp-content\/uploads\/2020\/10\/20180103_174609-2.jpg","contentUrl":"https:\/\/cercalavoro.net\/wp-content\/uploads\/2020\/10\/20180103_174609-2.jpg","width":150,"height":150},{"@type":"BreadcrumbList","@id":"https:\/\/cercalavoro.net\/?product=7#breadcrumb","itemListElement":[{"@type":"ListItem","position":1,"name":"Home","item":"https:\/\/cercalavoro.net\/"},{"@type":"ListItem","position":2,"name":"Shop","item":"https:\/\/cercalavoro.net\/?page_id=283"},{"@type":"ListItem","position":3,"name":"EIPASS LAB"}]},{"@type":"WebSite","@id":"https:\/\/cercalavoro.net\/#website","url":"https:\/\/cercalavoro.net\/","name":"Lavoro, Sicurezza, Consulenze e Formazione Sicur Work Engineering","description":"Sicurezza e Formazione. Garantire il successo in un mondo in continua evoluzione.","potentialAction":[{"@type":"SearchAction","target":{"@type":"EntryPoint","urlTemplate":"https:\/\/cercalavoro.net\/?s={search_term_string}"},"query-input":{"@type":"PropertyValueSpecification","valueRequired":true,"valueName":"search_term_string"}}],"inLanguage":"it-IT"}]}},"jetpack_sharing_enabled":true,"_links":{"self":[{"href":"https:\/\/cercalavoro.net\/index.php?rest_route=\/wp\/v2\/product\/2561","targetHints":{"allow":["GET"]}}],"collection":[{"href":"https:\/\/cercalavoro.net\/index.php?rest_route=\/wp\/v2\/product"}],"about":[{"href":"https:\/\/cercalavoro.net\/index.php?rest_route=\/wp\/v2\/types\/product"}],"replies":[{"embeddable":true,"href":"https:\/\/cercalavoro.net\/index.php?rest_route=%2Fwp%2Fv2%2Fcomments&post=2561"}],"wp:featuredmedia":[{"embeddable":true,"href":"https:\/\/cercalavoro.net\/index.php?rest_route=\/wp\/v2\/media\/3128"}],"wp:attachment":[{"href":"https:\/\/cercalavoro.net\/index.php?rest_route=%2Fwp%2Fv2%2Fmedia&parent=2561"}],"wp:term":[{"taxonomy":"product_brand","embeddable":true,"href":"https:\/\/cercalavoro.net\/index.php?rest_route=%2Fwp%2Fv2%2Fproduct_brand&post=2561"},{"taxonomy":"product_cat","embeddable":true,"href":"https:\/\/cercalavoro.net\/index.php?rest_route=%2Fwp%2Fv2%2Fproduct_cat&post=2561"},{"taxonomy":"product_tag","embeddable":true,"href":"https:\/\/cercalavoro.net\/index.php?rest_route=%2Fwp%2Fv2%2Fproduct_tag&post=2561"}],"curies":[{"name":"wp","href":"https:\/\/api.w.org\/{rel}","templated":true}]}}