{"id":2566,"date":"2017-12-28T10:44:29","date_gmt":"2017-12-28T09:44:29","guid":{"rendered":"http:\/\/sweformaeuropa.it\/?post_type=product&#038;p=2566"},"modified":"2021-03-05T16:27:39","modified_gmt":"2021-03-05T15:27:39","slug":"12","status":"publish","type":"product","link":"https:\/\/cercalavoro.net\/?product=12","title":{"rendered":"EIPASS PUBBLICA AMMINISTRAZIONE"},"content":{"rendered":"<div align=\"center\">\n<p><img decoding=\"async\" class=\"aligncenter size-full wp-image-349618 lazyload\" src=\"data:image\/gif;base64,R0lGODlhAQABAIAAAAAAAP\/\/\/yH5BAEAAAAALAAAAAABAAEAAAIBRAA7\" data-src=\"https:\/\/it.eipass.com\/wp-content\/uploads\/2015\/09\/xpa.gif.pagespeed.ic.fmikPmz6s4.webp\" alt=\"immagine personale ata\" width=\"150\" height=\"150\" data-pagespeed-url-hash=\"3797457908\" \/><noscript><img decoding=\"async\" class=\"aligncenter size-full wp-image-349618 lazyload\" src=\"https:\/\/it.eipass.com\/wp-content\/uploads\/2015\/09\/xpa.gif.pagespeed.ic.fmikPmz6s4.webp\" alt=\"immagine personale ata\" width=\"150\" height=\"150\" data-pagespeed-url-hash=\"3797457908\" \/><\/noscript><\/p>\n<h4 class=\"uppercase\"><span class=\"thin-font\">EIPASS<\/span><br \/>\nPUBBLICA AMMINISTRAZIONE<\/h4>\n<div class=\"social-icons share-row\"><\/div>\n<\/div>\n<div class=\"tx-div full clearfix\"><\/div>\n<h3>Moduli d\u2019esame<\/h3>\n<div class=\"descrizione\">\n<ul class=\"fa-ul\">\n<li><i class=\"fa-li fa fa-angle-right\"><\/i>Informatica di base e www<\/li>\n<li><i class=\"fa-li fa fa-angle-right\"><\/i>Codice dell\u2019Amministrazione Digitale<\/li>\n<li><i class=\"fa-li fa fa-angle-right\"><\/i>Documento informatico, conservazione sostitutiva ed archiviazione<\/li>\n<li><i class=\"fa-li fa fa-angle-right\"><\/i>Posta Elettronica Certificata \u2013 CEC-PAC, PEC-ID<\/li>\n<li><i class=\"fa-li fa fa-angle-right\"><\/i>La Protezione dei dati personali<\/li>\n<\/ul>\n<\/div>\n<div class=\"ux-header-element header_button\"><a class=\"circle \" title=\"\" href=\"https:\/\/it.eipass.com\/pdf\/programmi\/Programma_EIPASS_pubblica_amministrazione.pdf\" target=\"_self\" rel=\"noopener noreferrer\">SCARICA IL PROGRAMMA ANALITICO<\/a><\/div>\n<div>\n<p>EIPASS Pubblica Amministrazione \u00e8 il programma che consente ai dipendenti pubblici di attestare il sicuro possesso delle competenze informatiche indispensabili per operare al meglio in un settore vitale per il nostro sviluppo.<\/p>\n<p>Gli interventi legislativi che promuovono la digitalizzazione nella Pubblica Amministrazione si moltiplicano: per migliorare e rendere pi\u00f9 efficiente il servizio assicurato ai cittadini \u00e8 indispensabile creare connettivit\u00e0, utilizzando gli strumenti informatici. Fino a quando, per\u00f2, gli operatori non avranno maturato competenze ed abilit\u00e0 specifiche, ogni intervento sar\u00e0 vano.<\/p>\n<p>Il programma di digitalizzazione della\u00a0Pubblica Amministrazione, basato sugli obiettivi di crescita dettati dall\u2019Agenda Digitale Europea e definiti dall\u2019<a href=\"http:\/\/www.agid.gov.it\/agenda-digitale\/agenda-digitale-italiana\">Agenda Digitale Italiana<\/a>, prevede il suo completamento entro il 2020 e, naturalmente, presenta numerose tappe intermedie: le amministrazioni pubbliche devono essere subito nelle condizioni di fornire servizi digitalizzati efficaci, per allinearsi alle prerogative indicate e raggiungere gli obiettivi prefissati.<\/p>\n<p>Nel\u00a0<a href=\"http:\/\/archivio.digitpa.gov.it\/amministrazione-digitale\/CAD-testo-vigente\" target=\"_blank\" rel=\"noopener noreferrer\">Codice dell\u2019Amministrazione Digitale<\/a>\u00a0(CAD) sono stabiliti gli standard e gli obiettivi previsti. Il principio cardine \u00e8 che \u201ci cittadini e le imprese hanno diritto a richiedere ed ottenere l\u2019uso delle tecnologie telematiche nelle comunicazioni con le pubbliche amministrazioni\u201d (CAD I, Art. 3.1).<\/p>\n<p>Questa norma \u00e8 una perfetta sintesi di tutto ci\u00f2 a cui tende l\u2019e-Government: mettere cittadini, imprese e organizzazioni in grado di svolgere il proprio lavoro con le amministrazioni pubbliche pi\u00f9 facilmente, pi\u00f9 velocemente e con costi minori.<\/p>\n<p>Per raggiungere questi obiettivi \u00e8 indispensabile intervenire ed operare in termini strutturali; tra questi, come accennato, un aspetto fondamentale riguarda la formazione o, meglio, l\u2019<em>alfabetizzazione informatica<\/em>\u00a0di chi lavora nella Pubblica Amministrazione.<\/p>\n<hr \/>\n<h3>Destinatari<\/h3>\n<p>Da tempo, il settore pubblico \u00e8 stato dotato di strumenti operativi idonei per realizzare la completa digitalizzazione (rete di interconnessione nazionale, firma digitale, posta elettronica certificata, protocollo elettronico, servizi per la dematerializzazione, contratti quadro per la fruizione dei servizi in rete).<\/p>\n<p>Ora \u00e8 indispensabile che gli operatori stessi diventino esperti utilizzatori delle risorse informatiche a loro disposizione, per sfruttarne ogni utilit\u00e0 e ottenere tutti i possibili vantaggi, sia in termini di risparmio che di efficienza.<\/p>\n<p>EIPASS Pubblica Amministrazione \u00e8 lo strumento tramite cui tutti i dipendenti pubblici e tutti coloro che vogliono lavorare nella PA, possono acquisire, accrescere e impiegare professionalmente le competenze digitali necessarie per essere un operatore efficiente e contribuire, nei fatti, all\u2019implementazione della qualit\u00e0 dei servizi erogati ad imprese e cittadini.<\/p>\n<\/div>\n","protected":false},"excerpt":{"rendered":"<p>EIPASS PUBBLICA AMMINISTRAZIONE Moduli d\u2019esame Informatica di base e www Codice dell\u2019Amministrazione Digitale Documento informatico, conservazione sostitutiva ed archiviazione Posta Elettronica Certificata \u2013 CEC-PAC, PEC-ID La Protezione dei dati personali SCARICA IL PROGRAMMA ANALITICO EIPASS Pubblica Amministrazione \u00e8 il programma che consente ai dipendenti pubblici di attestare il sicuro possesso delle competenze informatiche indispensabili per<\/p>\n","protected":false},"featured_media":3135,"comment_status":"closed","ping_status":"closed","template":"","meta":[],"product_brand":[],"product_cat":[41],"product_tag":[],"class_list":{"0":"post-2566","1":"product","2":"type-product","3":"status-publish","4":"has-post-thumbnail","6":"product_cat-certificazioni-eipass","8":"first","9":"instock","10":"sale","11":"taxable","12":"shipping-taxable","13":"purchasable","14":"product-type-simple"},"yoast_head":"<!-- This site is optimized with the Yoast SEO plugin v27.4 - https:\/\/yoast.com\/product\/yoast-seo-wordpress\/ -->\n<title>EIPASS PUBBLICA AMMINISTRAZIONE - Lavoro, Sicurezza, Consulenze e Formazione Sicur Work Engineering<\/title>\n<meta name=\"robots\" content=\"index, follow, max-snippet:-1, max-image-preview:large, max-video-preview:-1\" \/>\n<link rel=\"canonical\" href=\"https:\/\/cercalavoro.net\/?product=12\" \/>\n<meta property=\"og:locale\" content=\"it_IT\" \/>\n<meta property=\"og:type\" content=\"article\" \/>\n<meta property=\"og:title\" content=\"EIPASS PUBBLICA AMMINISTRAZIONE - Lavoro, Sicurezza, Consulenze e Formazione Sicur Work Engineering\" \/>\n<meta property=\"og:description\" content=\"EIPASS PUBBLICA AMMINISTRAZIONE Moduli d\u2019esame Informatica di base e www Codice dell\u2019Amministrazione Digitale Documento informatico, conservazione sostitutiva ed archiviazione Posta Elettronica Certificata \u2013 CEC-PAC, PEC-ID La Protezione dei dati personali SCARICA IL PROGRAMMA ANALITICO EIPASS Pubblica Amministrazione \u00e8 il programma che consente ai dipendenti pubblici di attestare il sicuro possesso delle competenze informatiche indispensabili per\" \/>\n<meta property=\"og:url\" content=\"https:\/\/cercalavoro.net\/?product=12\" \/>\n<meta property=\"og:site_name\" content=\"Lavoro, Sicurezza, Consulenze e Formazione Sicur Work Engineering\" \/>\n<meta property=\"article:modified_time\" content=\"2021-03-05T15:27:39+00:00\" \/>\n<meta property=\"og:image\" content=\"https:\/\/cercalavoro.net\/wp-content\/uploads\/2020\/10\/20180103_175006-149x150-3.jpg\" \/>\n\t<meta property=\"og:image:width\" content=\"149\" \/>\n\t<meta property=\"og:image:height\" content=\"150\" \/>\n\t<meta property=\"og:image:type\" content=\"image\/jpeg\" \/>\n<meta name=\"twitter:card\" content=\"summary_large_image\" \/>\n<meta name=\"twitter:label1\" content=\"Tempo di lettura stimato\" \/>\n\t<meta name=\"twitter:data1\" content=\"2 minuti\" \/>\n<script type=\"application\/ld+json\" class=\"yoast-schema-graph\">{\"@context\":\"https:\\\/\\\/schema.org\",\"@graph\":[{\"@type\":\"WebPage\",\"@id\":\"https:\\\/\\\/cercalavoro.net\\\/?product=12\",\"url\":\"https:\\\/\\\/cercalavoro.net\\\/?product=12\",\"name\":\"EIPASS PUBBLICA AMMINISTRAZIONE - Lavoro, Sicurezza, Consulenze e Formazione Sicur Work Engineering\",\"isPartOf\":{\"@id\":\"https:\\\/\\\/cercalavoro.net\\\/#website\"},\"primaryImageOfPage\":{\"@id\":\"https:\\\/\\\/cercalavoro.net\\\/?product=12#primaryimage\"},\"image\":{\"@id\":\"https:\\\/\\\/cercalavoro.net\\\/?product=12#primaryimage\"},\"thumbnailUrl\":\"https:\\\/\\\/cercalavoro.net\\\/wp-content\\\/uploads\\\/2020\\\/10\\\/20180103_175006-149x150-3.jpg\",\"datePublished\":\"2017-12-28T09:44:29+00:00\",\"dateModified\":\"2021-03-05T15:27:39+00:00\",\"breadcrumb\":{\"@id\":\"https:\\\/\\\/cercalavoro.net\\\/?product=12#breadcrumb\"},\"inLanguage\":\"it-IT\",\"potentialAction\":[{\"@type\":\"ReadAction\",\"target\":[\"https:\\\/\\\/cercalavoro.net\\\/?product=12\"]}]},{\"@type\":\"ImageObject\",\"inLanguage\":\"it-IT\",\"@id\":\"https:\\\/\\\/cercalavoro.net\\\/?product=12#primaryimage\",\"url\":\"https:\\\/\\\/cercalavoro.net\\\/wp-content\\\/uploads\\\/2020\\\/10\\\/20180103_175006-149x150-3.jpg\",\"contentUrl\":\"https:\\\/\\\/cercalavoro.net\\\/wp-content\\\/uploads\\\/2020\\\/10\\\/20180103_175006-149x150-3.jpg\",\"width\":149,\"height\":150},{\"@type\":\"BreadcrumbList\",\"@id\":\"https:\\\/\\\/cercalavoro.net\\\/?product=12#breadcrumb\",\"itemListElement\":[{\"@type\":\"ListItem\",\"position\":1,\"name\":\"Home\",\"item\":\"https:\\\/\\\/cercalavoro.net\\\/\"},{\"@type\":\"ListItem\",\"position\":2,\"name\":\"Shop\",\"item\":\"https:\\\/\\\/cercalavoro.net\\\/?page_id=283\"},{\"@type\":\"ListItem\",\"position\":3,\"name\":\"EIPASS PUBBLICA AMMINISTRAZIONE\"}]},{\"@type\":\"WebSite\",\"@id\":\"https:\\\/\\\/cercalavoro.net\\\/#website\",\"url\":\"https:\\\/\\\/cercalavoro.net\\\/\",\"name\":\"Lavoro, Sicurezza, Consulenze e Formazione Sicur Work Engineering\",\"description\":\"Sicurezza e Formazione. Garantire il successo in un mondo in continua evoluzione.\",\"potentialAction\":[{\"@type\":\"SearchAction\",\"target\":{\"@type\":\"EntryPoint\",\"urlTemplate\":\"https:\\\/\\\/cercalavoro.net\\\/?s={search_term_string}\"},\"query-input\":{\"@type\":\"PropertyValueSpecification\",\"valueRequired\":true,\"valueName\":\"search_term_string\"}}],\"inLanguage\":\"it-IT\"}]}<\/script>\n<!-- \/ Yoast SEO plugin. -->","yoast_head_json":{"title":"EIPASS PUBBLICA AMMINISTRAZIONE - Lavoro, Sicurezza, Consulenze e Formazione Sicur Work Engineering","robots":{"index":"index","follow":"follow","max-snippet":"max-snippet:-1","max-image-preview":"max-image-preview:large","max-video-preview":"max-video-preview:-1"},"canonical":"https:\/\/cercalavoro.net\/?product=12","og_locale":"it_IT","og_type":"article","og_title":"EIPASS PUBBLICA AMMINISTRAZIONE - Lavoro, Sicurezza, Consulenze e Formazione Sicur Work Engineering","og_description":"EIPASS PUBBLICA AMMINISTRAZIONE Moduli d\u2019esame Informatica di base e www Codice dell\u2019Amministrazione Digitale Documento informatico, conservazione sostitutiva ed archiviazione Posta Elettronica Certificata \u2013 CEC-PAC, PEC-ID La Protezione dei dati personali SCARICA IL PROGRAMMA ANALITICO EIPASS Pubblica Amministrazione \u00e8 il programma che consente ai dipendenti pubblici di attestare il sicuro possesso delle competenze informatiche indispensabili per","og_url":"https:\/\/cercalavoro.net\/?product=12","og_site_name":"Lavoro, Sicurezza, Consulenze e Formazione Sicur Work Engineering","article_modified_time":"2021-03-05T15:27:39+00:00","og_image":[{"width":149,"height":150,"url":"https:\/\/cercalavoro.net\/wp-content\/uploads\/2020\/10\/20180103_175006-149x150-3.jpg","type":"image\/jpeg"}],"twitter_card":"summary_large_image","twitter_misc":{"Tempo di lettura stimato":"2 minuti"},"schema":{"@context":"https:\/\/schema.org","@graph":[{"@type":"WebPage","@id":"https:\/\/cercalavoro.net\/?product=12","url":"https:\/\/cercalavoro.net\/?product=12","name":"EIPASS PUBBLICA AMMINISTRAZIONE - Lavoro, Sicurezza, Consulenze e Formazione Sicur Work Engineering","isPartOf":{"@id":"https:\/\/cercalavoro.net\/#website"},"primaryImageOfPage":{"@id":"https:\/\/cercalavoro.net\/?product=12#primaryimage"},"image":{"@id":"https:\/\/cercalavoro.net\/?product=12#primaryimage"},"thumbnailUrl":"https:\/\/cercalavoro.net\/wp-content\/uploads\/2020\/10\/20180103_175006-149x150-3.jpg","datePublished":"2017-12-28T09:44:29+00:00","dateModified":"2021-03-05T15:27:39+00:00","breadcrumb":{"@id":"https:\/\/cercalavoro.net\/?product=12#breadcrumb"},"inLanguage":"it-IT","potentialAction":[{"@type":"ReadAction","target":["https:\/\/cercalavoro.net\/?product=12"]}]},{"@type":"ImageObject","inLanguage":"it-IT","@id":"https:\/\/cercalavoro.net\/?product=12#primaryimage","url":"https:\/\/cercalavoro.net\/wp-content\/uploads\/2020\/10\/20180103_175006-149x150-3.jpg","contentUrl":"https:\/\/cercalavoro.net\/wp-content\/uploads\/2020\/10\/20180103_175006-149x150-3.jpg","width":149,"height":150},{"@type":"BreadcrumbList","@id":"https:\/\/cercalavoro.net\/?product=12#breadcrumb","itemListElement":[{"@type":"ListItem","position":1,"name":"Home","item":"https:\/\/cercalavoro.net\/"},{"@type":"ListItem","position":2,"name":"Shop","item":"https:\/\/cercalavoro.net\/?page_id=283"},{"@type":"ListItem","position":3,"name":"EIPASS PUBBLICA AMMINISTRAZIONE"}]},{"@type":"WebSite","@id":"https:\/\/cercalavoro.net\/#website","url":"https:\/\/cercalavoro.net\/","name":"Lavoro, Sicurezza, Consulenze e Formazione Sicur Work Engineering","description":"Sicurezza e Formazione. Garantire il successo in un mondo in continua evoluzione.","potentialAction":[{"@type":"SearchAction","target":{"@type":"EntryPoint","urlTemplate":"https:\/\/cercalavoro.net\/?s={search_term_string}"},"query-input":{"@type":"PropertyValueSpecification","valueRequired":true,"valueName":"search_term_string"}}],"inLanguage":"it-IT"}]}},"jetpack_sharing_enabled":true,"_links":{"self":[{"href":"https:\/\/cercalavoro.net\/index.php?rest_route=\/wp\/v2\/product\/2566","targetHints":{"allow":["GET"]}}],"collection":[{"href":"https:\/\/cercalavoro.net\/index.php?rest_route=\/wp\/v2\/product"}],"about":[{"href":"https:\/\/cercalavoro.net\/index.php?rest_route=\/wp\/v2\/types\/product"}],"replies":[{"embeddable":true,"href":"https:\/\/cercalavoro.net\/index.php?rest_route=%2Fwp%2Fv2%2Fcomments&post=2566"}],"wp:featuredmedia":[{"embeddable":true,"href":"https:\/\/cercalavoro.net\/index.php?rest_route=\/wp\/v2\/media\/3135"}],"wp:attachment":[{"href":"https:\/\/cercalavoro.net\/index.php?rest_route=%2Fwp%2Fv2%2Fmedia&parent=2566"}],"wp:term":[{"taxonomy":"product_brand","embeddable":true,"href":"https:\/\/cercalavoro.net\/index.php?rest_route=%2Fwp%2Fv2%2Fproduct_brand&post=2566"},{"taxonomy":"product_cat","embeddable":true,"href":"https:\/\/cercalavoro.net\/index.php?rest_route=%2Fwp%2Fv2%2Fproduct_cat&post=2566"},{"taxonomy":"product_tag","embeddable":true,"href":"https:\/\/cercalavoro.net\/index.php?rest_route=%2Fwp%2Fv2%2Fproduct_tag&post=2566"}],"curies":[{"name":"wp","href":"https:\/\/api.w.org\/{rel}","templated":true}]}}