{"id":3449,"date":"2020-12-09T10:39:53","date_gmt":"2020-12-09T09:39:53","guid":{"rendered":"http:\/\/cercalavoro.net\/?post_type=product&#038;p=3449"},"modified":"2020-12-09T10:43:32","modified_gmt":"2020-12-09T09:43:32","slug":"piattaforme-mobili-di-lavoro-elevabili-ple","status":"publish","type":"product","link":"https:\/\/cercalavoro.net\/?product=piattaforme-mobili-di-lavoro-elevabili-ple","title":{"rendered":"Piattaforme Mobili di Lavoro Elevabili (PLE)"},"content":{"rendered":"<h1 class=\"titolo_int\">Piattaforme Mobili di Lavoro Elevabili (PLE)<\/h1>\n<h1>PRESENTAZIONE<\/h1>\n<div class=\"testo\">\n<div><strong>ADDETTI ALL&#8217;USO DI PIATTAFORME AEREE<\/strong><\/div>\n<div>\n<div>\n<p>La normativa sulla sicurezza (D.Lgs. 81\/2008) stabilisce precisi obblighi relativi all\u2019utilizzo ed alla manutenzione delle attrezzature di lavoro e in particolare obbliga il datore di lavoro a \u201cformare\u201d, \u201cinformare\u201d ed \u201caddestrare\u201d il lavoratore al sicuro e corretto utilizzo delle attrezzature stesse.<\/p>\n<p>In attuazione dell\u2019articolo 73 comma 5 del D.lgs 81\/2008 \u00e8 stato sancito l\u2019accordo tra Stato e Regioni e Province Autonome che stabilisce in modo chiaro quali sono le attrezzature di lavoro per le quali \u00e8 richiesta una specifica abilitazione degli operatori nonch\u00e9 le modalit\u00e0 per il riconoscimento di tale abilitazione, i soggetti formatori, la durata, gli indirizzi ed i requisiti minimi di validit\u00e0 della formazione.<\/p>\n<p><strong>OBIETTIVI<\/strong><\/p>\n<p>Fornire ai discenti la conoscenza delle regole giuridiche applicabili alle piattaforme aeree ed al loro utilizzo. Fornire la conoscenza tecnica di base delle piattaforme di lavoro mobili elevabili indispensabili per il loro corretto utilizzo, in particolare per quanto concerne tutti gli aspetti legati alla sicurezza.<br \/>\nFornire adeguata formazione pratica relativamente alla conduzione delle piattaforme aeree ed alle operazioni di base di manutenzione.<\/p>\n<p><strong>PROGRAMMA DEL CORSO<\/strong><\/p>\n<p><strong>Moduli Teorici<\/strong><\/p>\n<p><strong>Modulo Giuridico\u2013Normativo<\/strong>\u00a0(1 ora)<\/p>\n<p>\u2022 Presentazione del Corso;<\/p>\n<p>\u2022 Cenni di normativa generale in materia di igiene e sicurezza del lavoro con particolare riferimento ai Iavori in quota ed all\u2019uso di attrezzature di lavoro per lavori in quota (D.Lgs. n. 81\/2008). Responsabilit\u00e0 dell\u2019operatore.<\/p>\n<p><strong>Modulo Tecnico<\/strong>\u00a0(3 ore)<\/p>\n<p>\u2022 Categorie di PLE: i vari tipi di PLE e descrizione delle caratteristiche generali e specifiche. Componenti\u00a0 strutturali: sistemi di stabilizzazione, livellamento, telaio, torretta girevole, struttura a pantografo\/braccio elevabile.<\/p>\n<p>\u2022 Dispositivi\u00a0 di\u00a0\u00a0 comando\u00a0 e\u00a0\u00a0 di\u00a0\u00a0 sicurezza:\u00a0 individuazione\u00a0 dei\u00a0\u00a0 dispositivi\u00a0 di\u00a0\u00a0 comando\u00a0 e\u00a0\u00a0 loro funzionamento, individuazione dei dispositivi di sicurezza e loro funzione.<\/p>\n<p>\u2022 Controlli da effettuare prima dell\u2019utilizzo: controlli visivi e funzionali.<\/p>\n<p>\u2022 DPI\u00a0\u00a0 specifici\u00a0\u00a0 da\u00a0\u00a0 utilizzare\u00a0\u00a0 con\u00a0\u00a0 le\u00a0\u00a0 PLE:\u00a0\u00a0 caschi,\u00a0\u00a0 imbracature,\u00a0\u00a0 cordino\u00a0\u00a0 di\u00a0\u00a0 trattenuta\u00a0\u00a0 e relative modalit\u00e0 di utilizzo inclusi i punti di aggancio in piattaforma.<\/p>\n<p>\u2022 Modalit\u00e0 di utilizzo in sicurezza e rischi: analisi e valutazione dei rischi pi\u00f9 ricorrenti nell\u2019utilizzo delle PLE\u00a0 (rischi\u00a0 di\u00a0 elettrocuzione, rischi\u00a0 ambientali, rischi\u00a0 di\u00a0 caduta\u00a0 dall\u2019alto,\u00a0 ecc.);\u00a0 spostamento e traslazione posizionamento e stabilizzazione, azionamenti e manovre, rifornimento e parcheggio in modo sicuro a fine lavoro.<\/p>\n<p>\u2022 Procedure operative di salvataggio: modalit\u00e0 di discesa in emergenza.<\/p>\n<p><em>Al termine dei due moduli teorici (al di fuori dei tempi previsti per i moduli teorici) si svolger\u00e0 una prova intermedia di verifica consistente in un questionario a risposta multipla.<\/em><br \/>\n<em>Il superamento della prova, che si intender\u00e0 superata con almeno il 70% delle risposte esatte, consentir\u00e0 il passaggio ai moduli pratici specifici. Il mancato superamento della prova comporta la ripetizione dei due moduli teorici.<\/em><\/p>\n<p><strong>Modulo Pratico per PLE che operano sia con stabilizzatori che senza stabilizzatori<\/strong>\u00a0(6 ore)<\/p>\n<p>\u2022 Individuazione dei\u00a0 componenti strutturali: sistemi di\u00a0 stabilizzazione, livellamento, telaio,\u00a0 torretta girevole, struttura a pantografo\/braccio elevabile, piattaforma e relativi sistemi di collegamento.<\/p>\n<p>\u2022 Dispositivi\u00a0 di\u00a0\u00a0 comando\u00a0 e\u00a0\u00a0 di\u00a0\u00a0 sicurezza:\u00a0 identificazione\u00a0 dei\u00a0\u00a0 dispositivi\u00a0 di\u00a0\u00a0 comando\u00a0 e\u00a0\u00a0 loro funzionamento, identificazione dei dispositivi di sicurezza e loro funzione.<\/p>\n<p>\u2022 Controlli pre-utilizzo: controlli visivi e funzionali della PLE, dei dispositivi di comando, di segnalazione e di sicurezza previsti dal costruttore nel manuale di istruzioni della PLE.<\/p>\n<p>\u2022 Controlli prima del trasferimento su strada: verifica delle condizioni di assetto (presa di forza, struttura di sollevamento e stabilizzatori, ecc.).<\/p>\n<p>\u2022 Pianificazione del percorso: pendenze, accesso, ostacoli sul percorso e in quota, condizioni del terreno.<\/p>\n<p>\u2022 Movimentazione e\u00a0 posizionamento della\u00a0 PLE:\u00a0 delimitazione dell\u2019area di\u00a0 lavoro,\u00a0 segnaletica da predisporre\u00a0 su\u00a0 strade\u00a0 pubbliche,\u00a0 spostamento\u00a0 della\u00a0 PLE\u00a0 sul\u00a0 luogo\u00a0 di\u00a0 lavoro,\u00a0 posizionamento stabilizzatori e livellamento.<\/p>\n<p>\u2022 Esercitazioni di pratiche operative: effettuazione di esercitazioni a due terzi dell\u2019area di lavoro, osservando le procedure operative di sicurezza.<\/p>\n<p>\u2022 Simulazioni di movimentazioni della piattaforma in quota.<\/p>\n<p>\u2022 Manovre di emergenza: effettuazione delle manovre di emergenza per il recupero a terra della piattaforma posizionata in quota.<\/p>\n<p>\u2022 Messa a riposo della PLE a fine lavoro: parcheggio in area idonea, precauzioni contro l\u2019utilizzo non autorizzato.<\/p>\n<p>\u2022 Modalit\u00e0 di ricarica delle batterie in sicurezza (per PLE munite di alimentazione a batterie).<\/p>\n<p><em>Al termine di ogni modulo pratico (al di fuori dei tempi previsti per il modulo pratico) si svolger\u00e0 una prova pratica finale di verifica consistente in alcune prove pratiche specifiche.<\/em><br \/>\n<em>Tutte le prove pratiche dovranno essere superate.<\/em><\/p>\n<p>Durata del corso:\u00a0<strong>10<\/strong>\u00a0Ore<\/p>\n<\/div>\n<\/div>\n<\/div>\n","protected":false},"excerpt":{"rendered":"<h1 class=\"titolo_int\">Piattaforme Mobili di Lavoro Elevabili (PLE)<\/h1>\n","protected":false},"featured_media":3163,"comment_status":"closed","ping_status":"closed","template":"","meta":[],"product_brand":[],"product_cat":[56],"product_tag":[],"class_list":{"0":"post-3449","1":"product","2":"type-product","3":"status-publish","4":"has-post-thumbnail","6":"product_cat-patentini-macchine","8":"first","9":"instock","10":"sale","11":"taxable","12":"shipping-taxable","13":"purchasable","14":"product-type-simple"},"yoast_head":"<!-- This site is optimized with the Yoast SEO plugin v27.4 - https:\/\/yoast.com\/product\/yoast-seo-wordpress\/ -->\n<title>Piattaforme Mobili di Lavoro Elevabili (PLE) - Lavoro, Sicurezza, Consulenze e Formazione Sicur Work Engineering<\/title>\n<meta name=\"robots\" content=\"index, follow, max-snippet:-1, max-image-preview:large, max-video-preview:-1\" \/>\n<link rel=\"canonical\" href=\"https:\/\/cercalavoro.net\/?product=piattaforme-mobili-di-lavoro-elevabili-ple\" \/>\n<meta property=\"og:locale\" content=\"it_IT\" \/>\n<meta property=\"og:type\" content=\"article\" \/>\n<meta property=\"og:title\" content=\"Piattaforme Mobili di Lavoro Elevabili (PLE) - Lavoro, Sicurezza, Consulenze e Formazione Sicur Work Engineering\" \/>\n<meta property=\"og:description\" content=\"Piattaforme Mobili di Lavoro Elevabili (PLE)\" \/>\n<meta property=\"og:url\" content=\"https:\/\/cercalavoro.net\/?product=piattaforme-mobili-di-lavoro-elevabili-ple\" \/>\n<meta property=\"og:site_name\" content=\"Lavoro, Sicurezza, Consulenze e Formazione Sicur Work Engineering\" \/>\n<meta property=\"article:modified_time\" content=\"2020-12-09T09:43:32+00:00\" \/>\n<meta property=\"og:image\" content=\"https:\/\/cercalavoro.net\/wp-content\/uploads\/2020\/10\/fork-lift-24394_1280-212x300-2.jpg\" \/>\n\t<meta property=\"og:image:width\" content=\"212\" \/>\n\t<meta property=\"og:image:height\" content=\"300\" \/>\n\t<meta property=\"og:image:type\" content=\"image\/jpeg\" \/>\n<meta name=\"twitter:card\" content=\"summary_large_image\" \/>\n<meta name=\"twitter:label1\" content=\"Tempo di lettura stimato\" \/>\n\t<meta name=\"twitter:data1\" content=\"3 minuti\" \/>\n<script type=\"application\/ld+json\" class=\"yoast-schema-graph\">{\"@context\":\"https:\\\/\\\/schema.org\",\"@graph\":[{\"@type\":\"WebPage\",\"@id\":\"https:\\\/\\\/cercalavoro.net\\\/?product=piattaforme-mobili-di-lavoro-elevabili-ple\",\"url\":\"https:\\\/\\\/cercalavoro.net\\\/?product=piattaforme-mobili-di-lavoro-elevabili-ple\",\"name\":\"Piattaforme Mobili di Lavoro Elevabili (PLE) - Lavoro, Sicurezza, Consulenze e Formazione Sicur Work Engineering\",\"isPartOf\":{\"@id\":\"https:\\\/\\\/cercalavoro.net\\\/#website\"},\"primaryImageOfPage\":{\"@id\":\"https:\\\/\\\/cercalavoro.net\\\/?product=piattaforme-mobili-di-lavoro-elevabili-ple#primaryimage\"},\"image\":{\"@id\":\"https:\\\/\\\/cercalavoro.net\\\/?product=piattaforme-mobili-di-lavoro-elevabili-ple#primaryimage\"},\"thumbnailUrl\":\"https:\\\/\\\/cercalavoro.net\\\/wp-content\\\/uploads\\\/2020\\\/10\\\/fork-lift-24394_1280-212x300-2.jpg\",\"datePublished\":\"2020-12-09T09:39:53+00:00\",\"dateModified\":\"2020-12-09T09:43:32+00:00\",\"breadcrumb\":{\"@id\":\"https:\\\/\\\/cercalavoro.net\\\/?product=piattaforme-mobili-di-lavoro-elevabili-ple#breadcrumb\"},\"inLanguage\":\"it-IT\",\"potentialAction\":[{\"@type\":\"ReadAction\",\"target\":[\"https:\\\/\\\/cercalavoro.net\\\/?product=piattaforme-mobili-di-lavoro-elevabili-ple\"]}]},{\"@type\":\"ImageObject\",\"inLanguage\":\"it-IT\",\"@id\":\"https:\\\/\\\/cercalavoro.net\\\/?product=piattaforme-mobili-di-lavoro-elevabili-ple#primaryimage\",\"url\":\"https:\\\/\\\/cercalavoro.net\\\/wp-content\\\/uploads\\\/2020\\\/10\\\/fork-lift-24394_1280-212x300-2.jpg\",\"contentUrl\":\"https:\\\/\\\/cercalavoro.net\\\/wp-content\\\/uploads\\\/2020\\\/10\\\/fork-lift-24394_1280-212x300-2.jpg\",\"width\":212,\"height\":300},{\"@type\":\"BreadcrumbList\",\"@id\":\"https:\\\/\\\/cercalavoro.net\\\/?product=piattaforme-mobili-di-lavoro-elevabili-ple#breadcrumb\",\"itemListElement\":[{\"@type\":\"ListItem\",\"position\":1,\"name\":\"Home\",\"item\":\"https:\\\/\\\/cercalavoro.net\\\/\"},{\"@type\":\"ListItem\",\"position\":2,\"name\":\"Shop\",\"item\":\"https:\\\/\\\/cercalavoro.net\\\/?page_id=283\"},{\"@type\":\"ListItem\",\"position\":3,\"name\":\"Piattaforme Mobili di Lavoro Elevabili (PLE)\"}]},{\"@type\":\"WebSite\",\"@id\":\"https:\\\/\\\/cercalavoro.net\\\/#website\",\"url\":\"https:\\\/\\\/cercalavoro.net\\\/\",\"name\":\"Lavoro, Sicurezza, Consulenze e Formazione Sicur Work Engineering\",\"description\":\"Sicurezza e Formazione. Garantire il successo in un mondo in continua evoluzione.\",\"potentialAction\":[{\"@type\":\"SearchAction\",\"target\":{\"@type\":\"EntryPoint\",\"urlTemplate\":\"https:\\\/\\\/cercalavoro.net\\\/?s={search_term_string}\"},\"query-input\":{\"@type\":\"PropertyValueSpecification\",\"valueRequired\":true,\"valueName\":\"search_term_string\"}}],\"inLanguage\":\"it-IT\"}]}<\/script>\n<!-- \/ Yoast SEO plugin. -->","yoast_head_json":{"title":"Piattaforme Mobili di Lavoro Elevabili (PLE) - Lavoro, Sicurezza, Consulenze e Formazione Sicur Work Engineering","robots":{"index":"index","follow":"follow","max-snippet":"max-snippet:-1","max-image-preview":"max-image-preview:large","max-video-preview":"max-video-preview:-1"},"canonical":"https:\/\/cercalavoro.net\/?product=piattaforme-mobili-di-lavoro-elevabili-ple","og_locale":"it_IT","og_type":"article","og_title":"Piattaforme Mobili di Lavoro Elevabili (PLE) - Lavoro, Sicurezza, Consulenze e Formazione Sicur Work Engineering","og_description":"Piattaforme Mobili di Lavoro Elevabili (PLE)","og_url":"https:\/\/cercalavoro.net\/?product=piattaforme-mobili-di-lavoro-elevabili-ple","og_site_name":"Lavoro, Sicurezza, Consulenze e Formazione Sicur Work Engineering","article_modified_time":"2020-12-09T09:43:32+00:00","og_image":[{"width":212,"height":300,"url":"https:\/\/cercalavoro.net\/wp-content\/uploads\/2020\/10\/fork-lift-24394_1280-212x300-2.jpg","type":"image\/jpeg"}],"twitter_card":"summary_large_image","twitter_misc":{"Tempo di lettura stimato":"3 minuti"},"schema":{"@context":"https:\/\/schema.org","@graph":[{"@type":"WebPage","@id":"https:\/\/cercalavoro.net\/?product=piattaforme-mobili-di-lavoro-elevabili-ple","url":"https:\/\/cercalavoro.net\/?product=piattaforme-mobili-di-lavoro-elevabili-ple","name":"Piattaforme Mobili di Lavoro Elevabili (PLE) - Lavoro, Sicurezza, Consulenze e Formazione Sicur Work Engineering","isPartOf":{"@id":"https:\/\/cercalavoro.net\/#website"},"primaryImageOfPage":{"@id":"https:\/\/cercalavoro.net\/?product=piattaforme-mobili-di-lavoro-elevabili-ple#primaryimage"},"image":{"@id":"https:\/\/cercalavoro.net\/?product=piattaforme-mobili-di-lavoro-elevabili-ple#primaryimage"},"thumbnailUrl":"https:\/\/cercalavoro.net\/wp-content\/uploads\/2020\/10\/fork-lift-24394_1280-212x300-2.jpg","datePublished":"2020-12-09T09:39:53+00:00","dateModified":"2020-12-09T09:43:32+00:00","breadcrumb":{"@id":"https:\/\/cercalavoro.net\/?product=piattaforme-mobili-di-lavoro-elevabili-ple#breadcrumb"},"inLanguage":"it-IT","potentialAction":[{"@type":"ReadAction","target":["https:\/\/cercalavoro.net\/?product=piattaforme-mobili-di-lavoro-elevabili-ple"]}]},{"@type":"ImageObject","inLanguage":"it-IT","@id":"https:\/\/cercalavoro.net\/?product=piattaforme-mobili-di-lavoro-elevabili-ple#primaryimage","url":"https:\/\/cercalavoro.net\/wp-content\/uploads\/2020\/10\/fork-lift-24394_1280-212x300-2.jpg","contentUrl":"https:\/\/cercalavoro.net\/wp-content\/uploads\/2020\/10\/fork-lift-24394_1280-212x300-2.jpg","width":212,"height":300},{"@type":"BreadcrumbList","@id":"https:\/\/cercalavoro.net\/?product=piattaforme-mobili-di-lavoro-elevabili-ple#breadcrumb","itemListElement":[{"@type":"ListItem","position":1,"name":"Home","item":"https:\/\/cercalavoro.net\/"},{"@type":"ListItem","position":2,"name":"Shop","item":"https:\/\/cercalavoro.net\/?page_id=283"},{"@type":"ListItem","position":3,"name":"Piattaforme Mobili di Lavoro Elevabili (PLE)"}]},{"@type":"WebSite","@id":"https:\/\/cercalavoro.net\/#website","url":"https:\/\/cercalavoro.net\/","name":"Lavoro, Sicurezza, Consulenze e Formazione Sicur Work Engineering","description":"Sicurezza e Formazione. Garantire il successo in un mondo in continua evoluzione.","potentialAction":[{"@type":"SearchAction","target":{"@type":"EntryPoint","urlTemplate":"https:\/\/cercalavoro.net\/?s={search_term_string}"},"query-input":{"@type":"PropertyValueSpecification","valueRequired":true,"valueName":"search_term_string"}}],"inLanguage":"it-IT"}]}},"jetpack_sharing_enabled":true,"_links":{"self":[{"href":"https:\/\/cercalavoro.net\/index.php?rest_route=\/wp\/v2\/product\/3449","targetHints":{"allow":["GET"]}}],"collection":[{"href":"https:\/\/cercalavoro.net\/index.php?rest_route=\/wp\/v2\/product"}],"about":[{"href":"https:\/\/cercalavoro.net\/index.php?rest_route=\/wp\/v2\/types\/product"}],"replies":[{"embeddable":true,"href":"https:\/\/cercalavoro.net\/index.php?rest_route=%2Fwp%2Fv2%2Fcomments&post=3449"}],"wp:featuredmedia":[{"embeddable":true,"href":"https:\/\/cercalavoro.net\/index.php?rest_route=\/wp\/v2\/media\/3163"}],"wp:attachment":[{"href":"https:\/\/cercalavoro.net\/index.php?rest_route=%2Fwp%2Fv2%2Fmedia&parent=3449"}],"wp:term":[{"taxonomy":"product_brand","embeddable":true,"href":"https:\/\/cercalavoro.net\/index.php?rest_route=%2Fwp%2Fv2%2Fproduct_brand&post=3449"},{"taxonomy":"product_cat","embeddable":true,"href":"https:\/\/cercalavoro.net\/index.php?rest_route=%2Fwp%2Fv2%2Fproduct_cat&post=3449"},{"taxonomy":"product_tag","embeddable":true,"href":"https:\/\/cercalavoro.net\/index.php?rest_route=%2Fwp%2Fv2%2Fproduct_tag&post=3449"}],"curies":[{"name":"wp","href":"https:\/\/api.w.org\/{rel}","templated":true}]}}