{"id":3453,"date":"2020-12-09T10:55:30","date_gmt":"2020-12-09T09:55:30","guid":{"rendered":"http:\/\/cercalavoro.net\/?post_type=product&#038;p=3453"},"modified":"2020-12-09T10:55:30","modified_gmt":"2020-12-09T09:55:30","slug":"carrelli-elevatori-semoventi","status":"publish","type":"product","link":"https:\/\/cercalavoro.net\/?product=carrelli-elevatori-semoventi","title":{"rendered":"Carrelli Elevatori Semoventi"},"content":{"rendered":"<h1>PRESENTAZIONE<\/h1>\n<div class=\"testo\">\n<h2><strong>CARRELLI Elevatori<\/strong><br \/>\nDurata del corso:\u00a0<strong>16<\/strong>\u00a0Ore<br \/>\n<strong>L\u2019ACCORDO STATO-REGIONE DEL 22\/02\/2012 PUBBLICATO IN G.U. n\u00b0 60 del 12\/03\/2012 individua delle attrezzature di lavoro per le quali \u00e8 richiesta una specifica abilitazione degli operatori (art. 73, comma 5 del D.Lgs. 81\/08).<\/strong><\/p>\n<p>PROGRAMMA E CONTENUTI conformi all\u2019ACCORDO STATO-REGIONE DEL 22\/02\/2012 PUBBLICATO IN G.U. n\u00b0 60 del 12\/03\/2012<\/p>\n<p><strong>FORMAZIONE TEORICO-PRATICA PER LAVORATORI ADDETTI ALLA CONDUZIONE DI CARRELLI ELEVATORI SEMOVENTI CON CONDUCENTE A BORDO (12 \u00f7 16 ore)<\/strong><\/p>\n<p><strong>Modulo 1 \u2013 Giuridico-normativo (1 ora)<\/strong><\/p>\n<p><strong>1.1<\/strong>\u00a0Presentazione dei corso. Cenni di normativa generale in materia di igiene e sicurezza del lavoro con particolare riferimento alle disposizioni di legge in materia di uso delle attrezzature di lavoro (D.Lgs. n. 81\/2008). Responsabilit\u00e0 dell\u2019operatore.<\/p>\n<p><strong>Modulo 2 \u2013 Tecnico (7 ore)<\/strong><\/p>\n<p><strong>2.1<\/strong>\u00a0Tipologie e caratteristiche dei vari tipi di veicoli per il trasporto interno: dai transpallet manuali ai carrelli elevatori frontali a contrappeso.<\/p>\n<p><strong>2.2<\/strong>\u00a0Principali rischi connessi all\u2019impiego di carrelli semoventi: caduta del carico, rovesciamento, ribaltamento, urti delle persone con il carico o con elementi mobili del carrello, rischi legati all\u2019ambiente (ostacoli, linee elettriche, ecc.), rischi legati all\u2019uso delle diverse forme di energia (elettrica, idraulica, ecc.).<\/p>\n<p><strong>2.3<\/strong>\u00a0Nozioni elementari di fisica: nozioni di base per la valutazione dei carichi movimentati, condizioni di equilibrio di un corpo. Stabilit\u00e0 (concetto del baricentro del carico e della leva di primo grado). Linee di ribaltamento. Stabilit\u00e0 statica e dinamica e influenza dovuta alla mobilit\u00e0 del carrello e dell\u2019ambiente di lavoro (forze centrifughe e d&#8217;inerzia). Portata del carrello elevatore.<\/p>\n<p><strong>2.4<\/strong>\u00a0Tecnologia dei carrelli semoventi: terminologia, caratteristiche generali e principali componenti. Meccanismi, loro caratteristiche, loro funzione e principi di funzionamento.<\/p>\n<p><strong>2.5<\/strong>\u00a0Componenti principali: forche e\/o organi di presa (attrezzature supplementari, ecc.). Montanti di sollevamento (simplex &#8211; duplex &#8211; triplex &#8211; quadruplex &#8211; ecc., ad alzata libera e non). Posto di guida con descrizione del sedile, degli organi di comando (leve, pedali, piantone sterzo e volante, freno di stazionamento, interruttore generale a chiave, interruttore d&#8217;emergenza), dei dispositivi di segnalazione (clacson, beep di retromarcia, segnalatori luminosi, fari di lavoro, ecc.) e controllo (strumenti e spie di funzionamento). Freni (freno di stazionamento e di servizio). Ruote e tipologie di gommature: differenze per i vari tipi di utilizzo, ruote sterzanti e motrici. Fonti di energia (batterie di accumulatori o motori endotermici). Contrappeso.<\/p>\n<p><strong>2.6<\/strong>\u00a0Sistemi di ricarica batterie: raddrizzatori e sicurezze circa le modalit\u00e0 di utilizzo anche in relazione all&#8217;ambiente.<\/p>\n<p><strong>2.7<\/strong>\u00a0Dispositivi di comando e di sicurezza: identificazione dei dispositivi di comando e loro funzionamento, identificazione dei dispositivi di sicurezza e loro funzione. Sistemi di protezione attiva e passiva.<\/p>\n<p><strong>2.8<\/strong>\u00a0Le condizioni di equilibrio: fattori ed elementi che influenzano la stabilit\u00e0. Portate (nominale\/effettiva). Illustrazione e lettura delle targhette, tabelle o diagrammi di portata nominale ed effettiva. Influenza delle condizioni di utilizzo sulle caratteristiche nominali di portata. Gli ausili alla conduzione (indicatori di carico e altri indicatori, ecc.).<\/p>\n<p><strong>2.9<\/strong>\u00a0Controlli e manutenzioni: verifiche giornaliere e periodiche (stato generale e prova, montanti, attrezzature, posto di guida, freni, ruote e sterzo, batteria o motore, dispositivi di sicurezza). Illustrazione dell&#8217;importanza di un corretto utilizzo dei manuali di uso e manutenzione a corredo del carrello.<\/p>\n<p><strong>2.10<\/strong>\u00a0Modalit\u00e0 di utilizzo in sicurezza dei carrelli semoventi: procedure di movimentazione. Segnaletica di sicurezza nei luoghi di lavoro. Procedura di sicurezza durante la movimentazione e io stazionamento del mezzo. Viabilit\u00e0: ostacoli, percorsi pedonali, incroci, strettoie, portoni, varchi, pendenze, ecc.. Lavori in condizioni particolari ovvero all\u2019esterno, su terreni scivolosi e su pendenze e con scarsa visibilit\u00e0. Nozioni di guida. Norme sulla circolazione, movimentazione dei carichi, stoccaggio, ecc.. Nozioni sui possibili rischi per la salute e la sicurezza collegati alla guida del carrello ed in particolare ai rischi riferibili:<br \/>\na) all&#8217;ambiente di lavoro;<br \/>\nb) al rapporto uomo\/macchina;<br \/>\nc) allo stato di salute del guidatore.<br \/>\nNozioni sulle modalit\u00e0 tecniche, organizzative e comportamentali e di protezione personale idonee a prevenire i rischi.<\/p>\n<p><strong>Modulo 3 \u2013 Pratico<\/strong><\/p>\n<p><strong>3.1<\/strong>\u00a0<strong>Modulo pratico: carrelli industriali semoventi (4 ore)<\/strong><\/p>\n<p><strong>3.1.1<\/strong>\u00a0Illustrazione, seguendo le istruzioni di uso del carrello, dei vari componenti e delle sicurezze.<\/p>\n<p><strong>3.1.2<\/strong>\u00a0Manutenzione e verifiche giornaliere e periodiche di legge e secondo quanto indicato nelle istruzioni di uso del carrello.<\/p>\n<p><strong>3.1.3<\/strong>\u00a0Guida del carrello su percorso di prova per evidenziare le corrette manovre a vuoto e a carico (corretta posizione sul carrello, presa del carico, trasporto nelle varie situazioni, sosta del carrello, ecc.).<\/p>\n<p><strong>3.2<\/strong>\u00a0<strong>Modulo pratico: carrelli semoventi a braccio telescopico (4 ore)<\/strong><\/p>\n<p><strong>3.2.1<\/strong>\u00a0Illustrazione, seguendo le istruzioni di uso del carrello, dei vari componenti e delle sicurezze.<\/p>\n<p><strong>3.2.2<\/strong>\u00a0Manutenzione e verifiche giornaliere e periodiche di legge e secondo quanto indicato nelle istruzioni di uso del carrello.<\/p>\n<p><strong>3.2.3<\/strong>\u00a0Guida del carrello su percorso di prova per evidenziare le corrette manovre a vuoto e a carico (corretta posizione sul carrello, presa dei carico, trasporto nelle varie situazioni, sosta del carrello, ecc.).<\/p>\n<p><strong>3.3<\/strong>\u00a0<strong>Modulo pratico: carrelli\/sollevatori\/elevatori semoventi telescopici rotativi (4 ore)<\/strong><\/p>\n<p><strong>3.3.1<\/strong>\u00a0Illustrazione, seguendo le istruzioni di uso del carrello, dei vari componenti e delle sicurezze.<\/p>\n<p><strong>3.3.2<\/strong>\u00a0Manutenzione e verifiche giornaliere e periodiche di legge e secondo quanto indicato nelle istruzioni di uso del carrello.<\/p>\n<p><strong>3.3.3<\/strong>\u00a0Guida del carrello su percorso di prova per evidenziare le corrette manovre a vuoto e a carico(corretta posizione sul carrello, presa del carico, trasporto nelle varie situazioni, sosta dei carrello, ecc.).<\/p>\n<p><strong>3.4<\/strong>\u00a0<strong>Modulo pratico: carrelli industriali semoventi, carrelli semoventi a braccio telescopico e carrelli\/sollevatori\/elevatori semoventi telescopici rotativi (8 ore)<\/strong><\/p>\n<p><strong>3.4.1<\/strong>\u00a0Illustrazione, seguendo le istruzioni di uso del carrello, dei vari componenti e delle sicurezze.<\/p>\n<p><strong>3.4.2<\/strong>\u00a0Manutenzione e verifiche giornaliere e periodiche di legge e secondo quanto indicato nelle istruzioni di uso del carrello.<\/p>\n<p><strong>3.4.3<\/strong>\u00a0Guida del carrello su percorso di prova per evidenziare le corrette manovre a vuoto e a carico(corretta posizione sul carrello, presa del carico, trasporto nelle varie situazioni, sosta del carrello, ecc.).<\/p>\n<p><strong>VALUTAZIONE<\/strong><\/p>\n<p>\u2022 Ai termine dei due moduli teorici (al di fuori dei tempi previsti per i moduli teorici) si svolger\u00e0 una prova intermedia di verifica consistente in un questionario a risposta multipla. Il superamento della prova, che si intende superata con almeno il 70% delle risposte esatte, consentir\u00e0 il passaggio ai moduli pratici specifici. Il mancato superamento della prova comporta la ripetizione dei due moduli.<\/p>\n<p>\u2022 Al termine di ognuno dei moduli pratici (al di fuori dei tempi previsti per i moduli pratici) avr\u00e0 luogo una prova pratica di verifica finale, consistente nell\u2019esecuzione di almeno 2 delle prove di cui ai punti: 3.1.2 e 3.1.3 per i carrelli industriali semoventi, 3.2.2 e 3.2.3 per i carrelli semoventi a braccio telescopico e 3.3.2 e 3.3.3 per i carrelli elevatori telescopici rotativi, 3.4.2 e 3.4.3 per i carrelli di cui al punto 3.4..<\/p>\n<p>\u2022 Tutte le prove pratiche per ciascuno dei moduli 3.1, 3.2, 3.3 e 3.4 devono essere superate.<\/p>\n<p>\u2022 Il mancato superamento della prova di verifica finale comporta l&#8217;obbligo di ripetere il modulo pratico.<\/p>\n<p>\u2022 L&#8217;esito positivo delle prove di verifica intermedia e finale, unitamente a una presenza pari ad almeno il 90% del monte ore, consente il rilascio, al termine del percorso formativo, dell&#8217;attestato di abilitazione.<\/h2>\n<\/div>\n","protected":false},"excerpt":{"rendered":"<h2><strong>CARRELLI Elevatori<\/strong><\/h2>\n<p>Durata del corso:\u00a0<strong>16<\/strong>\u00a0Ore<\/p>\n","protected":false},"featured_media":0,"comment_status":"closed","ping_status":"closed","template":"","meta":[],"product_brand":[],"product_cat":[56],"product_tag":[],"class_list":{"0":"post-3453","1":"product","2":"type-product","3":"status-publish","5":"product_cat-patentini-macchine","7":"first","8":"instock","9":"sale","10":"taxable","11":"shipping-taxable","12":"purchasable","13":"product-type-simple"},"yoast_head":"<!-- This site is optimized with the Yoast SEO plugin v27.4 - https:\/\/yoast.com\/product\/yoast-seo-wordpress\/ -->\n<title>Carrelli Elevatori Semoventi - Lavoro, Sicurezza, Consulenze e Formazione Sicur Work Engineering<\/title>\n<meta name=\"robots\" content=\"index, follow, max-snippet:-1, max-image-preview:large, max-video-preview:-1\" \/>\n<link rel=\"canonical\" href=\"https:\/\/cercalavoro.net\/?product=carrelli-elevatori-semoventi\" \/>\n<meta property=\"og:locale\" content=\"it_IT\" \/>\n<meta property=\"og:type\" content=\"article\" \/>\n<meta property=\"og:title\" content=\"Carrelli Elevatori Semoventi - Lavoro, Sicurezza, Consulenze e Formazione Sicur Work Engineering\" \/>\n<meta property=\"og:description\" content=\"CARRELLI Elevatori Durata del corso:\u00a016\u00a0Ore\" \/>\n<meta property=\"og:url\" content=\"https:\/\/cercalavoro.net\/?product=carrelli-elevatori-semoventi\" \/>\n<meta property=\"og:site_name\" content=\"Lavoro, Sicurezza, Consulenze e Formazione Sicur Work Engineering\" \/>\n<meta name=\"twitter:card\" content=\"summary_large_image\" \/>\n<meta name=\"twitter:label1\" content=\"Tempo di lettura stimato\" \/>\n\t<meta name=\"twitter:data1\" content=\"5 minuti\" \/>\n<script type=\"application\/ld+json\" class=\"yoast-schema-graph\">{\"@context\":\"https:\\\/\\\/schema.org\",\"@graph\":[{\"@type\":\"WebPage\",\"@id\":\"https:\\\/\\\/cercalavoro.net\\\/?product=carrelli-elevatori-semoventi\",\"url\":\"https:\\\/\\\/cercalavoro.net\\\/?product=carrelli-elevatori-semoventi\",\"name\":\"Carrelli Elevatori Semoventi - Lavoro, Sicurezza, Consulenze e Formazione Sicur Work Engineering\",\"isPartOf\":{\"@id\":\"https:\\\/\\\/cercalavoro.net\\\/#website\"},\"datePublished\":\"2020-12-09T09:55:30+00:00\",\"breadcrumb\":{\"@id\":\"https:\\\/\\\/cercalavoro.net\\\/?product=carrelli-elevatori-semoventi#breadcrumb\"},\"inLanguage\":\"it-IT\",\"potentialAction\":[{\"@type\":\"ReadAction\",\"target\":[\"https:\\\/\\\/cercalavoro.net\\\/?product=carrelli-elevatori-semoventi\"]}]},{\"@type\":\"BreadcrumbList\",\"@id\":\"https:\\\/\\\/cercalavoro.net\\\/?product=carrelli-elevatori-semoventi#breadcrumb\",\"itemListElement\":[{\"@type\":\"ListItem\",\"position\":1,\"name\":\"Home\",\"item\":\"https:\\\/\\\/cercalavoro.net\\\/\"},{\"@type\":\"ListItem\",\"position\":2,\"name\":\"Shop\",\"item\":\"https:\\\/\\\/cercalavoro.net\\\/?page_id=283\"},{\"@type\":\"ListItem\",\"position\":3,\"name\":\"Carrelli Elevatori Semoventi\"}]},{\"@type\":\"WebSite\",\"@id\":\"https:\\\/\\\/cercalavoro.net\\\/#website\",\"url\":\"https:\\\/\\\/cercalavoro.net\\\/\",\"name\":\"Lavoro, Sicurezza, Consulenze e Formazione Sicur Work Engineering\",\"description\":\"Sicurezza e Formazione. Garantire il successo in un mondo in continua evoluzione.\",\"potentialAction\":[{\"@type\":\"SearchAction\",\"target\":{\"@type\":\"EntryPoint\",\"urlTemplate\":\"https:\\\/\\\/cercalavoro.net\\\/?s={search_term_string}\"},\"query-input\":{\"@type\":\"PropertyValueSpecification\",\"valueRequired\":true,\"valueName\":\"search_term_string\"}}],\"inLanguage\":\"it-IT\"}]}<\/script>\n<!-- \/ Yoast SEO plugin. -->","yoast_head_json":{"title":"Carrelli Elevatori Semoventi - Lavoro, Sicurezza, Consulenze e Formazione Sicur Work Engineering","robots":{"index":"index","follow":"follow","max-snippet":"max-snippet:-1","max-image-preview":"max-image-preview:large","max-video-preview":"max-video-preview:-1"},"canonical":"https:\/\/cercalavoro.net\/?product=carrelli-elevatori-semoventi","og_locale":"it_IT","og_type":"article","og_title":"Carrelli Elevatori Semoventi - Lavoro, Sicurezza, Consulenze e Formazione Sicur Work Engineering","og_description":"CARRELLI Elevatori Durata del corso:\u00a016\u00a0Ore","og_url":"https:\/\/cercalavoro.net\/?product=carrelli-elevatori-semoventi","og_site_name":"Lavoro, Sicurezza, Consulenze e Formazione Sicur Work Engineering","twitter_card":"summary_large_image","twitter_misc":{"Tempo di lettura stimato":"5 minuti"},"schema":{"@context":"https:\/\/schema.org","@graph":[{"@type":"WebPage","@id":"https:\/\/cercalavoro.net\/?product=carrelli-elevatori-semoventi","url":"https:\/\/cercalavoro.net\/?product=carrelli-elevatori-semoventi","name":"Carrelli Elevatori Semoventi - Lavoro, Sicurezza, Consulenze e Formazione Sicur Work Engineering","isPartOf":{"@id":"https:\/\/cercalavoro.net\/#website"},"datePublished":"2020-12-09T09:55:30+00:00","breadcrumb":{"@id":"https:\/\/cercalavoro.net\/?product=carrelli-elevatori-semoventi#breadcrumb"},"inLanguage":"it-IT","potentialAction":[{"@type":"ReadAction","target":["https:\/\/cercalavoro.net\/?product=carrelli-elevatori-semoventi"]}]},{"@type":"BreadcrumbList","@id":"https:\/\/cercalavoro.net\/?product=carrelli-elevatori-semoventi#breadcrumb","itemListElement":[{"@type":"ListItem","position":1,"name":"Home","item":"https:\/\/cercalavoro.net\/"},{"@type":"ListItem","position":2,"name":"Shop","item":"https:\/\/cercalavoro.net\/?page_id=283"},{"@type":"ListItem","position":3,"name":"Carrelli Elevatori Semoventi"}]},{"@type":"WebSite","@id":"https:\/\/cercalavoro.net\/#website","url":"https:\/\/cercalavoro.net\/","name":"Lavoro, Sicurezza, Consulenze e Formazione Sicur Work Engineering","description":"Sicurezza e Formazione. Garantire il successo in un mondo in continua evoluzione.","potentialAction":[{"@type":"SearchAction","target":{"@type":"EntryPoint","urlTemplate":"https:\/\/cercalavoro.net\/?s={search_term_string}"},"query-input":{"@type":"PropertyValueSpecification","valueRequired":true,"valueName":"search_term_string"}}],"inLanguage":"it-IT"}]}},"jetpack_sharing_enabled":true,"_links":{"self":[{"href":"https:\/\/cercalavoro.net\/index.php?rest_route=\/wp\/v2\/product\/3453","targetHints":{"allow":["GET"]}}],"collection":[{"href":"https:\/\/cercalavoro.net\/index.php?rest_route=\/wp\/v2\/product"}],"about":[{"href":"https:\/\/cercalavoro.net\/index.php?rest_route=\/wp\/v2\/types\/product"}],"replies":[{"embeddable":true,"href":"https:\/\/cercalavoro.net\/index.php?rest_route=%2Fwp%2Fv2%2Fcomments&post=3453"}],"wp:attachment":[{"href":"https:\/\/cercalavoro.net\/index.php?rest_route=%2Fwp%2Fv2%2Fmedia&parent=3453"}],"wp:term":[{"taxonomy":"product_brand","embeddable":true,"href":"https:\/\/cercalavoro.net\/index.php?rest_route=%2Fwp%2Fv2%2Fproduct_brand&post=3453"},{"taxonomy":"product_cat","embeddable":true,"href":"https:\/\/cercalavoro.net\/index.php?rest_route=%2Fwp%2Fv2%2Fproduct_cat&post=3453"},{"taxonomy":"product_tag","embeddable":true,"href":"https:\/\/cercalavoro.net\/index.php?rest_route=%2Fwp%2Fv2%2Fproduct_tag&post=3453"}],"curies":[{"name":"wp","href":"https:\/\/api.w.org\/{rel}","templated":true}]}}