{"id":3457,"date":"2020-12-09T11:05:35","date_gmt":"2020-12-09T10:05:35","guid":{"rendered":"http:\/\/cercalavoro.net\/?post_type=product&#038;p=3457"},"modified":"2020-12-09T11:05:36","modified_gmt":"2020-12-09T10:05:36","slug":"macchine-per-il-movimento-terra","status":"publish","type":"product","link":"https:\/\/cercalavoro.net\/?product=macchine-per-il-movimento-terra","title":{"rendered":"Macchine per il Movimento Terra"},"content":{"rendered":"<h1 class=\"titolo_int\">Macchine per il Movimento Terra<\/h1>\n<div class=\"row row_scheda_top\">\n<div class=\"col-md-4\">\n<div class=\"bordo info\">Durata del corso:\u00a0<strong>16<\/strong>\u00a0Ore<\/div>\n<div>\n<h1>PRESENTAZIONE<\/h1>\n<div class=\"testo\">\n<p><strong>ESCAVATORI, Pale Caricatrici Frontali, Terne e Autoribaltabili Cingolati<\/strong><\/p>\n<p><strong>L\u2019ACCORDO STATO-REGIONE DEL 22\/02\/2012 PUBBLICATO IN G.U. n\u00b0 60 del 12\/03\/2012 individua delle attrezzature di lavoro per le quali \u00e8 richiesta una specifica abilitazione degli operatori (art. 73, comma 5 del D.Lgs. 81\/08).<\/strong><\/p>\n<p>PROGRAMMA E CONTENUTI conformi all\u2019ACCORDO STATO-REGIONE DEL 22\/02\/2012 PUBBLICATO IN G.U. n\u00b0 60 del 12\/03\/2012<\/p>\n<p><strong>FORMAZIONE TEORICO-PRATICA PER LAVORATORI ADDETTI ALLA CONDUZIONE DI ESCAVATORI, PALE CARICATRICI FRONTALI, TERNE E AUTORIBALTABILI A CINGOLI (10 \u00f7 16 ore)<\/strong><\/p>\n<p><strong>Modulo 1 \u2013 Giuridico-normativo (1 ora)<\/strong><\/p>\n<p><strong>1.1<\/strong>\u00a0Presentazione del corso. Cenni di normativa generale in materia di igiene e sicurezza del lavoro con particolare riferimento all\u2019uso di attrezzature di lavoro semoventi con operatore a bordo (D.Lgs. n. 81\/2008). Responsabilit\u00e0 dell\u2019operatore.<\/p>\n<p><strong>Modulo 2 \u2013 Tecnico (3 ore)<\/strong><\/p>\n<p><strong>2.1<\/strong>\u00a0Categorie di attrezzature: i\u00a0vari tipi di macchine movimento terra e descrizione delle caratteristiche generali e specifiche, con particolare riferimento a escavatori, caricatori, terne e autoribaltabili a cingoli.<\/p>\n<p><strong>2.2<\/strong>\u00a0Componenti strutturali: struttura portante, organi di trasmissione, organi di propulsione, organi di direzione e frenatura, circuiti d\u00ec comando, impianto idraulico, impianto elettrico (ciascuna componente riferita alle attrezzature oggetto del corso).<\/p>\n<p><strong>2.3<\/strong>\u00a0Dispositivi di comando e di sicurezza: identificazione dei dispositivi di comando e loro funzionamento, identificazione dei dispositivi di sicurezza e loro funzione. Visibilit\u00e0 dell\u2019attrezzatura e identificazione delle zone cieche, sistemi di accesso.<\/p>\n<p><strong>2.4<\/strong>\u00a0Controlli da effettuare prima dell\u2019utilizzo; controlli visivi e funzionali ad inizio ciclo di lavoro.<\/p>\n<p><strong>2.5<\/strong>\u00a0Modalit\u00e0 di utilizzo in sicurezza e rischi: analisi e valutazione dei rischi pi\u00f9 ricorrenti nel ciclo base delle attrezzature (rischio di capovolgimento e stabilit\u00e0 statica e dinamica, contatti non intenzionali con organi in movimento e con superfici calde, rischi dovuti alla mobilit\u00e0, ecc.). Avviamento, spostamento, azionamenti, manovre, operazioni con le principali attrezzature di lavoro. Precauzioni da adottare sull\u2019organizzazione dell\u2019area di scavo o lavoro.<\/p>\n<p><strong>2.6<\/strong>\u00a0Protezione nei confronti degli agenti fisici: rumore, vibrazioni al corpo intero ed al sistema manobraccio.<\/p>\n<p><strong>Modulo 3 \u2013 Moduli pratici specifici<\/strong><\/p>\n<p><strong>3.1 Modulo pratico per escavatori idraulici (6 ore)<\/strong><\/p>\n<p><strong>3.1.1<\/strong>\u00a0Individuazione dei componenti strutturali: struttura portante, organi di trasmissione, organi di propulsione, organi di direzione e frenatura, dispositivi di accoppiamento e azionamento delle macchine operatrici.<\/p>\n<p><strong>3.1.2<\/strong>\u00a0Individuazione dei dispositivi di comando e di sicurezza: identificazione dei dispositivi di comando e loro funzionamento, identificazione dei dispositivi di sicurezza e loro funzione, conoscenza dei pattern di comando.<\/p>\n<p><strong>3.1.3<\/strong>\u00a0Controlli pre-utilizzo: controlli visivi e funzionali della macchina, dei dispositivi di comando e di sicurezza.<\/p>\n<p><strong>3.1.4<\/strong>\u00a0Pianificazione delle operazioni di campo: accesso, sbancamento, livellamento, scavo offset, spostamento in pendenza a vuoto ed a carico nominale. Operazioni di movimentazione carichi, manovra di agganci rapidi per attrezzi.<\/p>\n<p><strong>3.1.5<\/strong>\u00a0Esercitazioni di pratiche operative: tecniche di manovra e gestione delle situazioni di pericolo.<\/p>\n<p><strong>3.1.5.1<\/strong>\u00a0Guida dell\u2019escavatore ruotato su strada. Le esercitazioni devono prevedere:<br \/>\na) predisposizione del mezzo e posizionamento organi di lavoro;<br \/>\nb) guida con attrezzature.<\/p>\n<p><strong>3.1.5.2<\/strong>\u00a0Uso dell\u2019escavatore in campo. Le esercitazioni devono prevedere:<br \/>\na) esecuzione di manovre di scavo e riempimento;<br \/>\nb) accoppiamento attrezzature in piano e non;<br \/>\nc) manovre di livellamento;<br \/>\nd) operazioni di movimentazione carichi di precisione;<br \/>\ne) aggancio di attrezzature speciali e loro impiego.<\/p>\n<p><strong>3.1.6<\/strong>\u00a0Messa a riposo e trasporto dell\u2019escavatore: parcheggio e rimessaggio (ricovero) in area idonea, precauzioni contro l\u2019utilizzo non autorizzato. Salita sul carrellone di trasporto. Individuazione dei punti di aggancio per il sollevamento.<\/p>\n<p><strong>3.2 Modulo pratico per escavatori a fune (6 ore)<\/strong><\/p>\n<p><strong>3.2.1<\/strong>\u00a0Individuazione dei componenti strutturali: struttura portante, organi di trasmissione, organi di propulsione, organi di direzione e frenatura, dispositivi di accoppiamento e azionamento delle macchine operatrici.<\/p>\n<p><strong>3.2.2<\/strong>\u00a0Individuazione dei dispositivi d\u00ec comando e di sicurezza: identificazione dei dispositivi di comando e loro funzionamento, identificazione dei dispositivi di sicurezza e loro funzione.<\/p>\n<p><strong>3.2.3<\/strong>\u00a0Controlli pre-utilizzo: controlli visivi e funzionali della macchina, dei dispositivi di comando e di sicurezza.<\/p>\n<p><strong>3.2.4<\/strong>\u00a0Pianificazione delle operazioni di campo: accesso, sbancamento, livellamento, scavo offset, spostamento in pendenza a vuoto ed a carico nominale. Operazioni di movimentazione carichi.<\/p>\n<p><strong>3.2.5<\/strong>\u00a0Esercitazioni di pratiche operative: tecniche di manovra e gestione delle situazioni di pericolo.<\/p>\n<p><strong>3.2.5.1<\/strong>\u00a0Guida dell\u2019escavatore a ruote su strada. Le esercitazioni devono prevedere:<br \/>\na) predisposizione del mezzo e posizionamento organi di lavoro;<br \/>\nb) guida con attrezzature.<\/p>\n<p><strong>3.2.5.2<\/strong>\u00a0Uso dell\u2019escavatore in campo. Le esercitazioni devono prevedere:<br \/>\na) manovre di scavo e riempimento;<br \/>\nb) accoppiamento attrezzature;<br \/>\nc) operazioni di movimentazione carichi di precisione;<br \/>\nd) aggancio di attrezzature speciali (benna mordente, magnete, ecc.) e loro impiego.<\/p>\n<p><strong>3.2.6<\/strong>\u00a0Messa a riposo e trasporto dell\u2019escavatore: parcheggio e rimessaggio (ricovero) in area idonea, precauzioni contro l\u2019utilizzo non autorizzato. Salita sul carrellone di trasporto. Individuazione dei punti di aggancio per il sollevamento.<\/p>\n<p><strong>3.3 Modulo pratico per caricatori frontali (6 ore)<\/strong><\/p>\n<p><strong>3.3.1<\/strong>\u00a0Individuazione dei componenti strutturali: struttura portante, organi di trasmissione, organi di propulsione, organi di direzione e frenatura, dispositivi di accoppiamento e azionamento delle macchine operatrici.<\/p>\n<p><strong>3.3.2<\/strong>\u00a0Individuazione dei dispositivi di comando e di sicurezza: identificazione dei dispositivi di comando e loro funzionamento, identificazione dei dispositivi di sicurezza e loro funzione.<\/p>\n<p><strong>3.3.3<\/strong>\u00a0Controlli pre-utilizzo: controlli visivi e funzionali del caricatore, dei dispositivi di comando e di sicurezza.<\/p>\n<p><strong>3.3.4<\/strong>\u00a0Pianificazione delle operazioni di caricamento: pendenze, accesso, ostacoli sul percorso, tipologia e condizioni del fondo. Operazioni di movimentazione e sollevamento carichi, manovra di agganci rapidi per attrezzi.<\/p>\n<p><strong>3.3.5<\/strong>\u00a0Esercitazioni di pratiche operative: tecniche di manovra e gestione delle situazioni di pericolo.<\/p>\n<p><strong>3.3.5.1<\/strong>\u00a0Trasferimento stradale. Le esercitazioni devono prevedere:<br \/>\na) predisposizione del mezzo e posizionamento organi di lavoro;<br \/>\nb) guida con attrezzature.<\/p>\n<p><strong>3.3.5.2<\/strong>\u00a0Uso del caricatore in campo. Le esercitazioni devono prevedere:<br \/>\na) manovra di caricamento;<br \/>\nb) movimentazione carichi pesanti;<br \/>\nc) uso con forche o pinza.<\/p>\n<p><strong>3.3.6<\/strong>\u00a0Messa a riposo e trasporto del caricatore: parcheggio e rimessaggio (ricovero) in area idonea, precauzioni contro l\u2019utilizzo non autorizzato.<\/p>\n<p><strong>3.4 Modulo pratico per terne (6 ore)<\/strong><\/p>\n<p><strong>3.4.1<\/strong>\u00a0Individuazione dei componenti strutturali: struttura portante, organi di trasmissione, organi di propulsione, organi di direzione e frenatura, dispositivi di accoppiamento e azionamento delle macchine operatrici.<\/p>\n<p><strong>3.4.2<\/strong>\u00a0Individuazione dei dispositivi di comando e di sicurezza: identificazione dei dispositivi di comando e loro funzionamento, identificazione dei dispositivi di sicurezza e loro funzione.<\/p>\n<p><strong>3.4.3<\/strong>\u00a0Controlli pre-utilizzo: controlli visivi e funzionali della terna, dei dispositivi di comando e di sicurezza.<\/p>\n<p><strong>3.4.4<\/strong>\u00a0Pianificazione delle operazioni di scavo e caricamento: pendenze, accesso, ostacoli sul percorso e condizioni del terreno, sbancamento, livellamento, scavo. Operazioni di movimentazione carichi, manovra di agganci rapidi per attrezzi.<\/p>\n<p><strong>3.4.5<\/strong>\u00a0Esercitazioni di pratiche operative: tecniche di manovra e gestione delle situazioni di pericolo.<\/p>\n<p><strong>3.4.5.1<\/strong>\u00a0Guida della terna su strada. Le esercitazioni devono prevedere:<br \/>\na) predisposizione del mezzo e posizionamento organi di lavoro;<br \/>\nb) guida con attrezzature.<\/p>\n<p><strong>3.4.5.2<\/strong>\u00a0Uso della terna. Le esercitazioni devono prevedere:<br \/>\na) esecuzione di manovre di scavo e riempimento;<br \/>\nb) accoppiamento attrezzature in piano e non;<br \/>\nc) manovre di livellamento;<br \/>\nd) operazioni di movimentazione carichi di precisione;<br \/>\ne) aggancio di attrezzature speciali (martello demolitore, pinza idraulica, trivella, ecc.) e loro impiego;<br \/>\nf) manovre di caricamento.<\/p>\n<p><strong>3.4.6<\/strong>\u00a0Messa a riposo e trasporto della terna: parcheggio e rimessaggio (ricovero) in area idonea, precauzioni contro l\u2019utilizzo non autorizzato.<\/p>\n<p><strong>3.5 Modulo pratico per autoribaltabili a cingoli (6 ore)<\/strong><\/p>\n<p><strong>3.5.1<\/strong>\u00a0Individuazione dei componenti strutturali: struttura portante, organi di trasmissione, organi di propulsione, organi di direzione e frenatura, dispositivi di accoppiamento.<\/p>\n<p><strong>3.5.2<\/strong>\u00a0Individuazione dei dispositivi di comando e di sicurezza: identificazione dei dispositivi di comando e loro funzionamento, identificazione dei dispositivi di sicurezza e loro funzione.<\/p>\n<p><strong>3.5.3<\/strong>\u00a0Controlli pre-utilizzo: controlli visivi e funzionali dell\u2019autoribaltabile, dei dispositivi di comando e di sicurezza.<\/p>\n<p><strong>3.5.4<\/strong>\u00a0Pianificazione delle operazioni di caricamento, scaricamento e spargimento materiali: pendenze, accesso, ostacoli sul percorso, tipologia e condizioni del fondo.<\/p>\n<p><strong>3.5.5\u00a0<\/strong>Esercitazioni di pratiche operative: tecniche di manovra e gestione delle situazioni di pericolo.<\/p>\n<p><strong>3.5.5.1<\/strong>\u00a0Trasferimento stradale. Le esercitazioni devono prevedere:<br \/>\na) predisposizione del mezzo e posizionamento organi di lavoro;<br \/>\nb) guida a pieno carico.<\/p>\n<p><strong>3.5.5.2<\/strong>\u00a0Uso dell\u2019autoribaltabile in campo. Le esercitazioni devono prevedere: a) manovre di scaricamento;<br \/>\nb) manovre di spargimento.<\/p>\n<p><strong>3.5.6<\/strong>\u00a0Messa a riposo dell\u2019autoribaltabile: parcheggio e rimessaggio (ricovero) in area idonea, precauzioni contro l\u2019utilizzo non autorizzato.<\/p>\n<p><strong>3.6 Modulo pratico per escavatori idraulici, caricatori frontali e terne (12 ore)<\/strong><\/p>\n<p><strong>3.6.1<\/strong>\u00a0Individuazione dei componenti strutturali: struttura portante, organi di trasmissione, organi di propulsione, organi di direzione e frenatura, dispositivi di accoppiamento e azionamento delle macchine operatrici.<\/p>\n<p><strong>3.6.2<\/strong>\u00a0Individuazione dei dispositivi di comando e di sicurezza: identificazione dei dispositivi di comando e loro funzionamento, identificazione dei dispositivi di sicurezza e loro funzione, conoscenza dei pattern di comando.<\/p>\n<p><strong>3.6.3<\/strong>\u00a0Controlli pre-utilizzo: controlli visivi e funzionali delle macchine, dei dispositivi di comando e di sicurezza.<\/p>\n<p><strong>3.6.4<\/strong>\u00a0Pianificazione delle operazioni di campo, scavo e caricamento: pendenze, accesso, ostacoli sul percorso, tipologia e condizioni del fondo e del terreno, sbancamento, livellamento, scavo, scavo offset, spostamento in pendenza a vuoto ed a carico nominale. Operazioni di movimentazione e sollevamento carichi, manovra di agganci rapidi per attrezzi.<\/p>\n<p><strong>3.6.5<\/strong>\u00a0Esercitazioni di pratiche operative: tecniche di manovra e gestione delle situazioni di pericolo.<\/p>\n<p><strong>3.6.5.1<\/strong>\u00a0Guida degli escavatori idraulici, dei caricatori frontali e delle terne su strada. Le esercitazioni devono prevedere:<br \/>\na) predisposizione del mezzo e posizionamento organi di lavoro;<br \/>\nb) guida con attrezzature.<\/p>\n<p><strong>3.6.5.2<\/strong>\u00a0Uso di escavatori idraulici, dei caricatori frontali e delle terne. Le esercitazioni devono prevedere:<br \/>\na) esecuzione di manovre di scavo e riempimento;<br \/>\nb) accoppiamento attrezzature in piano e non;<br \/>\nc) manovre di livellamento;<br \/>\nd) operazioni di movimentazione carichi pesanti e di precisione;<br \/>\ne) uso con forche o pinza;<br \/>\nf) aggancio di attrezzature speciali (martello demolitore, pinza idraulica, trivella, ecc.) e loro impiego;<br \/>\ng) manovre di caricamento.<\/p>\n<p><strong>3.6.6<\/strong>\u00a0Messa a riposo e trasporto degli escavatori idraulici, dei caricatori frontali e delle terne: parcheggio e rimessaggio (ricovero) in area idonea, precauzioni contro l\u2019utilizzo non autorizzato. Salita sul carrellone di trasporto. Individuazione dei punti di aggancio per il sollevamento.<\/p>\n<p><strong>4 Valutazione<\/strong><\/p>\n<p><strong>4.1<\/strong>\u00a0Al termine dei due moduli teorici (al di fuori dei tempi previsti per i moduli teorici) si svolger\u00e0 una prova intermedia di verifica consistente in un questionario a risposta multipla. Il superamento della prova, che si intende superata con almeno il 70% delle risposte esatte, consentir\u00e0 il passaggio ai moduli pratici specifici. Il mancato superamento della prova comporta la ripetizione dei due moduli.<\/p>\n<p><strong>4.2<\/strong>\u00a0Al termine del modulo pratico (al di fuori dei tempi previsti per il modulo pratico) avr\u00e0 luogo una prova pratica di verifica finale, consistente nell\u2019esecuzione:<br \/>\na) di almeno 2 delle prove di cui ai punti: 3.1.5.2 per gli escavatori idraulici; 3.2.5.2 per gli escavatori a fune; 3.3.5.2 per i caricatori frontali; 3.4.5.2 per le terne; 3.5.5.2 per gli autoribaltabili;<br \/>\nb) di almeno 3 delle prove di cui al punto 3.6.5.2. per gli escavatori idraulici, i caricatori frontali e le terne.<\/p>\n<p><strong>4.3<\/strong>\u00a0Tutte le prove pratiche per ciascuno dei moduli 3.1, 3.2, 3.3, 3.4, 3.5 e 3.6 devono essere superate.<\/p>\n<p><strong>4.4<\/strong>\u00a0Il mancato superamento della prova di verifica finale comporta l\u2019obbligo di ripetere il modulo pratico.<\/p>\n<p><strong>4.5<\/strong>\u00a0L&#8217;esito positivo delle prove di verifica intermedia e finale, unitamente a una presenza pari ad almeno il 90% del monte ore, consente il rilascio, al termine del percorso formativo, dell&#8217;attestato di abilitazione.<\/p>\n<\/div>\n<\/div>\n<\/div>\n<\/div>\n","protected":false},"excerpt":{"rendered":"<h1 class=\"titolo_int\">Macchine per il Movimento Terra<\/h1>\n<div class=\"row row_scheda_top\">\n<div class=\"col-md-4\">\n<div class=\"bordo info\">Durata del corso:\u00a0<strong>16<\/strong>\u00a0Ore<\/div>\n<\/div>\n<\/div>\n","protected":false},"featured_media":0,"comment_status":"closed","ping_status":"closed","template":"","meta":[],"product_brand":[],"product_cat":[56],"product_tag":[],"class_list":{"0":"post-3457","1":"product","2":"type-product","3":"status-publish","5":"product_cat-patentini-macchine","7":"first","8":"instock","9":"sale","10":"taxable","11":"shipping-taxable","12":"purchasable","13":"product-type-simple"},"yoast_head":"<!-- This site is optimized with the Yoast SEO plugin v27.4 - https:\/\/yoast.com\/product\/yoast-seo-wordpress\/ -->\n<title>Macchine per il Movimento Terra - Lavoro, Sicurezza, Consulenze e Formazione Sicur Work Engineering<\/title>\n<meta name=\"robots\" content=\"index, follow, max-snippet:-1, max-image-preview:large, max-video-preview:-1\" \/>\n<link rel=\"canonical\" href=\"https:\/\/cercalavoro.net\/?product=macchine-per-il-movimento-terra\" \/>\n<meta property=\"og:locale\" content=\"it_IT\" \/>\n<meta property=\"og:type\" content=\"article\" \/>\n<meta property=\"og:title\" content=\"Macchine per il Movimento Terra - Lavoro, Sicurezza, Consulenze e Formazione Sicur Work Engineering\" \/>\n<meta property=\"og:description\" content=\"Macchine per il Movimento Terra   Durata del corso:\u00a016\u00a0Ore\" \/>\n<meta property=\"og:url\" content=\"https:\/\/cercalavoro.net\/?product=macchine-per-il-movimento-terra\" \/>\n<meta property=\"og:site_name\" content=\"Lavoro, Sicurezza, Consulenze e Formazione Sicur Work Engineering\" \/>\n<meta property=\"article:modified_time\" content=\"2020-12-09T10:05:36+00:00\" \/>\n<meta name=\"twitter:card\" content=\"summary_large_image\" \/>\n<meta name=\"twitter:label1\" content=\"Tempo di lettura stimato\" \/>\n\t<meta name=\"twitter:data1\" content=\"9 minuti\" \/>\n<script type=\"application\/ld+json\" class=\"yoast-schema-graph\">{\"@context\":\"https:\\\/\\\/schema.org\",\"@graph\":[{\"@type\":\"WebPage\",\"@id\":\"https:\\\/\\\/cercalavoro.net\\\/?product=macchine-per-il-movimento-terra\",\"url\":\"https:\\\/\\\/cercalavoro.net\\\/?product=macchine-per-il-movimento-terra\",\"name\":\"Macchine per il Movimento Terra - Lavoro, Sicurezza, Consulenze e Formazione Sicur Work Engineering\",\"isPartOf\":{\"@id\":\"https:\\\/\\\/cercalavoro.net\\\/#website\"},\"datePublished\":\"2020-12-09T10:05:35+00:00\",\"dateModified\":\"2020-12-09T10:05:36+00:00\",\"breadcrumb\":{\"@id\":\"https:\\\/\\\/cercalavoro.net\\\/?product=macchine-per-il-movimento-terra#breadcrumb\"},\"inLanguage\":\"it-IT\",\"potentialAction\":[{\"@type\":\"ReadAction\",\"target\":[\"https:\\\/\\\/cercalavoro.net\\\/?product=macchine-per-il-movimento-terra\"]}]},{\"@type\":\"BreadcrumbList\",\"@id\":\"https:\\\/\\\/cercalavoro.net\\\/?product=macchine-per-il-movimento-terra#breadcrumb\",\"itemListElement\":[{\"@type\":\"ListItem\",\"position\":1,\"name\":\"Home\",\"item\":\"https:\\\/\\\/cercalavoro.net\\\/\"},{\"@type\":\"ListItem\",\"position\":2,\"name\":\"Shop\",\"item\":\"https:\\\/\\\/cercalavoro.net\\\/?page_id=283\"},{\"@type\":\"ListItem\",\"position\":3,\"name\":\"Macchine per il Movimento Terra\"}]},{\"@type\":\"WebSite\",\"@id\":\"https:\\\/\\\/cercalavoro.net\\\/#website\",\"url\":\"https:\\\/\\\/cercalavoro.net\\\/\",\"name\":\"Lavoro, Sicurezza, Consulenze e Formazione Sicur Work Engineering\",\"description\":\"Sicurezza e Formazione. Garantire il successo in un mondo in continua evoluzione.\",\"potentialAction\":[{\"@type\":\"SearchAction\",\"target\":{\"@type\":\"EntryPoint\",\"urlTemplate\":\"https:\\\/\\\/cercalavoro.net\\\/?s={search_term_string}\"},\"query-input\":{\"@type\":\"PropertyValueSpecification\",\"valueRequired\":true,\"valueName\":\"search_term_string\"}}],\"inLanguage\":\"it-IT\"}]}<\/script>\n<!-- \/ Yoast SEO plugin. -->","yoast_head_json":{"title":"Macchine per il Movimento Terra - Lavoro, Sicurezza, Consulenze e Formazione Sicur Work Engineering","robots":{"index":"index","follow":"follow","max-snippet":"max-snippet:-1","max-image-preview":"max-image-preview:large","max-video-preview":"max-video-preview:-1"},"canonical":"https:\/\/cercalavoro.net\/?product=macchine-per-il-movimento-terra","og_locale":"it_IT","og_type":"article","og_title":"Macchine per il Movimento Terra - Lavoro, Sicurezza, Consulenze e Formazione Sicur Work Engineering","og_description":"Macchine per il Movimento Terra   Durata del corso:\u00a016\u00a0Ore","og_url":"https:\/\/cercalavoro.net\/?product=macchine-per-il-movimento-terra","og_site_name":"Lavoro, Sicurezza, Consulenze e Formazione Sicur Work Engineering","article_modified_time":"2020-12-09T10:05:36+00:00","twitter_card":"summary_large_image","twitter_misc":{"Tempo di lettura stimato":"9 minuti"},"schema":{"@context":"https:\/\/schema.org","@graph":[{"@type":"WebPage","@id":"https:\/\/cercalavoro.net\/?product=macchine-per-il-movimento-terra","url":"https:\/\/cercalavoro.net\/?product=macchine-per-il-movimento-terra","name":"Macchine per il Movimento Terra - Lavoro, Sicurezza, Consulenze e Formazione Sicur Work Engineering","isPartOf":{"@id":"https:\/\/cercalavoro.net\/#website"},"datePublished":"2020-12-09T10:05:35+00:00","dateModified":"2020-12-09T10:05:36+00:00","breadcrumb":{"@id":"https:\/\/cercalavoro.net\/?product=macchine-per-il-movimento-terra#breadcrumb"},"inLanguage":"it-IT","potentialAction":[{"@type":"ReadAction","target":["https:\/\/cercalavoro.net\/?product=macchine-per-il-movimento-terra"]}]},{"@type":"BreadcrumbList","@id":"https:\/\/cercalavoro.net\/?product=macchine-per-il-movimento-terra#breadcrumb","itemListElement":[{"@type":"ListItem","position":1,"name":"Home","item":"https:\/\/cercalavoro.net\/"},{"@type":"ListItem","position":2,"name":"Shop","item":"https:\/\/cercalavoro.net\/?page_id=283"},{"@type":"ListItem","position":3,"name":"Macchine per il Movimento Terra"}]},{"@type":"WebSite","@id":"https:\/\/cercalavoro.net\/#website","url":"https:\/\/cercalavoro.net\/","name":"Lavoro, Sicurezza, Consulenze e Formazione Sicur Work Engineering","description":"Sicurezza e Formazione. Garantire il successo in un mondo in continua evoluzione.","potentialAction":[{"@type":"SearchAction","target":{"@type":"EntryPoint","urlTemplate":"https:\/\/cercalavoro.net\/?s={search_term_string}"},"query-input":{"@type":"PropertyValueSpecification","valueRequired":true,"valueName":"search_term_string"}}],"inLanguage":"it-IT"}]}},"jetpack_sharing_enabled":true,"_links":{"self":[{"href":"https:\/\/cercalavoro.net\/index.php?rest_route=\/wp\/v2\/product\/3457","targetHints":{"allow":["GET"]}}],"collection":[{"href":"https:\/\/cercalavoro.net\/index.php?rest_route=\/wp\/v2\/product"}],"about":[{"href":"https:\/\/cercalavoro.net\/index.php?rest_route=\/wp\/v2\/types\/product"}],"replies":[{"embeddable":true,"href":"https:\/\/cercalavoro.net\/index.php?rest_route=%2Fwp%2Fv2%2Fcomments&post=3457"}],"wp:attachment":[{"href":"https:\/\/cercalavoro.net\/index.php?rest_route=%2Fwp%2Fv2%2Fmedia&parent=3457"}],"wp:term":[{"taxonomy":"product_brand","embeddable":true,"href":"https:\/\/cercalavoro.net\/index.php?rest_route=%2Fwp%2Fv2%2Fproduct_brand&post=3457"},{"taxonomy":"product_cat","embeddable":true,"href":"https:\/\/cercalavoro.net\/index.php?rest_route=%2Fwp%2Fv2%2Fproduct_cat&post=3457"},{"taxonomy":"product_tag","embeddable":true,"href":"https:\/\/cercalavoro.net\/index.php?rest_route=%2Fwp%2Fv2%2Fproduct_tag&post=3457"}],"curies":[{"name":"wp","href":"https:\/\/api.w.org\/{rel}","templated":true}]}}