{"id":3699,"date":"2021-01-15T14:23:51","date_gmt":"2021-01-15T13:23:51","guid":{"rendered":"http:\/\/cercalavoro.net\/?post_type=product&#038;p=3699"},"modified":"2021-01-16T01:16:08","modified_gmt":"2021-01-16T00:16:08","slug":"corsi-rspp-rischio-alto48-ore","status":"publish","type":"product","link":"https:\/\/cercalavoro.net\/?product=corsi-rspp-rischio-alto48-ore","title":{"rendered":"CORSI RSPP (RISCHIO ALTO)48 ORE"},"content":{"rendered":"<h4>CORSI RSPP (RISCHIO ALTO) 48 ORE<\/h4>\n<h1>PRESENTAZIONE<\/h1>\n<div class=\"testo\">\n<p><strong>Corso R.S.P.P. &#8211; Formazione &#8211; Rischio ALTO<\/strong>\u00a0<strong>&#8211; 48 ore<\/strong><\/p>\n<p><strong>Corsi di formazione per lo svolgimento diretto da parte del datore di lavoro dei compiti di prevenzione e protezione dai rischi ai sensi dell\u2019art. 34, commi 2 e 3 del D.Lgs. 81\/08 e successive modifiche e integrazioni.<\/strong><\/p>\n<p>PROGRAMMA E CONTENUTI conformi all\u2019ACCORDO STATO-REGIONE DEL 21\/12\/2011 PUBBLICATO IN G.U. n\u00b0 8 del 11\/01\/2012<\/p>\n<p><strong>ARTICOLAZIONE DEL PERCORSO FORMATIVO\u00a0\u00a0\u00a0\u00a0\u00a0\u00a0\u00a0\u00a0\u00a0\u00a0\u00a0<\/strong><\/p>\n<p>I percorsi formativi sono articolati in moduli associati a tre differenti livelli di rischio:<\/p>\n<table border=\"0\" cellpadding=\"0\">\n<tbody>\n<tr>\n<td>BASSO<\/td>\n<td>16 ore<\/td>\n<\/tr>\n<tr>\n<td>MEDIO<\/td>\n<td>32 ore<\/td>\n<\/tr>\n<tr>\n<td><strong>ALTO<\/strong><\/td>\n<td><strong>48 ore<\/strong><\/td>\n<\/tr>\n<\/tbody>\n<\/table>\n<p>&nbsp;<\/p>\n<p>Il monte ore di formazione da frequentare \u00e8 individuato in base al settore Ateco 2002 di appartenenza, associato a uno dei tre livelli di rischio.<\/p>\n<p>I percorsi formativi, prevedono i seguenti moduli minimi:<\/p>\n<p><strong>MODULO 1. NORMATIVO \u2013 giuridico\u00a0\u00a0\u00a0\u00a0\u00a0<\/strong><\/p>\n<p>\u2022 Il sistema legislativo in materia di sicurezza dei lavoratori;<br \/>\n\u2022 La responsabilit\u00e0 civile e penale e la tutela assicurativa;<\/p>\n<p>\u2022 La \u201cresponsabilit\u00e0 amministrativa delle persone giuridiche, delle societ\u00e0 e delle associazioni, anche prive di responsabilit\u00e0 giuridica\u201d ex D.Lgs. 231\/2001, e s.m.i.;<\/p>\n<p>\u2022 Il sistema istituzionale della prevenzione;<\/p>\n<p>\u2022 I soggetti del sistema di prevenzione aziendale secondo il D.Lgs. 81\/08: compiti, obblighi, responsabilit\u00e0;<\/p>\n<p>\u2022 Il sistema di qualificazione delle imprese.<\/p>\n<p><strong>MODULO 2. GESTIONALE \u2013 gestione ed organizzazione della sicurezza<\/strong><\/p>\n<p>\u2022 I criteri e gli strumenti per l\u2019individuazione e la valutazione dei rischi;<br \/>\n\u2022 La considerazione degli infortuni mancati e delle modalit\u00e0 di accadimento degli stessi;<br \/>\n\u2022 La considerazione delle risultanze delle attivit\u00e0 di partecipazione dei lavoratori;<br \/>\n\u2022 Il documento di valutazione dei rischi (contenuti, specificit\u00e0 e metodologie);<br \/>\n\u2022 I modelli di organizzazione e gestione della sicurezza;<br \/>\n\u2022 Gli obblighi connessi ai contratti di appalto o d\u2019opera o di somministrazione;<br \/>\n\u2022 Il documento unico di valutazione dei rischi da interferenza;<br \/>\n\u2022 La gestione della documentazione tecnico amministrativa;<br \/>\n\u2022 L\u2019organizzazione della prevenzione incendi, del primo soccorso e della gestione delle \u00a0\u00a0\u00a0\u00a0\u00a0\u00a0\u00a0 emergenze.<\/p>\n<p><strong>MODULO 3. TECNICO \u2013 individuazione e valutazione dei rischi\u00a0\u00a0\u00a0\u00a0\u00a0\u00a0<\/strong><\/p>\n<p>\u2022 I principali fattori di rischio e le relative misure tecniche, organizzative e procedurali di prevenzione e protezione;<br \/>\n\u2022 Il rischio da stress lavoro-correlato;<br \/>\n\u2022 I rischi collegabili al genere, all\u2019et\u00e0 e alla provenienza da altri paesi;<br \/>\n\u2022 I dispositivi di protezione individuale;<br \/>\n\u2022 La sorveglianza sanitaria.<\/p>\n<p><strong>MODULO 4. RELAZIONALE \u2013 formazione e consultazione dei lavoratori\u00a0<\/strong><\/p>\n<p>\u2022 L\u2019informazione, la formazione e l\u2019addestramento;<br \/>\n\u2022 Le tecniche di comunicazione;<br \/>\n\u2022 Il sistema delle relazioni aziendali e della comunicazione in azienda;<br \/>\n\u2022 La consultazione e la partecipazione dei rappresentanti dei lavoratori per la sicurezza;<br \/>\n\u2022 Natura, funzioni e modalit\u00e0 di nomina o di elezione dei rappresentanti dei lavoratori per la sicurezza.<\/p>\n<p><strong>VALUTAZIONE<\/strong><br \/>\nAl termine del percorso formativo, comprovata la frequenza di almeno il 90% delle ore di formazione previste da ciascun corso, \u00e8 somministrata una verifica di apprendimento, che prevede colloquio o test obbligatori, in alternativa tra loro, finalizzati a verificare le conoscenze relative alla normativa vigente e le competenze tecnico-professionali.<\/p>\n<\/div>\n","protected":false},"excerpt":{"rendered":"<p>CORSI RSPP (RISCHIO ALTO)48 ORE<\/p>\n","protected":false},"featured_media":3131,"comment_status":"closed","ping_status":"closed","template":"","meta":[],"product_brand":[],"product_cat":[58],"product_tag":[],"class_list":{"0":"post-3699","1":"product","2":"type-product","3":"status-publish","4":"has-post-thumbnail","6":"product_cat-corsi-sicurezza-in-aula","8":"first","9":"instock","10":"sale","11":"taxable","12":"shipping-taxable","13":"purchasable","14":"product-type-simple"},"yoast_head":"<!-- This site is optimized with the Yoast SEO plugin v27.4 - https:\/\/yoast.com\/product\/yoast-seo-wordpress\/ -->\n<title>CORSI RSPP (RISCHIO ALTO)48 ORE - Lavoro, Sicurezza, Consulenze e Formazione Sicur Work Engineering<\/title>\n<meta name=\"robots\" content=\"index, follow, max-snippet:-1, max-image-preview:large, max-video-preview:-1\" \/>\n<link rel=\"canonical\" href=\"https:\/\/cercalavoro.net\/?product=corsi-rspp-rischio-alto48-ore\" \/>\n<meta property=\"og:locale\" content=\"it_IT\" \/>\n<meta property=\"og:type\" content=\"article\" \/>\n<meta property=\"og:title\" content=\"CORSI RSPP (RISCHIO ALTO)48 ORE - Lavoro, Sicurezza, Consulenze e Formazione Sicur Work Engineering\" \/>\n<meta property=\"og:description\" content=\"CORSI RSPP (RISCHIO ALTO)48 ORE\" \/>\n<meta property=\"og:url\" content=\"https:\/\/cercalavoro.net\/?product=corsi-rspp-rischio-alto48-ore\" \/>\n<meta property=\"og:site_name\" content=\"Lavoro, Sicurezza, Consulenze e Formazione Sicur Work Engineering\" \/>\n<meta property=\"article:modified_time\" content=\"2021-01-16T00:16:08+00:00\" \/>\n<meta property=\"og:image\" content=\"https:\/\/cercalavoro.net\/wp-content\/uploads\/2020\/10\/20180103_174801-150x147-2.jpg\" \/>\n\t<meta property=\"og:image:width\" content=\"150\" \/>\n\t<meta property=\"og:image:height\" content=\"147\" \/>\n\t<meta property=\"og:image:type\" content=\"image\/jpeg\" \/>\n<meta name=\"twitter:card\" content=\"summary_large_image\" \/>\n<meta name=\"twitter:label1\" content=\"Tempo di lettura stimato\" \/>\n\t<meta name=\"twitter:data1\" content=\"2 minuti\" \/>\n<script type=\"application\/ld+json\" class=\"yoast-schema-graph\">{\"@context\":\"https:\\\/\\\/schema.org\",\"@graph\":[{\"@type\":\"WebPage\",\"@id\":\"https:\\\/\\\/cercalavoro.net\\\/?product=corsi-rspp-rischio-alto48-ore\",\"url\":\"https:\\\/\\\/cercalavoro.net\\\/?product=corsi-rspp-rischio-alto48-ore\",\"name\":\"CORSI RSPP (RISCHIO ALTO)48 ORE - Lavoro, Sicurezza, Consulenze e Formazione Sicur Work Engineering\",\"isPartOf\":{\"@id\":\"https:\\\/\\\/cercalavoro.net\\\/#website\"},\"primaryImageOfPage\":{\"@id\":\"https:\\\/\\\/cercalavoro.net\\\/?product=corsi-rspp-rischio-alto48-ore#primaryimage\"},\"image\":{\"@id\":\"https:\\\/\\\/cercalavoro.net\\\/?product=corsi-rspp-rischio-alto48-ore#primaryimage\"},\"thumbnailUrl\":\"https:\\\/\\\/cercalavoro.net\\\/wp-content\\\/uploads\\\/2020\\\/10\\\/20180103_174801-150x147-2.jpg\",\"datePublished\":\"2021-01-15T13:23:51+00:00\",\"dateModified\":\"2021-01-16T00:16:08+00:00\",\"breadcrumb\":{\"@id\":\"https:\\\/\\\/cercalavoro.net\\\/?product=corsi-rspp-rischio-alto48-ore#breadcrumb\"},\"inLanguage\":\"it-IT\",\"potentialAction\":[{\"@type\":\"ReadAction\",\"target\":[\"https:\\\/\\\/cercalavoro.net\\\/?product=corsi-rspp-rischio-alto48-ore\"]}]},{\"@type\":\"ImageObject\",\"inLanguage\":\"it-IT\",\"@id\":\"https:\\\/\\\/cercalavoro.net\\\/?product=corsi-rspp-rischio-alto48-ore#primaryimage\",\"url\":\"https:\\\/\\\/cercalavoro.net\\\/wp-content\\\/uploads\\\/2020\\\/10\\\/20180103_174801-150x147-2.jpg\",\"contentUrl\":\"https:\\\/\\\/cercalavoro.net\\\/wp-content\\\/uploads\\\/2020\\\/10\\\/20180103_174801-150x147-2.jpg\",\"width\":150,\"height\":147},{\"@type\":\"BreadcrumbList\",\"@id\":\"https:\\\/\\\/cercalavoro.net\\\/?product=corsi-rspp-rischio-alto48-ore#breadcrumb\",\"itemListElement\":[{\"@type\":\"ListItem\",\"position\":1,\"name\":\"Home\",\"item\":\"https:\\\/\\\/cercalavoro.net\\\/\"},{\"@type\":\"ListItem\",\"position\":2,\"name\":\"Shop\",\"item\":\"https:\\\/\\\/cercalavoro.net\\\/?page_id=283\"},{\"@type\":\"ListItem\",\"position\":3,\"name\":\"CORSI RSPP (RISCHIO ALTO)48 ORE\"}]},{\"@type\":\"WebSite\",\"@id\":\"https:\\\/\\\/cercalavoro.net\\\/#website\",\"url\":\"https:\\\/\\\/cercalavoro.net\\\/\",\"name\":\"Lavoro, Sicurezza, Consulenze e Formazione Sicur Work Engineering\",\"description\":\"Sicurezza e Formazione. Garantire il successo in un mondo in continua evoluzione.\",\"potentialAction\":[{\"@type\":\"SearchAction\",\"target\":{\"@type\":\"EntryPoint\",\"urlTemplate\":\"https:\\\/\\\/cercalavoro.net\\\/?s={search_term_string}\"},\"query-input\":{\"@type\":\"PropertyValueSpecification\",\"valueRequired\":true,\"valueName\":\"search_term_string\"}}],\"inLanguage\":\"it-IT\"}]}<\/script>\n<!-- \/ Yoast SEO plugin. -->","yoast_head_json":{"title":"CORSI RSPP (RISCHIO ALTO)48 ORE - Lavoro, Sicurezza, Consulenze e Formazione Sicur Work Engineering","robots":{"index":"index","follow":"follow","max-snippet":"max-snippet:-1","max-image-preview":"max-image-preview:large","max-video-preview":"max-video-preview:-1"},"canonical":"https:\/\/cercalavoro.net\/?product=corsi-rspp-rischio-alto48-ore","og_locale":"it_IT","og_type":"article","og_title":"CORSI RSPP (RISCHIO ALTO)48 ORE - Lavoro, Sicurezza, Consulenze e Formazione Sicur Work Engineering","og_description":"CORSI RSPP (RISCHIO ALTO)48 ORE","og_url":"https:\/\/cercalavoro.net\/?product=corsi-rspp-rischio-alto48-ore","og_site_name":"Lavoro, Sicurezza, Consulenze e Formazione Sicur Work Engineering","article_modified_time":"2021-01-16T00:16:08+00:00","og_image":[{"width":150,"height":147,"url":"https:\/\/cercalavoro.net\/wp-content\/uploads\/2020\/10\/20180103_174801-150x147-2.jpg","type":"image\/jpeg"}],"twitter_card":"summary_large_image","twitter_misc":{"Tempo di lettura stimato":"2 minuti"},"schema":{"@context":"https:\/\/schema.org","@graph":[{"@type":"WebPage","@id":"https:\/\/cercalavoro.net\/?product=corsi-rspp-rischio-alto48-ore","url":"https:\/\/cercalavoro.net\/?product=corsi-rspp-rischio-alto48-ore","name":"CORSI RSPP (RISCHIO ALTO)48 ORE - Lavoro, Sicurezza, Consulenze e Formazione Sicur Work Engineering","isPartOf":{"@id":"https:\/\/cercalavoro.net\/#website"},"primaryImageOfPage":{"@id":"https:\/\/cercalavoro.net\/?product=corsi-rspp-rischio-alto48-ore#primaryimage"},"image":{"@id":"https:\/\/cercalavoro.net\/?product=corsi-rspp-rischio-alto48-ore#primaryimage"},"thumbnailUrl":"https:\/\/cercalavoro.net\/wp-content\/uploads\/2020\/10\/20180103_174801-150x147-2.jpg","datePublished":"2021-01-15T13:23:51+00:00","dateModified":"2021-01-16T00:16:08+00:00","breadcrumb":{"@id":"https:\/\/cercalavoro.net\/?product=corsi-rspp-rischio-alto48-ore#breadcrumb"},"inLanguage":"it-IT","potentialAction":[{"@type":"ReadAction","target":["https:\/\/cercalavoro.net\/?product=corsi-rspp-rischio-alto48-ore"]}]},{"@type":"ImageObject","inLanguage":"it-IT","@id":"https:\/\/cercalavoro.net\/?product=corsi-rspp-rischio-alto48-ore#primaryimage","url":"https:\/\/cercalavoro.net\/wp-content\/uploads\/2020\/10\/20180103_174801-150x147-2.jpg","contentUrl":"https:\/\/cercalavoro.net\/wp-content\/uploads\/2020\/10\/20180103_174801-150x147-2.jpg","width":150,"height":147},{"@type":"BreadcrumbList","@id":"https:\/\/cercalavoro.net\/?product=corsi-rspp-rischio-alto48-ore#breadcrumb","itemListElement":[{"@type":"ListItem","position":1,"name":"Home","item":"https:\/\/cercalavoro.net\/"},{"@type":"ListItem","position":2,"name":"Shop","item":"https:\/\/cercalavoro.net\/?page_id=283"},{"@type":"ListItem","position":3,"name":"CORSI RSPP (RISCHIO ALTO)48 ORE"}]},{"@type":"WebSite","@id":"https:\/\/cercalavoro.net\/#website","url":"https:\/\/cercalavoro.net\/","name":"Lavoro, Sicurezza, Consulenze e Formazione Sicur Work Engineering","description":"Sicurezza e Formazione. Garantire il successo in un mondo in continua evoluzione.","potentialAction":[{"@type":"SearchAction","target":{"@type":"EntryPoint","urlTemplate":"https:\/\/cercalavoro.net\/?s={search_term_string}"},"query-input":{"@type":"PropertyValueSpecification","valueRequired":true,"valueName":"search_term_string"}}],"inLanguage":"it-IT"}]}},"jetpack_sharing_enabled":true,"_links":{"self":[{"href":"https:\/\/cercalavoro.net\/index.php?rest_route=\/wp\/v2\/product\/3699","targetHints":{"allow":["GET"]}}],"collection":[{"href":"https:\/\/cercalavoro.net\/index.php?rest_route=\/wp\/v2\/product"}],"about":[{"href":"https:\/\/cercalavoro.net\/index.php?rest_route=\/wp\/v2\/types\/product"}],"replies":[{"embeddable":true,"href":"https:\/\/cercalavoro.net\/index.php?rest_route=%2Fwp%2Fv2%2Fcomments&post=3699"}],"wp:featuredmedia":[{"embeddable":true,"href":"https:\/\/cercalavoro.net\/index.php?rest_route=\/wp\/v2\/media\/3131"}],"wp:attachment":[{"href":"https:\/\/cercalavoro.net\/index.php?rest_route=%2Fwp%2Fv2%2Fmedia&parent=3699"}],"wp:term":[{"taxonomy":"product_brand","embeddable":true,"href":"https:\/\/cercalavoro.net\/index.php?rest_route=%2Fwp%2Fv2%2Fproduct_brand&post=3699"},{"taxonomy":"product_cat","embeddable":true,"href":"https:\/\/cercalavoro.net\/index.php?rest_route=%2Fwp%2Fv2%2Fproduct_cat&post=3699"},{"taxonomy":"product_tag","embeddable":true,"href":"https:\/\/cercalavoro.net\/index.php?rest_route=%2Fwp%2Fv2%2Fproduct_tag&post=3699"}],"curies":[{"name":"wp","href":"https:\/\/api.w.org\/{rel}","templated":true}]}}