{"id":3714,"date":"2021-01-16T02:26:36","date_gmt":"2021-01-16T01:26:36","guid":{"rendered":"http:\/\/cercalavoro.net\/?post_type=product&#038;p=3714"},"modified":"2021-01-16T02:29:37","modified_gmt":"2021-01-16T01:29:37","slug":"corso-aggiornamento-rspp-in-aula","status":"publish","type":"product","link":"https:\/\/cercalavoro.net\/?product=corso-aggiornamento-rspp-in-aula","title":{"rendered":"CORSO AGGIORNAMENTO RSPP IN AULA 10 ORE"},"content":{"rendered":"<h1>PRESENTAZIONE<\/h1>\n<div class=\"testo\">\n<p><strong>Corso R.S.P.P. &#8211; Aggiornamento &#8211; Rischio MEDIO<\/strong>\u00a0<strong>&#8211; 10 ore<\/strong><\/p>\n<p>&nbsp;<\/p>\n<p>L&#8217;aggiornamento che ha periodicit\u00e0 quinquennale,\u00a0 ha durata, modulata\u00a0 in\u00a0 relazione\u00a0 ai\u00a0 tre\u00a0 livelli\u00a0 di\u00a0 rischio\u00a0 sopra individuati, individuata come segue:<\/p>\n<p>&nbsp;<\/p>\n<table border=\"0\" cellpadding=\"0\">\n<tbody>\n<tr>\n<td>BASSO<\/td>\n<td>6 ore<\/td>\n<\/tr>\n<tr>\n<td><strong>MEDIO<\/strong><\/td>\n<td><strong>10 ore<\/strong><\/td>\n<\/tr>\n<tr>\n<td>ALTO<\/td>\n<td>14 ore<\/td>\n<\/tr>\n<\/tbody>\n<\/table>\n<p>&nbsp;<\/p>\n<p>L&#8217;obbligo\u00a0 di\u00a0 aggiornamento\u00a0\u00a0 va\u00a0\u00a0 preferibilmente\u00a0\u00a0 distribuito nell&#8217;arco temporale di riferimento e si applica anche\u00a0 a\u00a0 coloro\u00a0 che abbiano frequentato\u00a0 i\u00a0 corsi\u00a0 di\u00a0 cui\u00a0 all&#8217;articolo\u00a0 3\u00a0 del\u00a0 decreto ministeriale 16 gennaio 1997\u00a0 (di\u00a0 seguito\u00a0 decreto\u00a0 ministeriale\u00a0 16 gennaio 1997) e agli esonerati dalla frequenza dei\u00a0 corsi,\u00a0 ai\u00a0 sensi dell&#8217;art. 95 del D.Lgs. 19 settembre 1994, n. 626.<\/p>\n<p>Nei corsi\u00a0 di\u00a0 aggiornamento\u00a0 quinquennale\u00a0 non\u00a0 dovranno\u00a0 essere meramente riprodotti argomenti e contenuti gia&#8217;\u00a0 proposti\u00a0 nei\u00a0 corsi base, ma si dovranno trattare significative evoluzioni e innovazioni, applicazioni pratiche e\/o approfondimenti nei seguenti ambiti:<\/p>\n<p>&nbsp;<\/p>\n<ul>\n<li>approfondimenti tecnico-organizzativi e giuridico-normativi;<\/li>\n<li>sistemi di gestione e processi organizzativi;<\/li>\n<li>fonti di rischio, compresi i rischi di tipo ergonomico;<\/li>\n<li>tecniche di comunicazione, volte all&#8217;informazione e\u00a0 formazione dei lavoratori in tema di promozione della salute e\u00a0 della\u00a0 sicurezza nei luoghi di lavoro.<\/li>\n<\/ul>\n<p>&nbsp;<\/p>\n<p>Al\u00a0 fine\u00a0 di\u00a0\u00a0 rendere\u00a0\u00a0 dinamica\u00a0\u00a0 e\u00a0\u00a0 adeguata\u00a0\u00a0 all&#8217;evoluzione dell&#8217;esperienza\u00a0\u00a0\u00a0 e\u00a0\u00a0\u00a0 della\u00a0\u00a0\u00a0\u00a0 tecnica\u00a0\u00a0\u00a0\u00a0 l&#8217;offerta\u00a0\u00a0\u00a0\u00a0 formativa dell&#8217;aggiornamento sono riportate\u00a0 di\u00a0 seguito\u00a0 alcune\u00a0 proposte\u00a0 per garantire qualit\u00e0 ed effettivit\u00e0 delle attivit\u00e0 svolte:<\/p>\n<p>&nbsp;<\/p>\n<ul>\n<li>utilizzo della modalita&#8217; di apprendimento e-Learning;<\/li>\n<li>possibilita&#8217; da parte delle\u00a0 Regioni\u00a0 e\u00a0 Province\u00a0 autonome\u00a0 di riconoscere singoli percorsi formativi d&#8217;aggiornamento, connotati\u00a0 da un alto grado di specializzazione tecnica ed organizzati da\u00a0 soggetti diversi da quelli previsti dall&#8217;Accordo.<\/li>\n<\/ul>\n<\/div>\n","protected":false},"excerpt":{"rendered":"<p>CORSO AGGIORNAMENTO RSPP IN AULA 10 ORE<\/p>\n","protected":false},"featured_media":3652,"comment_status":"closed","ping_status":"closed","template":"","meta":[],"product_brand":[],"product_cat":[58],"product_tag":[],"class_list":{"0":"post-3714","1":"product","2":"type-product","3":"status-publish","4":"has-post-thumbnail","6":"product_cat-corsi-sicurezza-in-aula","8":"first","9":"instock","10":"sale","11":"taxable","12":"shipping-taxable","13":"purchasable","14":"product-type-simple"},"yoast_head":"<!-- This site is optimized with the Yoast SEO plugin v27.4 - https:\/\/yoast.com\/product\/yoast-seo-wordpress\/ -->\n<title>CORSO AGGIORNAMENTO RSPP IN AULA 10 ORE - Lavoro, Sicurezza, Consulenze e Formazione Sicur Work Engineering<\/title>\n<meta name=\"robots\" content=\"index, follow, max-snippet:-1, max-image-preview:large, max-video-preview:-1\" \/>\n<link rel=\"canonical\" href=\"https:\/\/cercalavoro.net\/?product=corso-aggiornamento-rspp-in-aula\" \/>\n<meta property=\"og:locale\" content=\"it_IT\" \/>\n<meta property=\"og:type\" content=\"article\" \/>\n<meta property=\"og:title\" content=\"CORSO AGGIORNAMENTO RSPP IN AULA 10 ORE - Lavoro, Sicurezza, Consulenze e Formazione Sicur Work Engineering\" \/>\n<meta property=\"og:description\" content=\"CORSO AGGIORNAMENTO RSPP IN AULA 10 ORE\" \/>\n<meta property=\"og:url\" content=\"https:\/\/cercalavoro.net\/?product=corso-aggiornamento-rspp-in-aula\" \/>\n<meta property=\"og:site_name\" content=\"Lavoro, Sicurezza, Consulenze e Formazione Sicur Work Engineering\" \/>\n<meta property=\"article:modified_time\" content=\"2021-01-16T01:29:37+00:00\" \/>\n<meta property=\"og:image\" content=\"https:\/\/cercalavoro.net\/wp-content\/uploads\/2020\/12\/10-F-Gas-360.jpg\" \/>\n\t<meta property=\"og:image:width\" content=\"360\" \/>\n\t<meta property=\"og:image:height\" content=\"240\" \/>\n\t<meta property=\"og:image:type\" content=\"image\/jpeg\" \/>\n<meta name=\"twitter:card\" content=\"summary_large_image\" \/>\n<meta name=\"twitter:label1\" content=\"Tempo di lettura stimato\" \/>\n\t<meta name=\"twitter:data1\" content=\"1 minuto\" \/>\n<script type=\"application\/ld+json\" class=\"yoast-schema-graph\">{\"@context\":\"https:\\\/\\\/schema.org\",\"@graph\":[{\"@type\":\"WebPage\",\"@id\":\"https:\\\/\\\/cercalavoro.net\\\/?product=corso-aggiornamento-rspp-in-aula\",\"url\":\"https:\\\/\\\/cercalavoro.net\\\/?product=corso-aggiornamento-rspp-in-aula\",\"name\":\"CORSO AGGIORNAMENTO RSPP IN AULA 10 ORE - Lavoro, Sicurezza, Consulenze e Formazione Sicur Work Engineering\",\"isPartOf\":{\"@id\":\"https:\\\/\\\/cercalavoro.net\\\/#website\"},\"primaryImageOfPage\":{\"@id\":\"https:\\\/\\\/cercalavoro.net\\\/?product=corso-aggiornamento-rspp-in-aula#primaryimage\"},\"image\":{\"@id\":\"https:\\\/\\\/cercalavoro.net\\\/?product=corso-aggiornamento-rspp-in-aula#primaryimage\"},\"thumbnailUrl\":\"https:\\\/\\\/cercalavoro.net\\\/wp-content\\\/uploads\\\/2020\\\/12\\\/10-F-Gas-360.jpg\",\"datePublished\":\"2021-01-16T01:26:36+00:00\",\"dateModified\":\"2021-01-16T01:29:37+00:00\",\"breadcrumb\":{\"@id\":\"https:\\\/\\\/cercalavoro.net\\\/?product=corso-aggiornamento-rspp-in-aula#breadcrumb\"},\"inLanguage\":\"it-IT\",\"potentialAction\":[{\"@type\":\"ReadAction\",\"target\":[\"https:\\\/\\\/cercalavoro.net\\\/?product=corso-aggiornamento-rspp-in-aula\"]}]},{\"@type\":\"ImageObject\",\"inLanguage\":\"it-IT\",\"@id\":\"https:\\\/\\\/cercalavoro.net\\\/?product=corso-aggiornamento-rspp-in-aula#primaryimage\",\"url\":\"https:\\\/\\\/cercalavoro.net\\\/wp-content\\\/uploads\\\/2020\\\/12\\\/10-F-Gas-360.jpg\",\"contentUrl\":\"https:\\\/\\\/cercalavoro.net\\\/wp-content\\\/uploads\\\/2020\\\/12\\\/10-F-Gas-360.jpg\",\"width\":360,\"height\":240},{\"@type\":\"BreadcrumbList\",\"@id\":\"https:\\\/\\\/cercalavoro.net\\\/?product=corso-aggiornamento-rspp-in-aula#breadcrumb\",\"itemListElement\":[{\"@type\":\"ListItem\",\"position\":1,\"name\":\"Home\",\"item\":\"https:\\\/\\\/cercalavoro.net\\\/\"},{\"@type\":\"ListItem\",\"position\":2,\"name\":\"Shop\",\"item\":\"https:\\\/\\\/cercalavoro.net\\\/?page_id=283\"},{\"@type\":\"ListItem\",\"position\":3,\"name\":\"CORSO AGGIORNAMENTO RSPP IN AULA 10 ORE\"}]},{\"@type\":\"WebSite\",\"@id\":\"https:\\\/\\\/cercalavoro.net\\\/#website\",\"url\":\"https:\\\/\\\/cercalavoro.net\\\/\",\"name\":\"Lavoro, Sicurezza, Consulenze e Formazione Sicur Work Engineering\",\"description\":\"Sicurezza e Formazione. Garantire il successo in un mondo in continua evoluzione.\",\"potentialAction\":[{\"@type\":\"SearchAction\",\"target\":{\"@type\":\"EntryPoint\",\"urlTemplate\":\"https:\\\/\\\/cercalavoro.net\\\/?s={search_term_string}\"},\"query-input\":{\"@type\":\"PropertyValueSpecification\",\"valueRequired\":true,\"valueName\":\"search_term_string\"}}],\"inLanguage\":\"it-IT\"}]}<\/script>\n<!-- \/ Yoast SEO plugin. -->","yoast_head_json":{"title":"CORSO AGGIORNAMENTO RSPP IN AULA 10 ORE - Lavoro, Sicurezza, Consulenze e Formazione Sicur Work Engineering","robots":{"index":"index","follow":"follow","max-snippet":"max-snippet:-1","max-image-preview":"max-image-preview:large","max-video-preview":"max-video-preview:-1"},"canonical":"https:\/\/cercalavoro.net\/?product=corso-aggiornamento-rspp-in-aula","og_locale":"it_IT","og_type":"article","og_title":"CORSO AGGIORNAMENTO RSPP IN AULA 10 ORE - Lavoro, Sicurezza, Consulenze e Formazione Sicur Work Engineering","og_description":"CORSO AGGIORNAMENTO RSPP IN AULA 10 ORE","og_url":"https:\/\/cercalavoro.net\/?product=corso-aggiornamento-rspp-in-aula","og_site_name":"Lavoro, Sicurezza, Consulenze e Formazione Sicur Work Engineering","article_modified_time":"2021-01-16T01:29:37+00:00","og_image":[{"width":360,"height":240,"url":"https:\/\/cercalavoro.net\/wp-content\/uploads\/2020\/12\/10-F-Gas-360.jpg","type":"image\/jpeg"}],"twitter_card":"summary_large_image","twitter_misc":{"Tempo di lettura stimato":"1 minuto"},"schema":{"@context":"https:\/\/schema.org","@graph":[{"@type":"WebPage","@id":"https:\/\/cercalavoro.net\/?product=corso-aggiornamento-rspp-in-aula","url":"https:\/\/cercalavoro.net\/?product=corso-aggiornamento-rspp-in-aula","name":"CORSO AGGIORNAMENTO RSPP IN AULA 10 ORE - Lavoro, Sicurezza, Consulenze e Formazione Sicur Work Engineering","isPartOf":{"@id":"https:\/\/cercalavoro.net\/#website"},"primaryImageOfPage":{"@id":"https:\/\/cercalavoro.net\/?product=corso-aggiornamento-rspp-in-aula#primaryimage"},"image":{"@id":"https:\/\/cercalavoro.net\/?product=corso-aggiornamento-rspp-in-aula#primaryimage"},"thumbnailUrl":"https:\/\/cercalavoro.net\/wp-content\/uploads\/2020\/12\/10-F-Gas-360.jpg","datePublished":"2021-01-16T01:26:36+00:00","dateModified":"2021-01-16T01:29:37+00:00","breadcrumb":{"@id":"https:\/\/cercalavoro.net\/?product=corso-aggiornamento-rspp-in-aula#breadcrumb"},"inLanguage":"it-IT","potentialAction":[{"@type":"ReadAction","target":["https:\/\/cercalavoro.net\/?product=corso-aggiornamento-rspp-in-aula"]}]},{"@type":"ImageObject","inLanguage":"it-IT","@id":"https:\/\/cercalavoro.net\/?product=corso-aggiornamento-rspp-in-aula#primaryimage","url":"https:\/\/cercalavoro.net\/wp-content\/uploads\/2020\/12\/10-F-Gas-360.jpg","contentUrl":"https:\/\/cercalavoro.net\/wp-content\/uploads\/2020\/12\/10-F-Gas-360.jpg","width":360,"height":240},{"@type":"BreadcrumbList","@id":"https:\/\/cercalavoro.net\/?product=corso-aggiornamento-rspp-in-aula#breadcrumb","itemListElement":[{"@type":"ListItem","position":1,"name":"Home","item":"https:\/\/cercalavoro.net\/"},{"@type":"ListItem","position":2,"name":"Shop","item":"https:\/\/cercalavoro.net\/?page_id=283"},{"@type":"ListItem","position":3,"name":"CORSO AGGIORNAMENTO RSPP IN AULA 10 ORE"}]},{"@type":"WebSite","@id":"https:\/\/cercalavoro.net\/#website","url":"https:\/\/cercalavoro.net\/","name":"Lavoro, Sicurezza, Consulenze e Formazione Sicur Work Engineering","description":"Sicurezza e Formazione. Garantire il successo in un mondo in continua evoluzione.","potentialAction":[{"@type":"SearchAction","target":{"@type":"EntryPoint","urlTemplate":"https:\/\/cercalavoro.net\/?s={search_term_string}"},"query-input":{"@type":"PropertyValueSpecification","valueRequired":true,"valueName":"search_term_string"}}],"inLanguage":"it-IT"}]}},"jetpack_sharing_enabled":true,"_links":{"self":[{"href":"https:\/\/cercalavoro.net\/index.php?rest_route=\/wp\/v2\/product\/3714","targetHints":{"allow":["GET"]}}],"collection":[{"href":"https:\/\/cercalavoro.net\/index.php?rest_route=\/wp\/v2\/product"}],"about":[{"href":"https:\/\/cercalavoro.net\/index.php?rest_route=\/wp\/v2\/types\/product"}],"replies":[{"embeddable":true,"href":"https:\/\/cercalavoro.net\/index.php?rest_route=%2Fwp%2Fv2%2Fcomments&post=3714"}],"wp:featuredmedia":[{"embeddable":true,"href":"https:\/\/cercalavoro.net\/index.php?rest_route=\/wp\/v2\/media\/3652"}],"wp:attachment":[{"href":"https:\/\/cercalavoro.net\/index.php?rest_route=%2Fwp%2Fv2%2Fmedia&parent=3714"}],"wp:term":[{"taxonomy":"product_brand","embeddable":true,"href":"https:\/\/cercalavoro.net\/index.php?rest_route=%2Fwp%2Fv2%2Fproduct_brand&post=3714"},{"taxonomy":"product_cat","embeddable":true,"href":"https:\/\/cercalavoro.net\/index.php?rest_route=%2Fwp%2Fv2%2Fproduct_cat&post=3714"},{"taxonomy":"product_tag","embeddable":true,"href":"https:\/\/cercalavoro.net\/index.php?rest_route=%2Fwp%2Fv2%2Fproduct_tag&post=3714"}],"curies":[{"name":"wp","href":"https:\/\/api.w.org\/{rel}","templated":true}]}}